 {"id":21058,"date":"2025-09-29T10:35:52","date_gmt":"2025-09-29T08:35:52","guid":{"rendered":"https:\/\/maxima-studios.com\/produit\/aputure-light-dome-mini-iii\/"},"modified":"2026-04-13T20:29:35","modified_gmt":"2026-04-13T18:29:35","slug":"aputure-light-dome-mini-iii","status":"publish","type":"product","link":"https:\/\/maxima-studios.com\/en\/product\/aputure-light-dome-mini-iii\/","title":{"rendered":"APUTURE LIGHT DOME MINI III"},"content":{"rendered":"<p>Le Light Dome\u00a0III (58 cm) de chez Aputure est une softbox professionnelle en monture Bowens, con\u00e7ue pour \u00eatre utilis\u00e9e avec des sources de lumi\u00e8re continues. Gr\u00e2ce \u00e0 sa structure revisit\u00e9e et ses mat\u00e9riaux de haute qualit\u00e9, il permet d\u2019obtenir une lumi\u00e8re douce, homog\u00e8ne et directionnelle id\u00e9ale pour les portraits, les interviews, les sc\u00e8nes de produits, et bien plus encore.<\/p>\n<p>\u00a0<\/p>\n<p>Le Light Dome III est avec deux diffuseurs (interne et externe) pour une diffusion modulable de la lumi\u00e8re, ainsi qu\u2019un grid (nid d\u2019abeille) amovible permettant de mieux contr\u00f4ler la direction de la lumi\u00e8re et limiter les fuites lumineuses. Sa compatibilit\u00e9 Bowens le rend parfaitement adapt\u00e9 aux projecteurs LED de la gamme Aputure, notamment les mod\u00e8les COB 60, 120, 300 et 600.<\/p>","protected":false},"excerpt":{"rendered":"<p>Softbox<\/p>\n<p>Diam\u00e8tre: 58cm<\/p>\n<p>Monture Bowens<\/p>","protected":false},"featured_media":21073,"template":"","meta":[],"product_cat":[308],"product_tag":[],"class_list":{"0":"post-21058","1":"product","2":"type-product","3":"status-publish","4":"has-post-thumbnail","6":"product_cat-monture-bowen","8":"first","9":"instock","10":"taxable","11":"shipping-taxable","12":"purchasable","13":"product-type-rentable"},"_links":{"self":[{"href":"https:\/\/maxima-studios.com\/en\/wp-json\/wp\/v2\/product\/21058","targetHints":{"allow":["GET"]}}],"collection":[{"href":"https:\/\/maxima-studios.com\/en\/wp-json\/wp\/v2\/product"}],"about":[{"href":"https:\/\/maxima-studios.com\/en\/wp-json\/wp\/v2\/types\/product"}],"wp:featuredmedia":[{"embeddable":true,"href":"https:\/\/maxima-studios.com\/en\/wp-json\/wp\/v2\/media\/21073"}],"wp:attachment":[{"href":"https:\/\/maxima-studios.com\/en\/wp-json\/wp\/v2\/media?parent=21058"}],"wp:term":[{"taxonomy":"product_cat","embeddable":true,"href":"https:\/\/maxima-studios.com\/en\/wp-json\/wp\/v2\/product_cat?post=21058"},{"taxonomy":"product_tag","embeddable":true,"href":"https:\/\/maxima-studios.com\/en\/wp-json\/wp\/v2\/product_tag?post=21058"}],"curies":[{"name":"wp","href":"https:\/\/api.w.org\/{rel}","templated":true}]}}