 {"id":20939,"date":"2025-09-22T11:09:43","date_gmt":"2025-09-22T09:09:43","guid":{"rendered":"https:\/\/maxima-studios.com\/produit\/km-barre-de-couple-stereo-2x-vis-adaptateur-pas-de-vis-kodak-vis-congres\/"},"modified":"2026-04-13T20:14:01","modified_gmt":"2026-04-13T18:14:01","slug":"km-barre-de-couple-stereo-2x-vis-adaptateur-pas-de-vis-kodak-vis-congres","status":"publish","type":"product","link":"https:\/\/maxima-studios.com\/en\/product\/km-barre-de-couple-stereo-2x-vis-adaptateur-pas-de-vis-kodak-vis-congres\/","title":{"rendered":"K&#038;M BARRE DE COUPLE ST\u00c9R\u00c9O + 2x VIS + ADAPTATEUR PAS DE VIS KODAK &#8211; VIS CONGR\u00c8S"},"content":{"rendered":"<p>Barre de couple permettant d\u2019utiliser 2 micros pour une utilisation st\u00e9r\u00e9o.<\/p>","protected":false},"excerpt":{"rendered":"<p>Barre de couple permettant d\u2019utiliser 2 micros pour une utilisation st\u00e9r\u00e9o.<\/p>","protected":false},"featured_media":22505,"template":"","meta":[],"product_cat":[141],"product_tag":[],"class_list":{"0":"post-20939","1":"product","2":"type-product","3":"status-publish","4":"has-post-thumbnail","6":"product_cat-accessoires-son","8":"first","9":"instock","10":"taxable","11":"shipping-taxable","12":"purchasable","13":"product-type-rentable"},"_links":{"self":[{"href":"https:\/\/maxima-studios.com\/en\/wp-json\/wp\/v2\/product\/20939","targetHints":{"allow":["GET"]}}],"collection":[{"href":"https:\/\/maxima-studios.com\/en\/wp-json\/wp\/v2\/product"}],"about":[{"href":"https:\/\/maxima-studios.com\/en\/wp-json\/wp\/v2\/types\/product"}],"wp:featuredmedia":[{"embeddable":true,"href":"https:\/\/maxima-studios.com\/en\/wp-json\/wp\/v2\/media\/22505"}],"wp:attachment":[{"href":"https:\/\/maxima-studios.com\/en\/wp-json\/wp\/v2\/media?parent=20939"}],"wp:term":[{"taxonomy":"product_cat","embeddable":true,"href":"https:\/\/maxima-studios.com\/en\/wp-json\/wp\/v2\/product_cat?post=20939"},{"taxonomy":"product_tag","embeddable":true,"href":"https:\/\/maxima-studios.com\/en\/wp-json\/wp\/v2\/product_tag?post=20939"}],"curies":[{"name":"wp","href":"https:\/\/api.w.org\/{rel}","templated":true}]}}