 {"id":20479,"date":"2025-08-12T10:19:04","date_gmt":"2025-08-12T08:19:04","guid":{"rendered":"https:\/\/maxima-studios.com\/produit\/dji-ronin-2\/"},"modified":"2026-04-13T20:34:20","modified_gmt":"2026-04-13T18:34:20","slug":"dji-ronin-2","status":"publish","type":"product","link":"https:\/\/maxima-studios.com\/en\/product\/dji-ronin-2\/","title":{"rendered":"DJI RONIN 2"},"content":{"rendered":"<p>Le DJI Ronin 2 est un syst\u00e8me de stabilisation professionnel con\u00e7u pour accueillir une large gamme de cam\u00e9ras, des bo\u00eetiers hybrides\/DSLR aux cam\u00e9ras cin\u00e9ma haut de gamme.\u00a0<\/p>\n<p>Avec une charge maximale de 13,6 kg et des moteurs jusqu&#8217;\u00e0 huit fois plus puissants que ceux des versions pr\u00e9c\u00e9dentes, le Ronin 2 peut travailler dans des conditions extr\u00eames. Il r\u00e9siste \u00e0 toutes sortes de secousses, aux vents violents et \u00e0 l&#8217;effet d\u2019inertie jusqu\u2019\u00e0 120 km\/h.\u00a0<\/p>\n<p>\u00a0<\/p>\n<p>Ce stabilisateur a \u00e9t\u00e9 pens\u00e9 pour \u00eatre utilis\u00e9 dans une grande vari\u00e9t\u00e9 de situations. Il peut \u00eatre port\u00e9 \u00e0 la main via son grip, coupl\u00e9 \u00e0 un Easyrig et m\u00eame \u00e0 un steadycam, ou peut encore \u00eatre install\u00e9 sur des v\u00e9hicules, des grues ou toute sorte de machinerie lourde afin de r\u00e9aliser des prises de vues spectaculaires.\u00a0<\/p>\n<p>\u00a0<\/p>\n<p>Les trois axes de la nacelle sont contr\u00f4lables \u00e0 distance via la radiocommande incluse qui int\u00e8gre un grand joystick pour des mouvements souples et pr\u00e9cis. Le lancement de l\u2019enregistrement est \u00e9galement possible \u00e0 condition que la cam\u00e9ra soit reli\u00e9e au Ronin 2 via le c\u00e2ble de contr\u00f4le.<\/p>\n<p>\u00a0<\/p>\n<p>Autre sp\u00e9cificit\u00e9 pratique, le syst\u00e8me de double batterie qui accro\u00eet l\u2019autonomie de la nacelle et permet d\u2019effectuer un remplacement des batteries bient\u00f4t \u00e9puis\u00e9es sans avoir \u00e0 \u00e9teindre l\u2019appareil.<\/p>\n<p>\u00a0<\/p>\n<p>Un \u00e9cran de 2,6\u201d est plac\u00e9 \u00e0 port\u00e9e de main pour permettre un acc\u00e8s rapide aux principaux r\u00e9glages du Ronin 2 (pause moteur, changement de mode, etc.)<\/p>\n<p>\u00a0<\/p>\n<p>Pour une utilisation \u00e0 la main, il est fortement recommand\u00e9 d\u2019utiliser l\u2019Easyrig, \u00e9galement disponible \u00e0 la location.<\/p>","protected":false},"excerpt":{"rendered":"<p>Nacelle stabilis\u00e9e 3 axes\u00a0<\/p>\n<p>Supporte : cam\u00e9ra cin\u00e9ma<\/p>\n<p>Poids support\u00e9 : 13,6 kg<\/p>\n<p>Poids : 6,3 Kg<\/p>","protected":false},"featured_media":20480,"template":"","meta":[],"product_cat":[364],"product_tag":[199,370],"class_list":{"0":"post-20479","1":"product","2":"type-product","3":"status-publish","4":"has-post-thumbnail","6":"product_cat-gimbal-stabilisateur","7":"product_tag-hybride-dslr","8":"product_tag-camera","10":"first","11":"instock","12":"taxable","13":"shipping-taxable","14":"purchasable","15":"product-type-rentable"},"_links":{"self":[{"href":"https:\/\/maxima-studios.com\/en\/wp-json\/wp\/v2\/product\/20479","targetHints":{"allow":["GET"]}}],"collection":[{"href":"https:\/\/maxima-studios.com\/en\/wp-json\/wp\/v2\/product"}],"about":[{"href":"https:\/\/maxima-studios.com\/en\/wp-json\/wp\/v2\/types\/product"}],"wp:featuredmedia":[{"embeddable":true,"href":"https:\/\/maxima-studios.com\/en\/wp-json\/wp\/v2\/media\/20480"}],"wp:attachment":[{"href":"https:\/\/maxima-studios.com\/en\/wp-json\/wp\/v2\/media?parent=20479"}],"wp:term":[{"taxonomy":"product_cat","embeddable":true,"href":"https:\/\/maxima-studios.com\/en\/wp-json\/wp\/v2\/product_cat?post=20479"},{"taxonomy":"product_tag","embeddable":true,"href":"https:\/\/maxima-studios.com\/en\/wp-json\/wp\/v2\/product_tag?post=20479"}],"curies":[{"name":"wp","href":"https:\/\/api.w.org\/{rel}","templated":true}]}}