 {"id":20478,"date":"2025-08-12T10:18:56","date_gmt":"2025-08-12T08:18:56","guid":{"rendered":"https:\/\/maxima-studios.com\/produit\/serie-6x-samyang-cine-mk-ii-ef\/"},"modified":"2026-04-13T20:30:11","modified_gmt":"2026-04-13T18:30:11","slug":"serie-6x-samyang-cine-mk-ii-ef","status":"publish","type":"product","link":"https:\/\/maxima-studios.com\/en\/product\/serie-6x-samyang-cine-mk-ii-ef\/","title":{"rendered":"S\u00c9RIE 6x SAMYANG CINE MK II EF"},"content":{"rendered":"<p>Cette s\u00e9rie Samyang VDSLR MkII inclut les focales les plus couramment utilis\u00e9es : 24, 35, 50, 85mm et inclut en tr\u00e8s grand angle un 14mm. Compacts et l\u00e9gers, ces objectifs cin\u00e9ma sont plaisants \u00e0 utiliser et offrent une exp\u00e9rience de tournage rapide et efficace. Le traitement multicouches des lentilles r\u00e9duit les flare et les aberrations chromatiques tandis que l\u2019ouverture \u00e0 T1,5 et la construction optique d\u00e9livrent une belle qualit\u00e9 d&#8217;image.<\/p>\n<p>\u00a0<\/p>\n<p>Les bagues de diaphragme et de mise au point sont crant\u00e9es pour une utilisation avec moteur follow focus, les rep\u00e8res grav\u00e9s sur le corps de l&#8217;objectif permettent quant \u00e0 eux un r\u00e9glage facile et pr\u00e9cis de l&#8217;ouverture, de la distance de mise au point et de la profondeur de champ.<\/p>\n<p>\u00a0<\/p>\n<p><strong>Points Forts :<\/strong><\/p>\n<p>\u00a0<\/p>\n<ul>\n<li>Compacit\u00e9 et l\u00e9g\u00e8ret\u00e9<\/li>\n<li>Grande ouverture de T1.5<\/li>\n<li>Traitement multicouche qui minimise les aberrations chromatiques et les flares<\/li>\n<\/ul>","protected":false},"excerpt":{"rendered":"<p>S\u00e9rie cin\u00e9 Samyang VDSLR MKII<\/p>\n<p>Monture : Canon EF<\/p>\n<p>Format : Full Frame<\/p>\n<p>Diam\u00e8tre de filtre : de 72 \u00e0 77cm<\/p>","protected":false},"featured_media":20671,"template":"","meta":[],"product_cat":[1386],"product_tag":[197,277,240,241,293,272],"class_list":{"0":"post-20478","1":"product","2":"type-product","3":"status-publish","4":"has-post-thumbnail","6":"product_cat-options","7":"product_tag-full-frame-24x36","8":"product_tag-fixe","9":"product_tag-mise-au-point-manuelle","10":"product_tag-non-stabilise","11":"product_tag-samyang","12":"product_tag-serie","14":"first","15":"instock","16":"taxable","17":"shipping-taxable","18":"purchasable","19":"product-type-rentable"},"_links":{"self":[{"href":"https:\/\/maxima-studios.com\/en\/wp-json\/wp\/v2\/product\/20478","targetHints":{"allow":["GET"]}}],"collection":[{"href":"https:\/\/maxima-studios.com\/en\/wp-json\/wp\/v2\/product"}],"about":[{"href":"https:\/\/maxima-studios.com\/en\/wp-json\/wp\/v2\/types\/product"}],"wp:featuredmedia":[{"embeddable":true,"href":"https:\/\/maxima-studios.com\/en\/wp-json\/wp\/v2\/media\/20671"}],"wp:attachment":[{"href":"https:\/\/maxima-studios.com\/en\/wp-json\/wp\/v2\/media?parent=20478"}],"wp:term":[{"taxonomy":"product_cat","embeddable":true,"href":"https:\/\/maxima-studios.com\/en\/wp-json\/wp\/v2\/product_cat?post=20478"},{"taxonomy":"product_tag","embeddable":true,"href":"https:\/\/maxima-studios.com\/en\/wp-json\/wp\/v2\/product_tag?post=20478"}],"curies":[{"name":"wp","href":"https:\/\/api.w.org\/{rel}","templated":true}]}}