 {"id":20476,"date":"2025-08-12T10:18:43","date_gmt":"2025-08-12T08:18:43","guid":{"rendered":"https:\/\/maxima-studios.com\/produit\/dji-ronin-s3-mini\/"},"modified":"2026-04-13T20:29:34","modified_gmt":"2026-04-13T18:29:34","slug":"dji-ronin-s3-mini","status":"publish","type":"product","link":"https:\/\/maxima-studios.com\/en\/product\/dji-ronin-s3-mini\/","title":{"rendered":"DJI RONIN S3 MINI"},"content":{"rendered":"<p>Le DJI RS 3 Mini est l\u00e9ger et compact. Con\u00e7u pour les vid\u00e9astes et cr\u00e9ateurs de contenu qui recherchent mobilit\u00e9 et performance, il p\u00e8se seulement 795 g (850 g en mode horizontal) et peut stabiliser une cam\u00e9ra jusqu\u2019\u00e0 2 kg.<\/p>\n<p>Il h\u00e9rite de l\u2019algorithme de stabilisation de 3\u1d49 g\u00e9n\u00e9ration du RS 3 Pro, assurant une excellente fluidit\u00e9 m\u00eame en zoom ou lors de mouvements rapides. Son design simplifi\u00e9 int\u00e8gre une prise de vue verticale native, id\u00e9ale pour les formats r\u00e9seaux sociaux.<\/p>\n<p>Le RS 3 Mini dispose d\u2019un \u00e9cran tactile couleur 1.4\u2033, d\u2019un bouton de mode rapide, d\u2019un port d\u2019extension NATO pour les accessoires, et d\u2019une molette avant pour g\u00e9rer la mise au point. Gr\u00e2ce \u00e0 son contr\u00f4le Bluetooth de l\u2019obturateur, il d\u00e9clenche la cam\u00e9ra sans c\u00e2ble, tout en conservant les fonctions intelligentes DJI comme le Timelapse, le Suivi et les Panoramas.<\/p>\n<p>La batterie int\u00e9gr\u00e9e offre jusqu\u2019\u00e0 10 heures d\u2019autonomie.<\/p>\n<p>\u00a0<\/p>\n<p><strong>Points forts<\/strong><\/p>\n<ul>\n<li>Poids support\u00e9 2 kg<\/li>\n<li>Format compact et l\u00e9ger<\/li>\n<li>Verrouillage automatique des axes<\/li>\n<li>\u00c9cran tactile de 1,4 \u201d<\/li>\n<\/ul>\n<p>\u00a0<\/p>\n<p>\u00a0<\/p>\n<p>\u00a0<\/p>\n<p>\u00a0<\/p>","protected":false},"excerpt":{"rendered":"<p>Poids support\u00e9 2 kg<br \/>Format compact et l\u00e9ger<br \/>Verrouillage automatique des axes<br \/>\u00c9cran tactile de 1,4 \u201d<\/p>","protected":false},"featured_media":20492,"template":"","meta":[],"product_cat":[364],"product_tag":[],"class_list":{"0":"post-20476","1":"product","2":"type-product","3":"status-publish","4":"has-post-thumbnail","6":"product_cat-gimbal-stabilisateur","8":"first","9":"instock","10":"taxable","11":"shipping-taxable","12":"purchasable","13":"product-type-rentable"},"_links":{"self":[{"href":"https:\/\/maxima-studios.com\/en\/wp-json\/wp\/v2\/product\/20476","targetHints":{"allow":["GET"]}}],"collection":[{"href":"https:\/\/maxima-studios.com\/en\/wp-json\/wp\/v2\/product"}],"about":[{"href":"https:\/\/maxima-studios.com\/en\/wp-json\/wp\/v2\/types\/product"}],"wp:featuredmedia":[{"embeddable":true,"href":"https:\/\/maxima-studios.com\/en\/wp-json\/wp\/v2\/media\/20492"}],"wp:attachment":[{"href":"https:\/\/maxima-studios.com\/en\/wp-json\/wp\/v2\/media?parent=20476"}],"wp:term":[{"taxonomy":"product_cat","embeddable":true,"href":"https:\/\/maxima-studios.com\/en\/wp-json\/wp\/v2\/product_cat?post=20476"},{"taxonomy":"product_tag","embeddable":true,"href":"https:\/\/maxima-studios.com\/en\/wp-json\/wp\/v2\/product_tag?post=20476"}],"curies":[{"name":"wp","href":"https:\/\/api.w.org\/{rel}","templated":true}]}}