 {"id":20475,"date":"2025-08-12T10:18:22","date_gmt":"2025-08-12T08:18:22","guid":{"rendered":"https:\/\/maxima-studios.com\/produit\/aputure-fresnel-cf12\/"},"modified":"2026-04-13T20:30:10","modified_gmt":"2026-04-13T18:30:10","slug":"aputure-fresnel-cf12","status":"publish","type":"product","link":"https:\/\/maxima-studios.com\/en\/product\/aputure-fresnel-cf12\/","title":{"rendered":"APUTURE FRESNEL CF12"},"content":{"rendered":"<p>L\u2019Aputure Fresnel CF12 est une lentille Fresnel grand format sp\u00e9cialement con\u00e7ue pour les projecteurs COB, permettant de concentrer la lumi\u00e8re et d\u2019augmenter consid\u00e9rablement l\u2019intensit\u00e9 du flux lumineux. Gr\u00e2ce \u00e0 son syst\u00e8me optique de haute pr\u00e9cision, elle offre un faisceau r\u00e9glable de 15\u00b0 (position spot) \u00e0 45\u00b0 (position flood), tout en r\u00e9duisant efficacement les fuites de lumi\u00e8re. La CF12 int\u00e8gre \u00e9galement un syst\u00e8me de ventilation optimis\u00e9 pour maintenir de bonnes performances thermiques.<\/p>\n<p>En monture Bowens, la Fresnel CF12 est compatible avec les mod\u00e8les Aputure COB 600C Pro, 600C Pro II et 1200X. Avec un COB 1200X, elle d\u00e9livre un \u00e9clairement de 84 400 lux \u00e0 3 m en position spot et 16 900 lux \u00e0 3 m en position flood (5600K).<\/p>","protected":false},"excerpt":{"rendered":"<p>Lentille Fresnel<\/p>\n<p>Monture: Bowens Prolock<\/p>\n<p>Compatible: COB 600C PRO \/ 1200X<\/p>","protected":false},"featured_media":20506,"template":"","meta":[],"product_cat":[254],"product_tag":[],"class_list":{"0":"post-20475","1":"product","2":"type-product","3":"status-publish","4":"has-post-thumbnail","6":"product_cat-fresnel-type","8":"first","9":"instock","10":"featured","11":"taxable","12":"shipping-taxable","13":"purchasable","14":"product-type-rentable"},"_links":{"self":[{"href":"https:\/\/maxima-studios.com\/en\/wp-json\/wp\/v2\/product\/20475","targetHints":{"allow":["GET"]}}],"collection":[{"href":"https:\/\/maxima-studios.com\/en\/wp-json\/wp\/v2\/product"}],"about":[{"href":"https:\/\/maxima-studios.com\/en\/wp-json\/wp\/v2\/types\/product"}],"wp:featuredmedia":[{"embeddable":true,"href":"https:\/\/maxima-studios.com\/en\/wp-json\/wp\/v2\/media\/20506"}],"wp:attachment":[{"href":"https:\/\/maxima-studios.com\/en\/wp-json\/wp\/v2\/media?parent=20475"}],"wp:term":[{"taxonomy":"product_cat","embeddable":true,"href":"https:\/\/maxima-studios.com\/en\/wp-json\/wp\/v2\/product_cat?post=20475"},{"taxonomy":"product_tag","embeddable":true,"href":"https:\/\/maxima-studios.com\/en\/wp-json\/wp\/v2\/product_tag?post=20475"}],"curies":[{"name":"wp","href":"https:\/\/api.w.org\/{rel}","templated":true}]}}