 {"id":20474,"date":"2025-08-12T10:18:08","date_gmt":"2025-08-12T08:18:08","guid":{"rendered":"https:\/\/maxima-studios.com\/produit\/rode-blimp-deadcat-brosse\/"},"modified":"2026-04-13T20:14:09","modified_gmt":"2026-04-13T18:14:09","slug":"rode-blimp-deadcat-brosse","status":"publish","type":"product","link":"https:\/\/maxima-studios.com\/en\/product\/rode-blimp-deadcat-brosse\/","title":{"rendered":"RODE BLIMP + DEADCAT + BROSSE"},"content":{"rendered":"<p>Le R\u00d8DE Blimp est une bonnette anti-vent \u00e9quip\u00e9e d\u2019une suspension Rycote int\u00e9gr\u00e9e permettant d\u2019isoler un micro canon des bruits de manipulation et des vibrations. <br \/>Son design l\u00e9ger facilite l\u2019utilisation \u00e0 la perche. <br \/>Le Deadcat, fourni avec le Blimp, est une bonnette en fourrure synth\u00e9tique con\u00e7ue pour r\u00e9duire l\u2019impact du vent lors des enregistrements en ext\u00e9rieur. Ensemble, ils assurent une captation sonore optimale dans des environnements exigeants.<\/p>","protected":false},"excerpt":{"rendered":"<ul>\n<li>R\u00e9duction du bruit<\/li>\n<li>Protection contre le vent<\/li>\n<li>Conception pratique<\/li>\n<\/ul>","protected":false},"featured_media":20591,"template":"","meta":[],"product_cat":[141],"product_tag":[],"class_list":{"0":"post-20474","1":"product","2":"type-product","3":"status-publish","4":"has-post-thumbnail","6":"product_cat-accessoires-son","8":"first","9":"instock","10":"taxable","11":"shipping-taxable","12":"purchasable","13":"product-type-rentable"},"_links":{"self":[{"href":"https:\/\/maxima-studios.com\/en\/wp-json\/wp\/v2\/product\/20474","targetHints":{"allow":["GET"]}}],"collection":[{"href":"https:\/\/maxima-studios.com\/en\/wp-json\/wp\/v2\/product"}],"about":[{"href":"https:\/\/maxima-studios.com\/en\/wp-json\/wp\/v2\/types\/product"}],"wp:featuredmedia":[{"embeddable":true,"href":"https:\/\/maxima-studios.com\/en\/wp-json\/wp\/v2\/media\/20591"}],"wp:attachment":[{"href":"https:\/\/maxima-studios.com\/en\/wp-json\/wp\/v2\/media?parent=20474"}],"wp:term":[{"taxonomy":"product_cat","embeddable":true,"href":"https:\/\/maxima-studios.com\/en\/wp-json\/wp\/v2\/product_cat?post=20474"},{"taxonomy":"product_tag","embeddable":true,"href":"https:\/\/maxima-studios.com\/en\/wp-json\/wp\/v2\/product_tag?post=20474"}],"curies":[{"name":"wp","href":"https:\/\/api.w.org\/{rel}","templated":true}]}}