 {"id":20241,"date":"2025-07-07T18:57:49","date_gmt":"2025-07-07T16:57:49","guid":{"rendered":"https:\/\/maxima-studios.com\/produit\/console-notepad-12-fx\/"},"modified":"2026-04-13T20:29:30","modified_gmt":"2026-04-13T18:29:30","slug":"soundcraft-console-de-mixage-notepad-12-fx","status":"publish","type":"product","link":"https:\/\/maxima-studios.com\/en\/product\/soundcraft-console-de-mixage-notepad-12-fx\/","title":{"rendered":"SOUNDCRAFT CONSOLE DE MIXAGE NOTEPAD 12 FX"},"content":{"rendered":"<p>La Notepad-12FX combine des composants analogiques de qualit\u00e9 professionnelle, ainsi qu\u2019une interface audio USB int\u00e9gr\u00e9e compatible avec diff\u00e9rents logiciels de montage et de mixage. Sa compacit\u00e9 convient parfaitement pour de la prise de son podcast.<\/p>\n<p>\u00a0<\/p>\n<p><strong>Points Forts :\u00a0<\/strong><\/p>\n<p>&#8211;\u00a0Compacit\u00e9<br \/>&#8211; Effets int\u00e9gr\u00e9s Lexicon<\/p>","protected":false},"excerpt":{"rendered":"<p>Table de Mixage Son<\/p>\n<p>Mod\u00e8le: Soundcraft Notepad 12 FX<\/p>\n<p>Entr\u00e9es : 4x XLR \/ jack<\/p>\n<p>Sorties : 2x XLR \/ Jack<\/p>\n<p>Connectiques : XLR \/ Jack 6.3mm<\/p>","protected":false},"featured_media":20293,"template":"","meta":[],"product_cat":[339],"product_tag":[1424,348],"class_list":{"0":"post-20241","1":"product","2":"type-product","3":"status-publish","4":"has-post-thumbnail","6":"product_cat-enregistreur-mixette","7":"product_tag-console-de-mixage","8":"product_tag-enregistreur-mixette","10":"first","11":"instock","12":"taxable","13":"shipping-taxable","14":"purchasable","15":"product-type-rentable"},"yoast_head":"<!-- This site is optimized with the Yoast SEO plugin v27.3 - https:\/\/yoast.com\/product\/yoast-seo-wordpress\/ -->\n<title>SOUNDCRAFT CONSOLE DE MIXAGE NOTEPAD 12 FX - Maximaloc<\/title>\n<meta name=\"robots\" content=\"index, follow, max-snippet:-1, max-image-preview:large, max-video-preview:-1\" \/>\n<link rel=\"canonical\" href=\"https:\/\/maxima-studios.com\/en\/product\/soundcraft-console-de-mixage-notepad-12-fx\/\" \/>\n<meta property=\"og:locale\" content=\"en_US\" \/>\n<meta property=\"og:type\" content=\"article\" \/>\n<meta property=\"og:title\" content=\"SOUNDCRAFT CONSOLE DE MIXAGE NOTEPAD 12 FX - Maximaloc\" \/>\n<meta property=\"og:description\" content=\"Table de Mixage Son Mod\u00e8le: Soundcraft Notepad 12 FX Entr\u00e9es : 4x XLR \/ jack Sorties : 2x XLR \/ Jack Connectiques : XLR \/ Jack 6.3mm\" \/>\n<meta property=\"og:url\" content=\"https:\/\/maxima-studios.com\/en\/product\/soundcraft-console-de-mixage-notepad-12-fx\/\" \/>\n<meta property=\"og:site_name\" content=\"Maximaloc\" \/>\n<meta property=\"article:publisher\" content=\"https:\/\/www.facebook.com\/Maximalocation\" \/>\n<meta property=\"article:modified_time\" content=\"2026-04-13T18:29:30+00:00\" \/>\n<meta property=\"og:image\" content=\"https:\/\/maxima-studios.com\/wp-content\/uploads\/2025\/07\/SOUNDCRAFT-NOTEPAD-12FX-2.png\" \/>\n\t<meta property=\"og:image:width\" content=\"1000\" \/>\n\t<meta property=\"og:image:height\" content=\"1000\" \/>\n\t<meta property=\"og:image:type\" content=\"image\/png\" \/>\n<meta name=\"twitter:card\" content=\"summary_large_image\" \/>\n<script type=\"application\/ld+json\" class=\"yoast-schema-graph\">{\"@context\":\"https:\\\/\\\/schema.org\",\"@graph\":[{\"@type\":\"WebPage\",\"@id\":\"https:\\\/\\\/maxima-studios.com\\\/produit\\\/soundcraft-console-de-mixage-notepad-12-fx\\\/\",\"url\":\"https:\\\/\\\/maxima-studios.com\\\/produit\\\/soundcraft-console-de-mixage-notepad-12-fx\\\/\",\"name\":\"SOUNDCRAFT CONSOLE DE MIXAGE NOTEPAD 12 FX - Maximaloc\",\"isPartOf\":{\"@id\":\"https:\\\/\\\/maxima-studios.com\\\/#website\"},\"primaryImageOfPage\":{\"@id\":\"https:\\\/\\\/maxima-studios.com\\\/produit\\\/soundcraft-console-de-mixage-notepad-12-fx\\\/#primaryimage\"},\"image\":{\"@id\":\"https:\\\/\\\/maxima-studios.com\\\/produit\\\/soundcraft-console-de-mixage-notepad-12-fx\\\/#primaryimage\"},\"thumbnailUrl\":\"https:\\\/\\\/maxima-studios.com\\\/wp-content\\\/uploads\\\/2025\\\/07\\\/SOUNDCRAFT-NOTEPAD-12FX-2.png\",\"datePublished\":\"2025-07-07T16:57:49+00:00\",\"dateModified\":\"2026-04-13T18:29:30+00:00\",\"breadcrumb\":{\"@id\":\"https:\\\/\\\/maxima-studios.com\\\/produit\\\/soundcraft-console-de-mixage-notepad-12-fx\\\/#breadcrumb\"},\"inLanguage\":\"en-US\",\"potentialAction\":[{\"@type\":\"ReadAction\",\"target\":[\"https:\\\/\\\/maxima-studios.com\\\/produit\\\/soundcraft-console-de-mixage-notepad-12-fx\\\/\"]}]},{\"@type\":\"ImageObject\",\"inLanguage\":\"en-US\",\"@id\":\"https:\\\/\\\/maxima-studios.com\\\/produit\\\/soundcraft-console-de-mixage-notepad-12-fx\\\/#primaryimage\",\"url\":\"https:\\\/\\\/maxima-studios.com\\\/wp-content\\\/uploads\\\/2025\\\/07\\\/SOUNDCRAFT-NOTEPAD-12FX-2.png\",\"contentUrl\":\"https:\\\/\\\/maxima-studios.com\\\/wp-content\\\/uploads\\\/2025\\\/07\\\/SOUNDCRAFT-NOTEPAD-12FX-2.png\",\"width\":1000,\"height\":1000},{\"@type\":\"BreadcrumbList\",\"@id\":\"https:\\\/\\\/maxima-studios.com\\\/produit\\\/soundcraft-console-de-mixage-notepad-12-fx\\\/#breadcrumb\",\"itemListElement\":[{\"@type\":\"ListItem\",\"position\":1,\"name\":\"Accueil\",\"item\":\"https:\\\/\\\/maxima-studios.com\\\/\"},{\"@type\":\"ListItem\",\"position\":2,\"name\":\"BOUTIQUE\",\"item\":\"https:\\\/\\\/maxima-studios.com\\\/boutique\\\/\"},{\"@type\":\"ListItem\",\"position\":3,\"name\":\"SOUNDCRAFT CONSOLE DE MIXAGE NOTEPAD 12 FX\"}]},{\"@type\":\"WebSite\",\"@id\":\"https:\\\/\\\/maxima-studios.com\\\/#website\",\"url\":\"https:\\\/\\\/maxima-studios.com\\\/\",\"name\":\"Maximaloc\",\"description\":\"\",\"publisher\":{\"@id\":\"https:\\\/\\\/maxima-studios.com\\\/#organization\"},\"potentialAction\":[{\"@type\":\"SearchAction\",\"target\":{\"@type\":\"EntryPoint\",\"urlTemplate\":\"https:\\\/\\\/maxima-studios.com\\\/?s={search_term_string}\"},\"query-input\":{\"@type\":\"PropertyValueSpecification\",\"valueRequired\":true,\"valueName\":\"search_term_string\"}}],\"inLanguage\":\"en-US\"},{\"@type\":\"Organization\",\"@id\":\"https:\\\/\\\/maxima-studios.com\\\/#organization\",\"name\":\"Maximaloc\",\"url\":\"https:\\\/\\\/maxima-studios.com\\\/\",\"logo\":{\"@type\":\"ImageObject\",\"inLanguage\":\"en-US\",\"@id\":\"https:\\\/\\\/maxima-studios.com\\\/#\\\/schema\\\/logo\\\/image\\\/\",\"url\":\"https:\\\/\\\/maxima-studios.com\\\/wp-content\\\/uploads\\\/2024\\\/03\\\/logo_noir-scaled.png\",\"contentUrl\":\"https:\\\/\\\/maxima-studios.com\\\/wp-content\\\/uploads\\\/2024\\\/03\\\/logo_noir-scaled.png\",\"width\":2560,\"height\":268,\"caption\":\"Maximaloc\"},\"image\":{\"@id\":\"https:\\\/\\\/maxima-studios.com\\\/#\\\/schema\\\/logo\\\/image\\\/\"},\"sameAs\":[\"https:\\\/\\\/www.facebook.com\\\/Maximalocation\"]}]}<\/script>\n<!-- \/ Yoast SEO plugin. -->","yoast_head_json":{"title":"SOUNDCRAFT CONSOLE DE MIXAGE NOTEPAD 12 FX - Maximaloc","robots":{"index":"index","follow":"follow","max-snippet":"max-snippet:-1","max-image-preview":"max-image-preview:large","max-video-preview":"max-video-preview:-1"},"canonical":"https:\/\/maxima-studios.com\/en\/product\/soundcraft-console-de-mixage-notepad-12-fx\/","og_locale":"en_US","og_type":"article","og_title":"SOUNDCRAFT CONSOLE DE MIXAGE NOTEPAD 12 FX - Maximaloc","og_description":"Table de Mixage Son Mod\u00e8le: Soundcraft Notepad 12 FX Entr\u00e9es : 4x XLR \/ jack Sorties : 2x XLR \/ Jack Connectiques : XLR \/ Jack 6.3mm","og_url":"https:\/\/maxima-studios.com\/en\/product\/soundcraft-console-de-mixage-notepad-12-fx\/","og_site_name":"Maximaloc","article_publisher":"https:\/\/www.facebook.com\/Maximalocation","article_modified_time":"2026-04-13T18:29:30+00:00","og_image":[{"width":1000,"height":1000,"url":"https:\/\/maxima-studios.com\/wp-content\/uploads\/2025\/07\/SOUNDCRAFT-NOTEPAD-12FX-2.png","type":"image\/png"}],"twitter_card":"summary_large_image","schema":{"@context":"https:\/\/schema.org","@graph":[{"@type":"WebPage","@id":"https:\/\/maxima-studios.com\/produit\/soundcraft-console-de-mixage-notepad-12-fx\/","url":"https:\/\/maxima-studios.com\/produit\/soundcraft-console-de-mixage-notepad-12-fx\/","name":"SOUNDCRAFT CONSOLE DE MIXAGE NOTEPAD 12 FX - Maximaloc","isPartOf":{"@id":"https:\/\/maxima-studios.com\/#website"},"primaryImageOfPage":{"@id":"https:\/\/maxima-studios.com\/produit\/soundcraft-console-de-mixage-notepad-12-fx\/#primaryimage"},"image":{"@id":"https:\/\/maxima-studios.com\/produit\/soundcraft-console-de-mixage-notepad-12-fx\/#primaryimage"},"thumbnailUrl":"https:\/\/maxima-studios.com\/wp-content\/uploads\/2025\/07\/SOUNDCRAFT-NOTEPAD-12FX-2.png","datePublished":"2025-07-07T16:57:49+00:00","dateModified":"2026-04-13T18:29:30+00:00","breadcrumb":{"@id":"https:\/\/maxima-studios.com\/produit\/soundcraft-console-de-mixage-notepad-12-fx\/#breadcrumb"},"inLanguage":"en-US","potentialAction":[{"@type":"ReadAction","target":["https:\/\/maxima-studios.com\/produit\/soundcraft-console-de-mixage-notepad-12-fx\/"]}]},{"@type":"ImageObject","inLanguage":"en-US","@id":"https:\/\/maxima-studios.com\/produit\/soundcraft-console-de-mixage-notepad-12-fx\/#primaryimage","url":"https:\/\/maxima-studios.com\/wp-content\/uploads\/2025\/07\/SOUNDCRAFT-NOTEPAD-12FX-2.png","contentUrl":"https:\/\/maxima-studios.com\/wp-content\/uploads\/2025\/07\/SOUNDCRAFT-NOTEPAD-12FX-2.png","width":1000,"height":1000},{"@type":"BreadcrumbList","@id":"https:\/\/maxima-studios.com\/produit\/soundcraft-console-de-mixage-notepad-12-fx\/#breadcrumb","itemListElement":[{"@type":"ListItem","position":1,"name":"Accueil","item":"https:\/\/maxima-studios.com\/"},{"@type":"ListItem","position":2,"name":"BOUTIQUE","item":"https:\/\/maxima-studios.com\/boutique\/"},{"@type":"ListItem","position":3,"name":"SOUNDCRAFT CONSOLE DE MIXAGE NOTEPAD 12 FX"}]},{"@type":"WebSite","@id":"https:\/\/maxima-studios.com\/#website","url":"https:\/\/maxima-studios.com\/","name":"Maximaloc","description":"","publisher":{"@id":"https:\/\/maxima-studios.com\/#organization"},"potentialAction":[{"@type":"SearchAction","target":{"@type":"EntryPoint","urlTemplate":"https:\/\/maxima-studios.com\/?s={search_term_string}"},"query-input":{"@type":"PropertyValueSpecification","valueRequired":true,"valueName":"search_term_string"}}],"inLanguage":"en-US"},{"@type":"Organization","@id":"https:\/\/maxima-studios.com\/#organization","name":"Maximaloc","url":"https:\/\/maxima-studios.com\/","logo":{"@type":"ImageObject","inLanguage":"en-US","@id":"https:\/\/maxima-studios.com\/#\/schema\/logo\/image\/","url":"https:\/\/maxima-studios.com\/wp-content\/uploads\/2024\/03\/logo_noir-scaled.png","contentUrl":"https:\/\/maxima-studios.com\/wp-content\/uploads\/2024\/03\/logo_noir-scaled.png","width":2560,"height":268,"caption":"Maximaloc"},"image":{"@id":"https:\/\/maxima-studios.com\/#\/schema\/logo\/image\/"},"sameAs":["https:\/\/www.facebook.com\/Maximalocation"]}]}},"_links":{"self":[{"href":"https:\/\/maxima-studios.com\/en\/wp-json\/wp\/v2\/product\/20241","targetHints":{"allow":["GET"]}}],"collection":[{"href":"https:\/\/maxima-studios.com\/en\/wp-json\/wp\/v2\/product"}],"about":[{"href":"https:\/\/maxima-studios.com\/en\/wp-json\/wp\/v2\/types\/product"}],"wp:featuredmedia":[{"embeddable":true,"href":"https:\/\/maxima-studios.com\/en\/wp-json\/wp\/v2\/media\/20293"}],"wp:attachment":[{"href":"https:\/\/maxima-studios.com\/en\/wp-json\/wp\/v2\/media?parent=20241"}],"wp:term":[{"taxonomy":"product_cat","embeddable":true,"href":"https:\/\/maxima-studios.com\/en\/wp-json\/wp\/v2\/product_cat?post=20241"},{"taxonomy":"product_tag","embeddable":true,"href":"https:\/\/maxima-studios.com\/en\/wp-json\/wp\/v2\/product_tag?post=20241"}],"curies":[{"name":"wp","href":"https:\/\/api.w.org\/{rel}","templated":true}]}}