 {"id":20216,"date":"2025-07-05T12:59:37","date_gmt":"2025-07-05T10:59:37","guid":{"rendered":"https:\/\/maxima-studios.com\/produit\/serie-arri-signature-prime-75-95-125\/"},"modified":"2026-04-13T20:46:20","modified_gmt":"2026-04-13T18:46:20","slug":"serie-arri-signature-prime-75-95-125","status":"publish","type":"product","link":"https:\/\/maxima-studios.com\/en\/product\/serie-arri-signature-prime-75-95-125\/","title":{"rendered":"SERIE ARRI SIGNATURE PRIME 75\/95\/125"},"content":{"rendered":"<p>ARRI Signature Prime 75\/95\/125\u202fmm : objectifs cin\u00e9ma haut de gamme offrant un rendu naturel et cin\u00e9matographique, des tons de peau flatteurs, un bokeh lisse et des ombres d\u00e9taill\u00e9es.<\/p>\n<p>Ouverture rapide T1.8, qualit\u00e9 optique exceptionnelle, faible aberration et focus\u2011breathing minimal. Construction robuste et uniforme pour un travail fluide sur plateau et compatibilit\u00e9 totale avec matte boxes et filtres. Id\u00e9al pour portraits, dialogues et plans dramatiques sur grands formats.<\/p>\n<p>Points Forts :\u00a0<\/p>\n<p>Rendu cin\u00e9ma avec tons de peau naturels.<br \/>contrastes \u00e9quilibr\u00e9s et hautes zones lumineuses douces.<br \/>Bokeh tr\u00e8s doux, transitions fluides hors focus.<br \/>Coque en alliage magn\u00e9sium l\u00e9ger et robuste.<\/p>\n<p>\u00a0<\/p>","protected":false},"excerpt":{"rendered":"<p>Monture : LPL<\/p>\n<p>Couverture : Full Frame<\/p>\n<p>Ouverture : T1.8 \u2013 T22<\/p>\n<p>Diam\u00e8tre frontal : 114 mm<\/p>\n<p>Donn\u00e9es \u00e9lectroniques : Oui (LDS-2\/Cooke-i)<\/p>\n<p>\u00a0<\/p>","protected":false},"featured_media":20498,"template":"","meta":[],"product_cat":[231],"product_tag":[],"class_list":{"0":"post-20216","1":"product","2":"type-product","3":"status-publish","4":"has-post-thumbnail","6":"product_cat-pl-lpl","8":"first","9":"instock","10":"taxable","11":"shipping-taxable","12":"purchasable","13":"product-type-rentable"},"_links":{"self":[{"href":"https:\/\/maxima-studios.com\/en\/wp-json\/wp\/v2\/product\/20216","targetHints":{"allow":["GET"]}}],"collection":[{"href":"https:\/\/maxima-studios.com\/en\/wp-json\/wp\/v2\/product"}],"about":[{"href":"https:\/\/maxima-studios.com\/en\/wp-json\/wp\/v2\/types\/product"}],"wp:featuredmedia":[{"embeddable":true,"href":"https:\/\/maxima-studios.com\/en\/wp-json\/wp\/v2\/media\/20498"}],"wp:attachment":[{"href":"https:\/\/maxima-studios.com\/en\/wp-json\/wp\/v2\/media?parent=20216"}],"wp:term":[{"taxonomy":"product_cat","embeddable":true,"href":"https:\/\/maxima-studios.com\/en\/wp-json\/wp\/v2\/product_cat?post=20216"},{"taxonomy":"product_tag","embeddable":true,"href":"https:\/\/maxima-studios.com\/en\/wp-json\/wp\/v2\/product_tag?post=20216"}],"curies":[{"name":"wp","href":"https:\/\/api.w.org\/{rel}","templated":true}]}}