 {"id":19825,"date":"2025-06-12T12:25:41","date_gmt":"2025-06-12T10:25:41","guid":{"rendered":"https:\/\/maxima-studios.com\/produit\/ifootage-monopod-cobra-3\/"},"modified":"2026-04-13T20:29:27","modified_gmt":"2026-04-13T18:29:27","slug":"ifootage-monopod-cobra-3","status":"publish","type":"product","link":"https:\/\/maxima-studios.com\/en\/product\/ifootage-monopod-cobra-3\/","title":{"rendered":"IFOOTAGE MONOPOD COBRA 3"},"content":{"rendered":"<p>Le monopod Cobra 3 Strike en aluminium avec base Minipod discr\u00e8te d\u2019iFootage est un outil l\u00e9ger et polyvalent. Gr\u00e2ce \u00e0 son levier unique, les trois sections du monopode se d\u00e9ploient simultan\u00e9ment d\u2019un simple geste, offrant une mise en place rapide. Sa capacit\u00e9 de charge est de 5 kg et est compatible avec les stabilisateurs, pour des mouvements fluides en vid\u00e9o.<\/p>\n<p>Sa base pivotante pliable am\u00e9liore la stabilit\u00e9 et facilite le suivi du sujet en mouvement. Les pieds peuvent \u00eatre repli\u00e9s pour d\u00e9voiler un embout en caoutchouc, permettant une utilisation en mode monopode classique, sans la base. Celle-ci est amovible et peut \u00eatre utilis\u00e9e ind\u00e9pendamment comme mini tr\u00e9pied, id\u00e9ale pour la macrophotographie ou les prises de vue sur table.<\/p>\n<p>Une p\u00e9dale de verrouillage int\u00e9gr\u00e9e permet d\u2019ajuster rapidement l\u2019angle de pivotement. Un outil pens\u00e9 pour l\u2019agilit\u00e9 et la performance sur le terrain.<\/p>\n<p>\u00a0<\/p>\n<p><strong>Points Forts :\u00a0<\/strong><\/p>\n<ul>\n<li>D\u00e9ploiement ultra rapide<\/li>\n<li>Base avec p\u00e9dale pour des mouvements fluides<\/li>\n<li>Stabilit\u00e9 + polyvalence (mini-tr\u00e9pied int\u00e9gr\u00e9)<\/li>\n<\/ul>","protected":false},"excerpt":{"rendered":"<p>Convient \u00e0 n\u2019importe quel bo\u00eetier hybride ou r\u00e9flex<\/p>\n<p>Poids support\u00e9 : 5 kg<\/p>\n<p>Longueur : de 87 \u00e0 150 cm<\/p>","protected":false},"featured_media":19972,"template":"","meta":[],"product_cat":[393],"product_tag":[],"class_list":{"0":"post-19825","1":"product","2":"type-product","3":"status-publish","4":"has-post-thumbnail","6":"product_cat-monopod","8":"first","9":"instock","10":"featured","11":"taxable","12":"shipping-taxable","13":"purchasable","14":"product-type-rentable"},"_links":{"self":[{"href":"https:\/\/maxima-studios.com\/en\/wp-json\/wp\/v2\/product\/19825","targetHints":{"allow":["GET"]}}],"collection":[{"href":"https:\/\/maxima-studios.com\/en\/wp-json\/wp\/v2\/product"}],"about":[{"href":"https:\/\/maxima-studios.com\/en\/wp-json\/wp\/v2\/types\/product"}],"wp:featuredmedia":[{"embeddable":true,"href":"https:\/\/maxima-studios.com\/en\/wp-json\/wp\/v2\/media\/19972"}],"wp:attachment":[{"href":"https:\/\/maxima-studios.com\/en\/wp-json\/wp\/v2\/media?parent=19825"}],"wp:term":[{"taxonomy":"product_cat","embeddable":true,"href":"https:\/\/maxima-studios.com\/en\/wp-json\/wp\/v2\/product_cat?post=19825"},{"taxonomy":"product_tag","embeddable":true,"href":"https:\/\/maxima-studios.com\/en\/wp-json\/wp\/v2\/product_tag?post=19825"}],"curies":[{"name":"wp","href":"https:\/\/api.w.org\/{rel}","templated":true}]}}