 {"id":19824,"date":"2025-06-12T12:25:41","date_gmt":"2025-06-12T10:25:41","guid":{"rendered":"https:\/\/maxima-studios.com\/produit\/blackmagic-updowncross-hd\/"},"modified":"2026-04-13T20:39:19","modified_gmt":"2026-04-13T18:39:19","slug":"blackmagic-updowncross-hd","status":"publish","type":"product","link":"https:\/\/maxima-studios.com\/en\/product\/blackmagic-updowncross-hd\/","title":{"rendered":"BLACKMAGIC UPDOWNCROSS HD"},"content":{"rendered":"<p>Le Blackmagic UpDownCross HD est un convertisseur vid\u00e9o polyvalent con\u00e7u pour le traitement et la conversion de signaux vid\u00e9o SDI et HDMI vers HDMI ou SDI. Il offre une multitude de fonctionnalit\u00e9s essentielles. Conversion de signaux SDI \/ HDMI : Ce dispositif prend en charge la conversion entre diff\u00e9rents formats notamment le passage du 720p au 1080i, garantissant une compatibilit\u00e9 optimale avec diverses sources vid\u00e9o.<\/p>\n<p>\u00a0<\/p>\n<p><strong>Points Forts :<\/strong><\/p>\n<p>\u00a0<\/p>\n<ul>\n<li>D\u00e9tection automatique du signal<\/li>\n<li>Mise \u00e0 l&#8217;\u00e9chelle des r\u00e9solutions DVI informatiques<\/li>\n<li>Passage automatique entre SD et HD<\/li>\n<li>Contr\u00f4le via des mini-interrupteurs int\u00e9gr\u00e9s<\/li>\n<\/ul>","protected":false},"excerpt":{"rendered":"<p>Convertisseur vid\u00e9o<\/p>\n<p>Entr\u00e9e : SDI\u00a0 \/ HDMI<\/p>\n<p>Sortie : SDI \/ HDMI<\/p>\n<p>Alimentation : Secteur<\/p>","protected":false},"featured_media":19835,"template":"","meta":[],"product_cat":[319],"product_tag":[],"class_list":{"0":"post-19824","1":"product","2":"type-product","3":"status-publish","4":"has-post-thumbnail","6":"product_cat-convertisseur","8":"first","9":"instock","10":"taxable","11":"shipping-taxable","12":"purchasable","13":"product-type-rentable"},"yoast_head":"<!-- This site is optimized with the Yoast SEO plugin v27.3 - https:\/\/yoast.com\/product\/yoast-seo-wordpress\/ -->\n<title>BLACKMAGIC UPDOWNCROSS HD - Maximaloc<\/title>\n<meta name=\"robots\" content=\"index, follow, max-snippet:-1, max-image-preview:large, max-video-preview:-1\" \/>\n<link rel=\"canonical\" href=\"https:\/\/maxima-studios.com\/en\/product\/blackmagic-updowncross-hd\/\" \/>\n<meta property=\"og:locale\" content=\"en_US\" \/>\n<meta property=\"og:type\" content=\"article\" \/>\n<meta property=\"og:title\" content=\"BLACKMAGIC UPDOWNCROSS HD - Maximaloc\" \/>\n<meta property=\"og:description\" content=\"Convertisseur vid\u00e9o Entr\u00e9e : SDI\u00a0 \/ HDMI Sortie : SDI \/ HDMI Alimentation : Secteur\" \/>\n<meta property=\"og:url\" content=\"https:\/\/maxima-studios.com\/en\/product\/blackmagic-updowncross-hd\/\" \/>\n<meta property=\"og:site_name\" content=\"Maximaloc\" \/>\n<meta property=\"article:publisher\" content=\"https:\/\/www.facebook.com\/Maximalocation\" \/>\n<meta property=\"article:modified_time\" content=\"2026-04-13T18:39:19+00:00\" \/>\n<meta property=\"og:image\" content=\"https:\/\/maxima-studios.com\/wp-content\/uploads\/2025\/06\/bm-mini-updowncross-converter-1.webp\" \/>\n\t<meta property=\"og:image:width\" content=\"580\" \/>\n\t<meta property=\"og:image:height\" content=\"420\" \/>\n\t<meta property=\"og:image:type\" content=\"image\/webp\" \/>\n<meta name=\"twitter:card\" content=\"summary_large_image\" \/>\n<script type=\"application\/ld+json\" class=\"yoast-schema-graph\">{\"@context\":\"https:\\\/\\\/schema.org\",\"@graph\":[{\"@type\":\"WebPage\",\"@id\":\"https:\\\/\\\/maxima-studios.com\\\/produit\\\/blackmagic-updowncross-hd\\\/\",\"url\":\"https:\\\/\\\/maxima-studios.com\\\/produit\\\/blackmagic-updowncross-hd\\\/\",\"name\":\"BLACKMAGIC UPDOWNCROSS HD - Maximaloc\",\"isPartOf\":{\"@id\":\"https:\\\/\\\/maxima-studios.com\\\/#website\"},\"primaryImageOfPage\":{\"@id\":\"https:\\\/\\\/maxima-studios.com\\\/produit\\\/blackmagic-updowncross-hd\\\/#primaryimage\"},\"image\":{\"@id\":\"https:\\\/\\\/maxima-studios.com\\\/produit\\\/blackmagic-updowncross-hd\\\/#primaryimage\"},\"thumbnailUrl\":\"https:\\\/\\\/maxima-studios.com\\\/wp-content\\\/uploads\\\/2025\\\/06\\\/bm-mini-updowncross-converter-1.webp\",\"datePublished\":\"2025-06-12T10:25:41+00:00\",\"dateModified\":\"2026-04-13T18:39:19+00:00\",\"breadcrumb\":{\"@id\":\"https:\\\/\\\/maxima-studios.com\\\/produit\\\/blackmagic-updowncross-hd\\\/#breadcrumb\"},\"inLanguage\":\"en-US\",\"potentialAction\":[{\"@type\":\"ReadAction\",\"target\":[\"https:\\\/\\\/maxima-studios.com\\\/produit\\\/blackmagic-updowncross-hd\\\/\"]}]},{\"@type\":\"ImageObject\",\"inLanguage\":\"en-US\",\"@id\":\"https:\\\/\\\/maxima-studios.com\\\/produit\\\/blackmagic-updowncross-hd\\\/#primaryimage\",\"url\":\"https:\\\/\\\/maxima-studios.com\\\/wp-content\\\/uploads\\\/2025\\\/06\\\/bm-mini-updowncross-converter-1.webp\",\"contentUrl\":\"https:\\\/\\\/maxima-studios.com\\\/wp-content\\\/uploads\\\/2025\\\/06\\\/bm-mini-updowncross-converter-1.webp\",\"width\":580,\"height\":420},{\"@type\":\"BreadcrumbList\",\"@id\":\"https:\\\/\\\/maxima-studios.com\\\/produit\\\/blackmagic-updowncross-hd\\\/#breadcrumb\",\"itemListElement\":[{\"@type\":\"ListItem\",\"position\":1,\"name\":\"Accueil\",\"item\":\"https:\\\/\\\/maxima-studios.com\\\/\"},{\"@type\":\"ListItem\",\"position\":2,\"name\":\"BOUTIQUE\",\"item\":\"https:\\\/\\\/maxima-studios.com\\\/boutique\\\/\"},{\"@type\":\"ListItem\",\"position\":3,\"name\":\"BLACKMAGIC UPDOWNCROSS HD\"}]},{\"@type\":\"WebSite\",\"@id\":\"https:\\\/\\\/maxima-studios.com\\\/#website\",\"url\":\"https:\\\/\\\/maxima-studios.com\\\/\",\"name\":\"Maximaloc\",\"description\":\"\",\"publisher\":{\"@id\":\"https:\\\/\\\/maxima-studios.com\\\/#organization\"},\"potentialAction\":[{\"@type\":\"SearchAction\",\"target\":{\"@type\":\"EntryPoint\",\"urlTemplate\":\"https:\\\/\\\/maxima-studios.com\\\/?s={search_term_string}\"},\"query-input\":{\"@type\":\"PropertyValueSpecification\",\"valueRequired\":true,\"valueName\":\"search_term_string\"}}],\"inLanguage\":\"en-US\"},{\"@type\":\"Organization\",\"@id\":\"https:\\\/\\\/maxima-studios.com\\\/#organization\",\"name\":\"Maximaloc\",\"url\":\"https:\\\/\\\/maxima-studios.com\\\/\",\"logo\":{\"@type\":\"ImageObject\",\"inLanguage\":\"en-US\",\"@id\":\"https:\\\/\\\/maxima-studios.com\\\/#\\\/schema\\\/logo\\\/image\\\/\",\"url\":\"https:\\\/\\\/maxima-studios.com\\\/wp-content\\\/uploads\\\/2024\\\/03\\\/logo_noir-scaled.png\",\"contentUrl\":\"https:\\\/\\\/maxima-studios.com\\\/wp-content\\\/uploads\\\/2024\\\/03\\\/logo_noir-scaled.png\",\"width\":2560,\"height\":268,\"caption\":\"Maximaloc\"},\"image\":{\"@id\":\"https:\\\/\\\/maxima-studios.com\\\/#\\\/schema\\\/logo\\\/image\\\/\"},\"sameAs\":[\"https:\\\/\\\/www.facebook.com\\\/Maximalocation\"]}]}<\/script>\n<!-- \/ Yoast SEO plugin. -->","yoast_head_json":{"title":"BLACKMAGIC UPDOWNCROSS HD - Maximaloc","robots":{"index":"index","follow":"follow","max-snippet":"max-snippet:-1","max-image-preview":"max-image-preview:large","max-video-preview":"max-video-preview:-1"},"canonical":"https:\/\/maxima-studios.com\/en\/product\/blackmagic-updowncross-hd\/","og_locale":"en_US","og_type":"article","og_title":"BLACKMAGIC UPDOWNCROSS HD - Maximaloc","og_description":"Convertisseur vid\u00e9o Entr\u00e9e : SDI\u00a0 \/ HDMI Sortie : SDI \/ HDMI Alimentation : Secteur","og_url":"https:\/\/maxima-studios.com\/en\/product\/blackmagic-updowncross-hd\/","og_site_name":"Maximaloc","article_publisher":"https:\/\/www.facebook.com\/Maximalocation","article_modified_time":"2026-04-13T18:39:19+00:00","og_image":[{"width":580,"height":420,"url":"https:\/\/maxima-studios.com\/wp-content\/uploads\/2025\/06\/bm-mini-updowncross-converter-1.webp","type":"image\/webp"}],"twitter_card":"summary_large_image","schema":{"@context":"https:\/\/schema.org","@graph":[{"@type":"WebPage","@id":"https:\/\/maxima-studios.com\/produit\/blackmagic-updowncross-hd\/","url":"https:\/\/maxima-studios.com\/produit\/blackmagic-updowncross-hd\/","name":"BLACKMAGIC UPDOWNCROSS HD - Maximaloc","isPartOf":{"@id":"https:\/\/maxima-studios.com\/#website"},"primaryImageOfPage":{"@id":"https:\/\/maxima-studios.com\/produit\/blackmagic-updowncross-hd\/#primaryimage"},"image":{"@id":"https:\/\/maxima-studios.com\/produit\/blackmagic-updowncross-hd\/#primaryimage"},"thumbnailUrl":"https:\/\/maxima-studios.com\/wp-content\/uploads\/2025\/06\/bm-mini-updowncross-converter-1.webp","datePublished":"2025-06-12T10:25:41+00:00","dateModified":"2026-04-13T18:39:19+00:00","breadcrumb":{"@id":"https:\/\/maxima-studios.com\/produit\/blackmagic-updowncross-hd\/#breadcrumb"},"inLanguage":"en-US","potentialAction":[{"@type":"ReadAction","target":["https:\/\/maxima-studios.com\/produit\/blackmagic-updowncross-hd\/"]}]},{"@type":"ImageObject","inLanguage":"en-US","@id":"https:\/\/maxima-studios.com\/produit\/blackmagic-updowncross-hd\/#primaryimage","url":"https:\/\/maxima-studios.com\/wp-content\/uploads\/2025\/06\/bm-mini-updowncross-converter-1.webp","contentUrl":"https:\/\/maxima-studios.com\/wp-content\/uploads\/2025\/06\/bm-mini-updowncross-converter-1.webp","width":580,"height":420},{"@type":"BreadcrumbList","@id":"https:\/\/maxima-studios.com\/produit\/blackmagic-updowncross-hd\/#breadcrumb","itemListElement":[{"@type":"ListItem","position":1,"name":"Accueil","item":"https:\/\/maxima-studios.com\/"},{"@type":"ListItem","position":2,"name":"BOUTIQUE","item":"https:\/\/maxima-studios.com\/boutique\/"},{"@type":"ListItem","position":3,"name":"BLACKMAGIC UPDOWNCROSS HD"}]},{"@type":"WebSite","@id":"https:\/\/maxima-studios.com\/#website","url":"https:\/\/maxima-studios.com\/","name":"Maximaloc","description":"","publisher":{"@id":"https:\/\/maxima-studios.com\/#organization"},"potentialAction":[{"@type":"SearchAction","target":{"@type":"EntryPoint","urlTemplate":"https:\/\/maxima-studios.com\/?s={search_term_string}"},"query-input":{"@type":"PropertyValueSpecification","valueRequired":true,"valueName":"search_term_string"}}],"inLanguage":"en-US"},{"@type":"Organization","@id":"https:\/\/maxima-studios.com\/#organization","name":"Maximaloc","url":"https:\/\/maxima-studios.com\/","logo":{"@type":"ImageObject","inLanguage":"en-US","@id":"https:\/\/maxima-studios.com\/#\/schema\/logo\/image\/","url":"https:\/\/maxima-studios.com\/wp-content\/uploads\/2024\/03\/logo_noir-scaled.png","contentUrl":"https:\/\/maxima-studios.com\/wp-content\/uploads\/2024\/03\/logo_noir-scaled.png","width":2560,"height":268,"caption":"Maximaloc"},"image":{"@id":"https:\/\/maxima-studios.com\/#\/schema\/logo\/image\/"},"sameAs":["https:\/\/www.facebook.com\/Maximalocation"]}]}},"_links":{"self":[{"href":"https:\/\/maxima-studios.com\/en\/wp-json\/wp\/v2\/product\/19824","targetHints":{"allow":["GET"]}}],"collection":[{"href":"https:\/\/maxima-studios.com\/en\/wp-json\/wp\/v2\/product"}],"about":[{"href":"https:\/\/maxima-studios.com\/en\/wp-json\/wp\/v2\/types\/product"}],"wp:featuredmedia":[{"embeddable":true,"href":"https:\/\/maxima-studios.com\/en\/wp-json\/wp\/v2\/media\/19835"}],"wp:attachment":[{"href":"https:\/\/maxima-studios.com\/en\/wp-json\/wp\/v2\/media?parent=19824"}],"wp:term":[{"taxonomy":"product_cat","embeddable":true,"href":"https:\/\/maxima-studios.com\/en\/wp-json\/wp\/v2\/product_cat?post=19824"},{"taxonomy":"product_tag","embeddable":true,"href":"https:\/\/maxima-studios.com\/en\/wp-json\/wp\/v2\/product_tag?post=19824"}],"curies":[{"name":"wp","href":"https:\/\/api.w.org\/{rel}","templated":true}]}}