 {"id":19682,"date":"2025-05-27T11:14:31","date_gmt":"2025-05-27T09:14:31","guid":{"rendered":"https:\/\/maxima-studios.com\/produit\/hollyland-lark-m2s\/"},"modified":"2026-04-13T20:29:23","modified_gmt":"2026-04-13T18:29:23","slug":"hollyland-lark-m2s","status":"publish","type":"product","link":"https:\/\/maxima-studios.com\/en\/product\/hollyland-lark-m2s\/","title":{"rendered":"HOLLYLAND LARK M2S"},"content":{"rendered":"<p>Le Hollyland LARK M2S est un kit comprenant deux bo\u00eetiers \u00e9metteurs micro-cravates, un r\u00e9cepteur avec sortie mini-jack 3,5 et un r\u00e9cepteur avec une sortie Usb-c. Modulable sur de nombreuses configurations (mobile et cam\u00e9ra en transmetteur, cam\u00e9ra et combo en r\u00e9cepteur), ce kit permet une utilisation diverse, due \u00e0 sa grande port\u00e9e effective (environ 300m en fonction du mode d\u2019utilisation), sa qualit\u00e9 audio optimale due \u00e0 une radio-fr\u00e9quence anti-interf\u00e9rence et un r\u00e9ducteur de bruit int\u00e9gr\u00e9s. Parfaitement adapt\u00e9 aux longues journ\u00e9es de tournage avec une dur\u00e9e de batterie d\u2019environ 9H, il est \u00e9galement universellement compatible en USB-C sur tout type d\u2019appareil mobile\/cam\u00e9ra.<\/p>\n<p><strong><u>Points forts :<\/u><\/strong><\/p>\n<ul>\n<li>Compatibilit\u00e9 universelle<\/li>\n<li>Poids l\u00e9ger<\/li>\n<li>Grande port\u00e9e<\/li>\n<li>R\u00e9duction de bruit<\/li>\n<\/ul>","protected":false},"excerpt":{"rendered":"<p>Port\u00e9e \u00e9lev\u00e9e : 300m max.<br \/>USB-C<br \/>RF anti-interf\u00e9rences\u00a0<br \/>R\u00e9ducteur de bruit int\u00e9gr\u00e9<\/p>","protected":false},"featured_media":19684,"template":"","meta":[],"product_cat":[338],"product_tag":[],"class_list":{"0":"post-19682","1":"product","2":"type-product","3":"status-publish","4":"has-post-thumbnail","6":"product_cat-micros-categorie","8":"first","9":"instock","10":"taxable","11":"shipping-taxable","12":"purchasable","13":"product-type-rentable"},"_links":{"self":[{"href":"https:\/\/maxima-studios.com\/en\/wp-json\/wp\/v2\/product\/19682","targetHints":{"allow":["GET"]}}],"collection":[{"href":"https:\/\/maxima-studios.com\/en\/wp-json\/wp\/v2\/product"}],"about":[{"href":"https:\/\/maxima-studios.com\/en\/wp-json\/wp\/v2\/types\/product"}],"wp:featuredmedia":[{"embeddable":true,"href":"https:\/\/maxima-studios.com\/en\/wp-json\/wp\/v2\/media\/19684"}],"wp:attachment":[{"href":"https:\/\/maxima-studios.com\/en\/wp-json\/wp\/v2\/media?parent=19682"}],"wp:term":[{"taxonomy":"product_cat","embeddable":true,"href":"https:\/\/maxima-studios.com\/en\/wp-json\/wp\/v2\/product_cat?post=19682"},{"taxonomy":"product_tag","embeddable":true,"href":"https:\/\/maxima-studios.com\/en\/wp-json\/wp\/v2\/product_tag?post=19682"}],"curies":[{"name":"wp","href":"https:\/\/api.w.org\/{rel}","templated":true}]}}