 {"id":19607,"date":"2025-05-20T19:48:46","date_gmt":"2025-05-20T17:48:46","guid":{"rendered":"https:\/\/maxima-studios.com\/produit\/sirui-jupiter-28-85-t3-2-ef\/"},"modified":"2026-04-13T20:29:20","modified_gmt":"2026-04-13T18:29:20","slug":"sirui-jupiter-28-85-t3-2-ef","status":"publish","type":"product","link":"https:\/\/maxima-studios.com\/en\/product\/sirui-jupiter-28-85-t3-2-ef\/","title":{"rendered":"SIRUI JUPITER 28-85 T3.2 EF"},"content":{"rendered":"<p>Le zoom cin\u00e9 Jupiter 28-85mm T3.2 Full Frame Macro de Sirui permet de r\u00e9aliser des prises de vue macro au format full frame.\u00a0<\/p>\n<p>\u00a0<\/p>\n<p>Il a une distance de mise au point minimale de 70cm et sa conception parfocale garantit que la mise au point reste la m\u00eame sur toute la plage de zoom. Sa bague de mise au point peut pivoter jusqu&#8217;\u00e0 259\u00b0, les \u00e9chelles de distance sont affich\u00e9es en m\u00e8tres et en pieds. Le focus breathing a \u00e9t\u00e9 corrig\u00e9 afin de ne pas \u00eatre visible aux bords de l&#8217;image.<\/p>\n<p>\u00a0<\/p>\n<p>Avec sa monture EF, il se monte directement sur la Red Gemini, la Black Magic 6K Pro ou n\u2019importe quelle autre cam\u00e9ra en monture RF ou E via bague d\u2019adaptation.<\/p>\n<p><u><strong>Point fort :<\/strong><\/u><\/p>\n<ul>\n<li>Zoom polyvalent 28\u201385mm couvrant les focales cl\u00e9s en tournage<\/li>\n<li>Design parfocal : la mise au point reste constante pendant le zoom<\/li>\n<li>Couverture full frame avec rendu propre et homog\u00e8ne<\/li>\n<li>Construction cin\u00e9ma robuste avec bokeh doux (11 lamelles)<br \/>\u00a0<br \/>\u00a0<br \/>\u00a0<br \/>\u00a0<\/li>\n<\/ul>","protected":false},"excerpt":{"rendered":"<p>Zoom cin\u00e9ma<\/p>\n<p>Monture :\u00a0 Canon EF<\/p>\n<p>Couverture : Full Frame<\/p>\n<p>Diam\u00e8tre de filtre : 110 mm<\/p>","protected":false},"featured_media":20189,"template":"","meta":[],"product_cat":[228],"product_tag":[197,214,240,1405,282,242],"class_list":{"0":"post-19607","1":"product","2":"type-product","3":"status-publish","4":"has-post-thumbnail","6":"product_cat-canon-ef","7":"product_tag-full-frame-24x36","8":"product_tag-canon-ef","9":"product_tag-mise-au-point-manuelle","10":"product_tag-objectif","11":"product_tag-standard","12":"product_tag-zoom","14":"first","15":"instock","16":"featured","17":"taxable","18":"shipping-taxable","19":"purchasable","20":"product-type-rentable"},"yoast_head":"<!-- This site is optimized with the Yoast SEO plugin v27.3 - https:\/\/yoast.com\/product\/yoast-seo-wordpress\/ -->\n<title>SIRUI JUPITER 28-85 T3.2 EF - Maximaloc<\/title>\n<meta name=\"robots\" content=\"index, follow, max-snippet:-1, max-image-preview:large, max-video-preview:-1\" \/>\n<link rel=\"canonical\" href=\"https:\/\/maxima-studios.com\/en\/product\/sirui-jupiter-28-85-t3-2-ef\/\" \/>\n<meta property=\"og:locale\" content=\"en_US\" \/>\n<meta property=\"og:type\" content=\"article\" \/>\n<meta property=\"og:title\" content=\"SIRUI JUPITER 28-85 T3.2 EF - Maximaloc\" \/>\n<meta property=\"og:description\" content=\"Zoom cin\u00e9ma Monture :\u00a0 Canon EF Couverture : Full Frame Diam\u00e8tre de filtre : 110 mm\" \/>\n<meta property=\"og:url\" content=\"https:\/\/maxima-studios.com\/en\/product\/sirui-jupiter-28-85-t3-2-ef\/\" \/>\n<meta property=\"og:site_name\" content=\"Maximaloc\" \/>\n<meta property=\"article:publisher\" content=\"https:\/\/www.facebook.com\/Maximalocation\" \/>\n<meta property=\"article:modified_time\" content=\"2026-04-13T18:29:20+00:00\" \/>\n<meta property=\"og:image\" content=\"https:\/\/maxima-studios.com\/wp-content\/uploads\/2025\/05\/Sirui-Jupiter-28-85-T3.2-2.webp\" \/>\n\t<meta property=\"og:image:width\" content=\"580\" \/>\n\t<meta property=\"og:image:height\" content=\"420\" \/>\n\t<meta property=\"og:image:type\" content=\"image\/webp\" \/>\n<meta name=\"twitter:card\" content=\"summary_large_image\" \/>\n<meta name=\"twitter:label1\" content=\"Est. reading time\" \/>\n\t<meta name=\"twitter:data1\" content=\"1 minute\" \/>\n<script type=\"application\/ld+json\" class=\"yoast-schema-graph\">{\"@context\":\"https:\\\/\\\/schema.org\",\"@graph\":[{\"@type\":\"WebPage\",\"@id\":\"https:\\\/\\\/maxima-studios.com\\\/produit\\\/sirui-jupiter-28-85-t3-2-ef\\\/\",\"url\":\"https:\\\/\\\/maxima-studios.com\\\/produit\\\/sirui-jupiter-28-85-t3-2-ef\\\/\",\"name\":\"SIRUI JUPITER 28-85 T3.2 EF - Maximaloc\",\"isPartOf\":{\"@id\":\"https:\\\/\\\/maxima-studios.com\\\/#website\"},\"primaryImageOfPage\":{\"@id\":\"https:\\\/\\\/maxima-studios.com\\\/produit\\\/sirui-jupiter-28-85-t3-2-ef\\\/#primaryimage\"},\"image\":{\"@id\":\"https:\\\/\\\/maxima-studios.com\\\/produit\\\/sirui-jupiter-28-85-t3-2-ef\\\/#primaryimage\"},\"thumbnailUrl\":\"https:\\\/\\\/maxima-studios.com\\\/wp-content\\\/uploads\\\/2025\\\/05\\\/Sirui-Jupiter-28-85-T3.2-2.webp\",\"datePublished\":\"2025-05-20T17:48:46+00:00\",\"dateModified\":\"2026-04-13T18:29:20+00:00\",\"breadcrumb\":{\"@id\":\"https:\\\/\\\/maxima-studios.com\\\/produit\\\/sirui-jupiter-28-85-t3-2-ef\\\/#breadcrumb\"},\"inLanguage\":\"en-US\",\"potentialAction\":[{\"@type\":\"ReadAction\",\"target\":[\"https:\\\/\\\/maxima-studios.com\\\/produit\\\/sirui-jupiter-28-85-t3-2-ef\\\/\"]}]},{\"@type\":\"ImageObject\",\"inLanguage\":\"en-US\",\"@id\":\"https:\\\/\\\/maxima-studios.com\\\/produit\\\/sirui-jupiter-28-85-t3-2-ef\\\/#primaryimage\",\"url\":\"https:\\\/\\\/maxima-studios.com\\\/wp-content\\\/uploads\\\/2025\\\/05\\\/Sirui-Jupiter-28-85-T3.2-2.webp\",\"contentUrl\":\"https:\\\/\\\/maxima-studios.com\\\/wp-content\\\/uploads\\\/2025\\\/05\\\/Sirui-Jupiter-28-85-T3.2-2.webp\",\"width\":580,\"height\":420},{\"@type\":\"BreadcrumbList\",\"@id\":\"https:\\\/\\\/maxima-studios.com\\\/produit\\\/sirui-jupiter-28-85-t3-2-ef\\\/#breadcrumb\",\"itemListElement\":[{\"@type\":\"ListItem\",\"position\":1,\"name\":\"Accueil\",\"item\":\"https:\\\/\\\/maxima-studios.com\\\/\"},{\"@type\":\"ListItem\",\"position\":2,\"name\":\"BOUTIQUE\",\"item\":\"https:\\\/\\\/maxima-studios.com\\\/boutique\\\/\"},{\"@type\":\"ListItem\",\"position\":3,\"name\":\"SIRUI JUPITER 28-85 T3.2 EF\"}]},{\"@type\":\"WebSite\",\"@id\":\"https:\\\/\\\/maxima-studios.com\\\/#website\",\"url\":\"https:\\\/\\\/maxima-studios.com\\\/\",\"name\":\"Maximaloc\",\"description\":\"\",\"publisher\":{\"@id\":\"https:\\\/\\\/maxima-studios.com\\\/#organization\"},\"potentialAction\":[{\"@type\":\"SearchAction\",\"target\":{\"@type\":\"EntryPoint\",\"urlTemplate\":\"https:\\\/\\\/maxima-studios.com\\\/?s={search_term_string}\"},\"query-input\":{\"@type\":\"PropertyValueSpecification\",\"valueRequired\":true,\"valueName\":\"search_term_string\"}}],\"inLanguage\":\"en-US\"},{\"@type\":\"Organization\",\"@id\":\"https:\\\/\\\/maxima-studios.com\\\/#organization\",\"name\":\"Maximaloc\",\"url\":\"https:\\\/\\\/maxima-studios.com\\\/\",\"logo\":{\"@type\":\"ImageObject\",\"inLanguage\":\"en-US\",\"@id\":\"https:\\\/\\\/maxima-studios.com\\\/#\\\/schema\\\/logo\\\/image\\\/\",\"url\":\"https:\\\/\\\/maxima-studios.com\\\/wp-content\\\/uploads\\\/2024\\\/03\\\/logo_noir-scaled.png\",\"contentUrl\":\"https:\\\/\\\/maxima-studios.com\\\/wp-content\\\/uploads\\\/2024\\\/03\\\/logo_noir-scaled.png\",\"width\":2560,\"height\":268,\"caption\":\"Maximaloc\"},\"image\":{\"@id\":\"https:\\\/\\\/maxima-studios.com\\\/#\\\/schema\\\/logo\\\/image\\\/\"},\"sameAs\":[\"https:\\\/\\\/www.facebook.com\\\/Maximalocation\"]}]}<\/script>\n<!-- \/ Yoast SEO plugin. -->","yoast_head_json":{"title":"SIRUI JUPITER 28-85 T3.2 EF - Maximaloc","robots":{"index":"index","follow":"follow","max-snippet":"max-snippet:-1","max-image-preview":"max-image-preview:large","max-video-preview":"max-video-preview:-1"},"canonical":"https:\/\/maxima-studios.com\/en\/product\/sirui-jupiter-28-85-t3-2-ef\/","og_locale":"en_US","og_type":"article","og_title":"SIRUI JUPITER 28-85 T3.2 EF - Maximaloc","og_description":"Zoom cin\u00e9ma Monture :\u00a0 Canon EF Couverture : Full Frame Diam\u00e8tre de filtre : 110 mm","og_url":"https:\/\/maxima-studios.com\/en\/product\/sirui-jupiter-28-85-t3-2-ef\/","og_site_name":"Maximaloc","article_publisher":"https:\/\/www.facebook.com\/Maximalocation","article_modified_time":"2026-04-13T18:29:20+00:00","og_image":[{"width":580,"height":420,"url":"https:\/\/maxima-studios.com\/wp-content\/uploads\/2025\/05\/Sirui-Jupiter-28-85-T3.2-2.webp","type":"image\/webp"}],"twitter_card":"summary_large_image","twitter_misc":{"Est. reading time":"1 minute"},"schema":{"@context":"https:\/\/schema.org","@graph":[{"@type":"WebPage","@id":"https:\/\/maxima-studios.com\/produit\/sirui-jupiter-28-85-t3-2-ef\/","url":"https:\/\/maxima-studios.com\/produit\/sirui-jupiter-28-85-t3-2-ef\/","name":"SIRUI JUPITER 28-85 T3.2 EF - Maximaloc","isPartOf":{"@id":"https:\/\/maxima-studios.com\/#website"},"primaryImageOfPage":{"@id":"https:\/\/maxima-studios.com\/produit\/sirui-jupiter-28-85-t3-2-ef\/#primaryimage"},"image":{"@id":"https:\/\/maxima-studios.com\/produit\/sirui-jupiter-28-85-t3-2-ef\/#primaryimage"},"thumbnailUrl":"https:\/\/maxima-studios.com\/wp-content\/uploads\/2025\/05\/Sirui-Jupiter-28-85-T3.2-2.webp","datePublished":"2025-05-20T17:48:46+00:00","dateModified":"2026-04-13T18:29:20+00:00","breadcrumb":{"@id":"https:\/\/maxima-studios.com\/produit\/sirui-jupiter-28-85-t3-2-ef\/#breadcrumb"},"inLanguage":"en-US","potentialAction":[{"@type":"ReadAction","target":["https:\/\/maxima-studios.com\/produit\/sirui-jupiter-28-85-t3-2-ef\/"]}]},{"@type":"ImageObject","inLanguage":"en-US","@id":"https:\/\/maxima-studios.com\/produit\/sirui-jupiter-28-85-t3-2-ef\/#primaryimage","url":"https:\/\/maxima-studios.com\/wp-content\/uploads\/2025\/05\/Sirui-Jupiter-28-85-T3.2-2.webp","contentUrl":"https:\/\/maxima-studios.com\/wp-content\/uploads\/2025\/05\/Sirui-Jupiter-28-85-T3.2-2.webp","width":580,"height":420},{"@type":"BreadcrumbList","@id":"https:\/\/maxima-studios.com\/produit\/sirui-jupiter-28-85-t3-2-ef\/#breadcrumb","itemListElement":[{"@type":"ListItem","position":1,"name":"Accueil","item":"https:\/\/maxima-studios.com\/"},{"@type":"ListItem","position":2,"name":"BOUTIQUE","item":"https:\/\/maxima-studios.com\/boutique\/"},{"@type":"ListItem","position":3,"name":"SIRUI JUPITER 28-85 T3.2 EF"}]},{"@type":"WebSite","@id":"https:\/\/maxima-studios.com\/#website","url":"https:\/\/maxima-studios.com\/","name":"Maximaloc","description":"","publisher":{"@id":"https:\/\/maxima-studios.com\/#organization"},"potentialAction":[{"@type":"SearchAction","target":{"@type":"EntryPoint","urlTemplate":"https:\/\/maxima-studios.com\/?s={search_term_string}"},"query-input":{"@type":"PropertyValueSpecification","valueRequired":true,"valueName":"search_term_string"}}],"inLanguage":"en-US"},{"@type":"Organization","@id":"https:\/\/maxima-studios.com\/#organization","name":"Maximaloc","url":"https:\/\/maxima-studios.com\/","logo":{"@type":"ImageObject","inLanguage":"en-US","@id":"https:\/\/maxima-studios.com\/#\/schema\/logo\/image\/","url":"https:\/\/maxima-studios.com\/wp-content\/uploads\/2024\/03\/logo_noir-scaled.png","contentUrl":"https:\/\/maxima-studios.com\/wp-content\/uploads\/2024\/03\/logo_noir-scaled.png","width":2560,"height":268,"caption":"Maximaloc"},"image":{"@id":"https:\/\/maxima-studios.com\/#\/schema\/logo\/image\/"},"sameAs":["https:\/\/www.facebook.com\/Maximalocation"]}]}},"_links":{"self":[{"href":"https:\/\/maxima-studios.com\/en\/wp-json\/wp\/v2\/product\/19607","targetHints":{"allow":["GET"]}}],"collection":[{"href":"https:\/\/maxima-studios.com\/en\/wp-json\/wp\/v2\/product"}],"about":[{"href":"https:\/\/maxima-studios.com\/en\/wp-json\/wp\/v2\/types\/product"}],"wp:featuredmedia":[{"embeddable":true,"href":"https:\/\/maxima-studios.com\/en\/wp-json\/wp\/v2\/media\/20189"}],"wp:attachment":[{"href":"https:\/\/maxima-studios.com\/en\/wp-json\/wp\/v2\/media?parent=19607"}],"wp:term":[{"taxonomy":"product_cat","embeddable":true,"href":"https:\/\/maxima-studios.com\/en\/wp-json\/wp\/v2\/product_cat?post=19607"},{"taxonomy":"product_tag","embeddable":true,"href":"https:\/\/maxima-studios.com\/en\/wp-json\/wp\/v2\/product_tag?post=19607"}],"curies":[{"name":"wp","href":"https:\/\/api.w.org\/{rel}","templated":true}]}}