 {"id":19606,"date":"2025-05-20T19:48:07","date_gmt":"2025-05-20T17:48:07","guid":{"rendered":"https:\/\/maxima-studios.com\/produit\/sirui-cob-300x\/"},"modified":"2026-04-13T20:45:07","modified_gmt":"2026-04-13T18:45:07","slug":"sirui-cob-300x-bi-color","status":"publish","type":"product","link":"https:\/\/maxima-studios.com\/en\/product\/sirui-cob-300x-bi-color\/","title":{"rendered":"SIRUI COB 300X BI-COLOR"},"content":{"rendered":"<p>Le Sirui C300X est un projecteur LED COB bi-color de 300 W, compact et puissant, parfait pour vos tournages en int\u00e9rieur comme en ext\u00e9rieur. Avec une plage de temp\u00e9rature ajustable de 2700K \u00e0 6500K et un rendu couleur fid\u00e8le (TLCI \u226597), il s\u2019adapte \u00e0 toutes les ambiances lumineuses. Sa monture Bowens assure une compatibilit\u00e9 avec de nombreux accessoires (softbox, fresnel, r\u00e9flecteurs), et son contr\u00f4le via l\u2019application Sirui Light en Bluetooth facilite les r\u00e9glages \u00e0 distance. L\u00e9ger (1,4 kg) et capable de d\u00e9livrer jusqu\u2019\u00e0 10 800 lux \u00e0 1 m\u00e8tre, il combine performance et praticit\u00e9 pour des productions exigeantes.<\/p>","protected":false},"excerpt":{"rendered":"<p>\u00c9clairage COB LED Bi-Color<\/p>\n<p>Puissance : 300W<\/p>\n<p>T\u00b0 : 2700K \u2013 6500K<\/p>\n<p>Monture : Bowens<\/p>","protected":false},"featured_media":19608,"template":"","meta":[],"product_cat":[252],"product_tag":[],"class_list":{"0":"post-19606","1":"product","2":"type-product","3":"status-publish","4":"has-post-thumbnail","6":"product_cat-cob","8":"first","9":"instock","10":"taxable","11":"shipping-taxable","12":"purchasable","13":"product-type-rentable"},"yoast_head":"<!-- This site is optimized with the Yoast SEO plugin v27.3 - https:\/\/yoast.com\/product\/yoast-seo-wordpress\/ -->\n<title>SIRUI COB 300X BI-COLOR - Maximaloc<\/title>\n<meta name=\"robots\" content=\"index, follow, max-snippet:-1, max-image-preview:large, max-video-preview:-1\" \/>\n<link rel=\"canonical\" href=\"https:\/\/maxima-studios.com\/en\/product\/sirui-cob-300x-bi-color\/\" \/>\n<meta property=\"og:locale\" content=\"en_US\" \/>\n<meta property=\"og:type\" content=\"article\" \/>\n<meta property=\"og:title\" content=\"SIRUI COB 300X BI-COLOR - Maximaloc\" \/>\n<meta property=\"og:description\" content=\"\u00c9clairage COB LED Bi-Color Puissance : 300W T\u00b0 : 2700K \u2013 6500K Monture : Bowens\" \/>\n<meta property=\"og:url\" content=\"https:\/\/maxima-studios.com\/en\/product\/sirui-cob-300x-bi-color\/\" \/>\n<meta property=\"og:site_name\" content=\"Maximaloc\" \/>\n<meta property=\"article:publisher\" content=\"https:\/\/www.facebook.com\/Maximalocation\" \/>\n<meta property=\"article:modified_time\" content=\"2026-04-13T18:45:07+00:00\" \/>\n<meta property=\"og:image\" content=\"https:\/\/maxima-studios.com\/wp-content\/uploads\/2025\/05\/SIRUI-300X-1.png\" \/>\n\t<meta property=\"og:image:width\" content=\"1000\" \/>\n\t<meta property=\"og:image:height\" content=\"1000\" \/>\n\t<meta property=\"og:image:type\" content=\"image\/png\" \/>\n<meta name=\"twitter:card\" content=\"summary_large_image\" \/>\n<meta name=\"twitter:label1\" content=\"Est. reading time\" \/>\n\t<meta name=\"twitter:data1\" content=\"1 minute\" \/>\n<script type=\"application\/ld+json\" class=\"yoast-schema-graph\">{\"@context\":\"https:\\\/\\\/schema.org\",\"@graph\":[{\"@type\":\"WebPage\",\"@id\":\"https:\\\/\\\/maxima-studios.com\\\/produit\\\/sirui-cob-300x-bi-color\\\/\",\"url\":\"https:\\\/\\\/maxima-studios.com\\\/produit\\\/sirui-cob-300x-bi-color\\\/\",\"name\":\"SIRUI COB 300X BI-COLOR - Maximaloc\",\"isPartOf\":{\"@id\":\"https:\\\/\\\/maxima-studios.com\\\/#website\"},\"primaryImageOfPage\":{\"@id\":\"https:\\\/\\\/maxima-studios.com\\\/produit\\\/sirui-cob-300x-bi-color\\\/#primaryimage\"},\"image\":{\"@id\":\"https:\\\/\\\/maxima-studios.com\\\/produit\\\/sirui-cob-300x-bi-color\\\/#primaryimage\"},\"thumbnailUrl\":\"https:\\\/\\\/maxima-studios.com\\\/wp-content\\\/uploads\\\/2025\\\/05\\\/SIRUI-300X-1.png\",\"datePublished\":\"2025-05-20T17:48:07+00:00\",\"dateModified\":\"2026-04-13T18:45:07+00:00\",\"breadcrumb\":{\"@id\":\"https:\\\/\\\/maxima-studios.com\\\/produit\\\/sirui-cob-300x-bi-color\\\/#breadcrumb\"},\"inLanguage\":\"en-US\",\"potentialAction\":[{\"@type\":\"ReadAction\",\"target\":[\"https:\\\/\\\/maxima-studios.com\\\/produit\\\/sirui-cob-300x-bi-color\\\/\"]}]},{\"@type\":\"ImageObject\",\"inLanguage\":\"en-US\",\"@id\":\"https:\\\/\\\/maxima-studios.com\\\/produit\\\/sirui-cob-300x-bi-color\\\/#primaryimage\",\"url\":\"https:\\\/\\\/maxima-studios.com\\\/wp-content\\\/uploads\\\/2025\\\/05\\\/SIRUI-300X-1.png\",\"contentUrl\":\"https:\\\/\\\/maxima-studios.com\\\/wp-content\\\/uploads\\\/2025\\\/05\\\/SIRUI-300X-1.png\",\"width\":1000,\"height\":1000},{\"@type\":\"BreadcrumbList\",\"@id\":\"https:\\\/\\\/maxima-studios.com\\\/produit\\\/sirui-cob-300x-bi-color\\\/#breadcrumb\",\"itemListElement\":[{\"@type\":\"ListItem\",\"position\":1,\"name\":\"Accueil\",\"item\":\"https:\\\/\\\/maxima-studios.com\\\/\"},{\"@type\":\"ListItem\",\"position\":2,\"name\":\"BOUTIQUE\",\"item\":\"https:\\\/\\\/maxima-studios.com\\\/boutique\\\/\"},{\"@type\":\"ListItem\",\"position\":3,\"name\":\"SIRUI COB 300X BI-COLOR\"}]},{\"@type\":\"WebSite\",\"@id\":\"https:\\\/\\\/maxima-studios.com\\\/#website\",\"url\":\"https:\\\/\\\/maxima-studios.com\\\/\",\"name\":\"Maximaloc\",\"description\":\"\",\"publisher\":{\"@id\":\"https:\\\/\\\/maxima-studios.com\\\/#organization\"},\"potentialAction\":[{\"@type\":\"SearchAction\",\"target\":{\"@type\":\"EntryPoint\",\"urlTemplate\":\"https:\\\/\\\/maxima-studios.com\\\/?s={search_term_string}\"},\"query-input\":{\"@type\":\"PropertyValueSpecification\",\"valueRequired\":true,\"valueName\":\"search_term_string\"}}],\"inLanguage\":\"en-US\"},{\"@type\":\"Organization\",\"@id\":\"https:\\\/\\\/maxima-studios.com\\\/#organization\",\"name\":\"Maximaloc\",\"url\":\"https:\\\/\\\/maxima-studios.com\\\/\",\"logo\":{\"@type\":\"ImageObject\",\"inLanguage\":\"en-US\",\"@id\":\"https:\\\/\\\/maxima-studios.com\\\/#\\\/schema\\\/logo\\\/image\\\/\",\"url\":\"https:\\\/\\\/maxima-studios.com\\\/wp-content\\\/uploads\\\/2024\\\/03\\\/logo_noir-scaled.png\",\"contentUrl\":\"https:\\\/\\\/maxima-studios.com\\\/wp-content\\\/uploads\\\/2024\\\/03\\\/logo_noir-scaled.png\",\"width\":2560,\"height\":268,\"caption\":\"Maximaloc\"},\"image\":{\"@id\":\"https:\\\/\\\/maxima-studios.com\\\/#\\\/schema\\\/logo\\\/image\\\/\"},\"sameAs\":[\"https:\\\/\\\/www.facebook.com\\\/Maximalocation\"]}]}<\/script>\n<!-- \/ Yoast SEO plugin. -->","yoast_head_json":{"title":"SIRUI COB 300X BI-COLOR - Maximaloc","robots":{"index":"index","follow":"follow","max-snippet":"max-snippet:-1","max-image-preview":"max-image-preview:large","max-video-preview":"max-video-preview:-1"},"canonical":"https:\/\/maxima-studios.com\/en\/product\/sirui-cob-300x-bi-color\/","og_locale":"en_US","og_type":"article","og_title":"SIRUI COB 300X BI-COLOR - Maximaloc","og_description":"\u00c9clairage COB LED Bi-Color Puissance : 300W T\u00b0 : 2700K \u2013 6500K Monture : Bowens","og_url":"https:\/\/maxima-studios.com\/en\/product\/sirui-cob-300x-bi-color\/","og_site_name":"Maximaloc","article_publisher":"https:\/\/www.facebook.com\/Maximalocation","article_modified_time":"2026-04-13T18:45:07+00:00","og_image":[{"width":1000,"height":1000,"url":"https:\/\/maxima-studios.com\/wp-content\/uploads\/2025\/05\/SIRUI-300X-1.png","type":"image\/png"}],"twitter_card":"summary_large_image","twitter_misc":{"Est. reading time":"1 minute"},"schema":{"@context":"https:\/\/schema.org","@graph":[{"@type":"WebPage","@id":"https:\/\/maxima-studios.com\/produit\/sirui-cob-300x-bi-color\/","url":"https:\/\/maxima-studios.com\/produit\/sirui-cob-300x-bi-color\/","name":"SIRUI COB 300X BI-COLOR - Maximaloc","isPartOf":{"@id":"https:\/\/maxima-studios.com\/#website"},"primaryImageOfPage":{"@id":"https:\/\/maxima-studios.com\/produit\/sirui-cob-300x-bi-color\/#primaryimage"},"image":{"@id":"https:\/\/maxima-studios.com\/produit\/sirui-cob-300x-bi-color\/#primaryimage"},"thumbnailUrl":"https:\/\/maxima-studios.com\/wp-content\/uploads\/2025\/05\/SIRUI-300X-1.png","datePublished":"2025-05-20T17:48:07+00:00","dateModified":"2026-04-13T18:45:07+00:00","breadcrumb":{"@id":"https:\/\/maxima-studios.com\/produit\/sirui-cob-300x-bi-color\/#breadcrumb"},"inLanguage":"en-US","potentialAction":[{"@type":"ReadAction","target":["https:\/\/maxima-studios.com\/produit\/sirui-cob-300x-bi-color\/"]}]},{"@type":"ImageObject","inLanguage":"en-US","@id":"https:\/\/maxima-studios.com\/produit\/sirui-cob-300x-bi-color\/#primaryimage","url":"https:\/\/maxima-studios.com\/wp-content\/uploads\/2025\/05\/SIRUI-300X-1.png","contentUrl":"https:\/\/maxima-studios.com\/wp-content\/uploads\/2025\/05\/SIRUI-300X-1.png","width":1000,"height":1000},{"@type":"BreadcrumbList","@id":"https:\/\/maxima-studios.com\/produit\/sirui-cob-300x-bi-color\/#breadcrumb","itemListElement":[{"@type":"ListItem","position":1,"name":"Accueil","item":"https:\/\/maxima-studios.com\/"},{"@type":"ListItem","position":2,"name":"BOUTIQUE","item":"https:\/\/maxima-studios.com\/boutique\/"},{"@type":"ListItem","position":3,"name":"SIRUI COB 300X BI-COLOR"}]},{"@type":"WebSite","@id":"https:\/\/maxima-studios.com\/#website","url":"https:\/\/maxima-studios.com\/","name":"Maximaloc","description":"","publisher":{"@id":"https:\/\/maxima-studios.com\/#organization"},"potentialAction":[{"@type":"SearchAction","target":{"@type":"EntryPoint","urlTemplate":"https:\/\/maxima-studios.com\/?s={search_term_string}"},"query-input":{"@type":"PropertyValueSpecification","valueRequired":true,"valueName":"search_term_string"}}],"inLanguage":"en-US"},{"@type":"Organization","@id":"https:\/\/maxima-studios.com\/#organization","name":"Maximaloc","url":"https:\/\/maxima-studios.com\/","logo":{"@type":"ImageObject","inLanguage":"en-US","@id":"https:\/\/maxima-studios.com\/#\/schema\/logo\/image\/","url":"https:\/\/maxima-studios.com\/wp-content\/uploads\/2024\/03\/logo_noir-scaled.png","contentUrl":"https:\/\/maxima-studios.com\/wp-content\/uploads\/2024\/03\/logo_noir-scaled.png","width":2560,"height":268,"caption":"Maximaloc"},"image":{"@id":"https:\/\/maxima-studios.com\/#\/schema\/logo\/image\/"},"sameAs":["https:\/\/www.facebook.com\/Maximalocation"]}]}},"_links":{"self":[{"href":"https:\/\/maxima-studios.com\/en\/wp-json\/wp\/v2\/product\/19606","targetHints":{"allow":["GET"]}}],"collection":[{"href":"https:\/\/maxima-studios.com\/en\/wp-json\/wp\/v2\/product"}],"about":[{"href":"https:\/\/maxima-studios.com\/en\/wp-json\/wp\/v2\/types\/product"}],"wp:featuredmedia":[{"embeddable":true,"href":"https:\/\/maxima-studios.com\/en\/wp-json\/wp\/v2\/media\/19608"}],"wp:attachment":[{"href":"https:\/\/maxima-studios.com\/en\/wp-json\/wp\/v2\/media?parent=19606"}],"wp:term":[{"taxonomy":"product_cat","embeddable":true,"href":"https:\/\/maxima-studios.com\/en\/wp-json\/wp\/v2\/product_cat?post=19606"},{"taxonomy":"product_tag","embeddable":true,"href":"https:\/\/maxima-studios.com\/en\/wp-json\/wp\/v2\/product_tag?post=19606"}],"curies":[{"name":"wp","href":"https:\/\/api.w.org\/{rel}","templated":true}]}}