 {"id":19600,"date":"2025-05-20T17:58:55","date_gmt":"2025-05-20T15:58:55","guid":{"rendered":"https:\/\/maxima-studios.com\/produit\/dji-mic-2\/"},"modified":"2026-04-13T20:29:19","modified_gmt":"2026-04-13T18:29:19","slug":"dji-mic-2","status":"publish","type":"product","link":"https:\/\/maxima-studios.com\/en\/product\/dji-mic-2\/","title":{"rendered":"DJI MIC 2"},"content":{"rendered":"<p>Le DJI Mic 2 est un syst\u00e8me HF de micro-cravate compos\u00e9 de deux \u00e9metteurs et d\u2019un r\u00e9cepteur,<\/p>\n<p>con\u00e7u pour offrir une captation audio fiable et professionnelle sur cam\u00e9ra, appareil photo, smartphone ou ordinateur.<\/p>\n<p>Simple d\u2019utilisation, il garantit un son propre et constant dans toutes les situations.<\/p>\n<p>Les deux \u00e9metteurs int\u00e8grent des micros omnidirectionnels discrets et l\u00e9gers, avec fixation magn\u00e9tique ou clip,<\/p>\n<p>ainsi qu\u2019un enregistrement interne en 32 bits flottants pour une qualit\u00e9 optimale.<\/p>\n<p>Ils offrent une port\u00e9e jusqu\u2019\u00e0 160 m, une r\u00e9duction de bruit int\u00e9gr\u00e9e et sont fournis avec bonnettes anti-vent.<\/p>\n<p>Il est \u00e9galement possible d\u2019y connecter des micros-cravates externes.<\/p>\n<p>Le r\u00e9cepteur compact se fixe facilement \u00e0 une cam\u00e9ra ou se connecte directement \u00e0 un smartphone\/ordinateur<\/p>\n<p>gr\u00e2ce aux ports Lightning et USB-C. Il int\u00e8gre des pr\u00e9r\u00e9glages de gain adapt\u00e9s \u00e0 de nombreux mod\u00e8les de cam\u00e9ras<\/p>\n<p>et dispose d\u2019un \u00e9cran OLED 1,1&#8243; avec molette pour un acc\u00e8s rapide aux r\u00e9glages essentiels.<\/p>\n<p>\u00a0<\/p>\n<p><strong>Points forts<br \/><\/strong><\/p>\n<ul>\n<li>Syst\u00e8me complet : 2 \u00e9metteurs + 1 r\u00e9cepteur\n<\/li>\n<li>Enregistrement interne 32 bits flottants\n<\/li>\n<li>Port\u00e9e jusqu\u2019\u00e0 160 m\u00e8tres\n<\/li>\n<li>Compatible cam\u00e9ra et smartphone\u00a0\n<\/li>\n<li>Fixation magn\u00e9tique et utilisation ultra-rapide<\/li>\n<\/ul>","protected":false},"excerpt":{"rendered":"<p>Kit Micros HF sans fils pour smartphone et cam\u00e9ras.<\/p>\n<p>2 micros + 1 r\u00e9cepteur<\/p>\n<p>Enregistrement 32 bits flottants en interne<\/p>\n<p>Cables: Mini-jack, lightning et USB-C<\/p>\n<p>\u00a0<\/p>","protected":false},"featured_media":19601,"template":"","meta":[],"product_cat":[338],"product_tag":[344,345,348],"class_list":{"0":"post-19600","1":"product","2":"type-product","3":"status-publish","4":"has-post-thumbnail","6":"product_cat-micros-categorie","7":"product_tag-micro-hf-et-cravate","8":"product_tag-autres-micro","9":"product_tag-enregistreur-mixette","11":"first","12":"instock","13":"taxable","14":"shipping-taxable","15":"purchasable","16":"product-type-rentable"},"_links":{"self":[{"href":"https:\/\/maxima-studios.com\/en\/wp-json\/wp\/v2\/product\/19600","targetHints":{"allow":["GET"]}}],"collection":[{"href":"https:\/\/maxima-studios.com\/en\/wp-json\/wp\/v2\/product"}],"about":[{"href":"https:\/\/maxima-studios.com\/en\/wp-json\/wp\/v2\/types\/product"}],"wp:featuredmedia":[{"embeddable":true,"href":"https:\/\/maxima-studios.com\/en\/wp-json\/wp\/v2\/media\/19601"}],"wp:attachment":[{"href":"https:\/\/maxima-studios.com\/en\/wp-json\/wp\/v2\/media?parent=19600"}],"wp:term":[{"taxonomy":"product_cat","embeddable":true,"href":"https:\/\/maxima-studios.com\/en\/wp-json\/wp\/v2\/product_cat?post=19600"},{"taxonomy":"product_tag","embeddable":true,"href":"https:\/\/maxima-studios.com\/en\/wp-json\/wp\/v2\/product_tag?post=19600"}],"curies":[{"name":"wp","href":"https:\/\/api.w.org\/{rel}","templated":true}]}}