 {"id":19398,"date":"2025-05-07T10:25:09","date_gmt":"2025-05-07T08:25:09","guid":{"rendered":"https:\/\/maxima-studios.com\/produit\/machine-a-cafe-nespresso\/"},"modified":"2026-04-13T20:29:15","modified_gmt":"2026-04-13T18:29:15","slug":"machine-a-cafe-nespresso","status":"publish","type":"product","link":"https:\/\/maxima-studios.com\/en\/product\/machine-a-cafe-nespresso\/","title":{"rendered":"MACHINE \u00c0 CAF\u00c9 NESPRESSO"},"content":{"rendered":"<p>Parfaite pour une r\u00e9gie de tournage, la Nespresso Inissia est compacte et l\u00e9g\u00e8re, elle trouve facilement sa place m\u00eame dans les espaces restreints.<\/p>\n<p>Rapide et silencieuse, elle permet \u00e0 l\u2019\u00e9quipe de rester concentr\u00e9e tout en profitant d\u2019un excellent caf\u00e9 \u00e0 tout moment.<\/p>","protected":false},"excerpt":{"rendered":"<p>Capacit\u00e9 : 0,7 litre (environ 7 \u00e0 9 expressos par remplissage)<br \/>Puissance : 1260 watts<\/p>","protected":false},"featured_media":19404,"template":"","meta":[],"product_cat":[403],"product_tag":[1173],"class_list":{"0":"post-19398","1":"product","2":"type-product","3":"status-publish","4":"has-post-thumbnail","6":"product_cat-alimentaire","7":"product_tag-alimentaire","9":"first","10":"instock","11":"taxable","12":"shipping-taxable","13":"purchasable","14":"product-type-rentable"},"_links":{"self":[{"href":"https:\/\/maxima-studios.com\/en\/wp-json\/wp\/v2\/product\/19398","targetHints":{"allow":["GET"]}}],"collection":[{"href":"https:\/\/maxima-studios.com\/en\/wp-json\/wp\/v2\/product"}],"about":[{"href":"https:\/\/maxima-studios.com\/en\/wp-json\/wp\/v2\/types\/product"}],"wp:featuredmedia":[{"embeddable":true,"href":"https:\/\/maxima-studios.com\/en\/wp-json\/wp\/v2\/media\/19404"}],"wp:attachment":[{"href":"https:\/\/maxima-studios.com\/en\/wp-json\/wp\/v2\/media?parent=19398"}],"wp:term":[{"taxonomy":"product_cat","embeddable":true,"href":"https:\/\/maxima-studios.com\/en\/wp-json\/wp\/v2\/product_cat?post=19398"},{"taxonomy":"product_tag","embeddable":true,"href":"https:\/\/maxima-studios.com\/en\/wp-json\/wp\/v2\/product_tag?post=19398"}],"curies":[{"name":"wp","href":"https:\/\/api.w.org\/{rel}","templated":true}]}}