 {"id":19318,"date":"2025-05-02T12:33:22","date_gmt":"2025-05-02T10:33:22","guid":{"rendered":"https:\/\/maxima-studios.com\/produit\/sigma-art-28-105-f2-8-dg-dn-e\/"},"modified":"2026-04-13T20:29:13","modified_gmt":"2026-04-13T18:29:13","slug":"sigma-art-28-105-f2-8-dg-dn-e","status":"publish","type":"product","link":"https:\/\/maxima-studios.com\/en\/product\/sigma-art-28-105-f2-8-dg-dn-e\/","title":{"rendered":"SIGMA-ART 28-105 F2.8 DG DN E"},"content":{"rendered":"<p>Le Sigma 28-105mm F2.8 DG DN Art est un zoom polyvalent ultra-lumineux con\u00e7u pour les appareils hybrides plein format Sony E. Sa plage focale tr\u00e8s large permet des prises de vue exceptionnelles avec des perspectives exacerb\u00e9es. Gr\u00e2ce \u00e0 son ouverture maximale constante de f\/2.8, et \u00e0 l\u2019autofocus rapide et pr\u00e9cis, le Sigma art 28-105 permet d&#8217;obtenir des performances sup\u00e9rieures en mati\u00e8re de nettet\u00e9 et de contraste, avec un minimum de distorsion et d&#8217;aberrations chromatiques.<\/p>\n<p>A utiliser pour des photos et vid\u00e9os de paysages, avec le Snorricam, le Casque POV ou nos KIT Ventouses pour des prises de vue de voiture.<\/p>\n<p><strong>Points Forts :<\/strong><\/p>\n<ul>\n<li>Plage focale tr\u00e8s polyvalente\u00a0<\/li>\n<li>Ouverture constante de f\/2.8<\/li>\n<li>Construction robuste et r\u00e9sistante aux intemp\u00e9ries<\/li>\n<li>Autofocus rapide et pr\u00e9cis\u00a0<\/li>\n<\/ul>","protected":false},"excerpt":{"rendered":"<p>Zoom polyvalent\u00a0<\/p>\n<p>Monture : E<\/p>\n<p>Format : Full Frame<\/p>","protected":false},"featured_media":19319,"template":"","meta":[],"product_cat":[232],"product_tag":[],"class_list":{"0":"post-19318","1":"product","2":"type-product","3":"status-publish","4":"has-post-thumbnail","6":"product_cat-sony-e","8":"first","9":"instock","10":"featured","11":"taxable","12":"shipping-taxable","13":"purchasable","14":"product-type-rentable"},"_links":{"self":[{"href":"https:\/\/maxima-studios.com\/en\/wp-json\/wp\/v2\/product\/19318","targetHints":{"allow":["GET"]}}],"collection":[{"href":"https:\/\/maxima-studios.com\/en\/wp-json\/wp\/v2\/product"}],"about":[{"href":"https:\/\/maxima-studios.com\/en\/wp-json\/wp\/v2\/types\/product"}],"wp:featuredmedia":[{"embeddable":true,"href":"https:\/\/maxima-studios.com\/en\/wp-json\/wp\/v2\/media\/19319"}],"wp:attachment":[{"href":"https:\/\/maxima-studios.com\/en\/wp-json\/wp\/v2\/media?parent=19318"}],"wp:term":[{"taxonomy":"product_cat","embeddable":true,"href":"https:\/\/maxima-studios.com\/en\/wp-json\/wp\/v2\/product_cat?post=19318"},{"taxonomy":"product_tag","embeddable":true,"href":"https:\/\/maxima-studios.com\/en\/wp-json\/wp\/v2\/product_tag?post=19318"}],"curies":[{"name":"wp","href":"https:\/\/api.w.org\/{rel}","templated":true}]}}