 {"id":19063,"date":"2025-03-31T17:50:04","date_gmt":"2025-03-31T15:50:04","guid":{"rendered":"https:\/\/maxima-studios.com\/produit\/moniteur-feelwold-55\/"},"modified":"2026-04-13T20:23:20","modified_gmt":"2026-04-13T18:23:20","slug":"moniteur-feelworld-55","status":"publish","type":"product","link":"https:\/\/maxima-studios.com\/en\/product\/moniteur-feelworld-55\/","title":{"rendered":"MONITEUR FEELWORLD 5,5&#8243;"},"content":{"rendered":"<p>Moniteur 5\u201d qui se fixe facilement directement sur la griffe flash d\u2019un bo\u00eetier via le bras support inclus ou en vis Kodak 1\/4&#8243; avec un mini \/ petit bras magique.<\/p>\n<p>Ce moniteur est tr\u00e8s l\u00e9ger et s\u2019adapte \u00e0 une grande vari\u00e9t\u00e9 de configs. Il int\u00e8gre \u00e9galement tous les outils de contr\u00f4le de l\u2019image\u00a0 (waveform, histogramme, peaking, zebra, marker, etc.). Coupl\u00e9 \u00e0 une batterie NP-F990, son autonomie est d\u2019environ 7h<\/p>\n<p>\u00a0<\/p>\n<p><u><strong>Points forts :<\/strong><\/u><\/p>\n<p>Sortie d\u2019alimentation dummy batterie NP-F pour votre r\u00e9cepteur vid\u00e9o<br \/>Peu on\u00e9reux, l\u00e9ger et compact<br \/>Large gamme d\u2019outils vid\u00e9o<\/p>","protected":false},"excerpt":{"rendered":"<p>Moniteur 5.5\u201d<\/p>\n<p>D\u00e9finition : 1920p x 1080p\u00a0<\/p>\n<p>Connectiques signal vid\u00e9o : HDMI<\/p>","protected":false},"featured_media":19150,"template":"","meta":[],"product_cat":[317],"product_tag":[329,322,1388],"class_list":{"0":"post-19063","1":"product","2":"type-product","3":"status-publish","4":"has-post-thumbnail","6":"product_cat-moniteur","7":"product_tag-329","8":"product_tag-5-pouces","9":"product_tag-moniteur","11":"first","12":"instock","13":"taxable","14":"shipping-taxable","15":"purchasable","16":"product-type-rentable"},"_links":{"self":[{"href":"https:\/\/maxima-studios.com\/en\/wp-json\/wp\/v2\/product\/19063","targetHints":{"allow":["GET"]}}],"collection":[{"href":"https:\/\/maxima-studios.com\/en\/wp-json\/wp\/v2\/product"}],"about":[{"href":"https:\/\/maxima-studios.com\/en\/wp-json\/wp\/v2\/types\/product"}],"wp:featuredmedia":[{"embeddable":true,"href":"https:\/\/maxima-studios.com\/en\/wp-json\/wp\/v2\/media\/19150"}],"wp:attachment":[{"href":"https:\/\/maxima-studios.com\/en\/wp-json\/wp\/v2\/media?parent=19063"}],"wp:term":[{"taxonomy":"product_cat","embeddable":true,"href":"https:\/\/maxima-studios.com\/en\/wp-json\/wp\/v2\/product_cat?post=19063"},{"taxonomy":"product_tag","embeddable":true,"href":"https:\/\/maxima-studios.com\/en\/wp-json\/wp\/v2\/product_tag?post=19063"}],"curies":[{"name":"wp","href":"https:\/\/api.w.org\/{rel}","templated":true}]}}