 {"id":19007,"date":"2025-03-26T17:44:09","date_gmt":"2025-03-26T16:44:09","guid":{"rendered":"https:\/\/maxima-studios.com\/produit\/cf-express-type-a-320-go\/"},"modified":"2026-04-13T20:23:18","modified_gmt":"2026-04-13T18:23:18","slug":"cf-express-type-a-320-go","status":"publish","type":"product","link":"https:\/\/maxima-studios.com\/en\/product\/cf-express-type-a-320-go\/","title":{"rendered":"CF-EXPRESS TYPE A 320 Go"},"content":{"rendered":"<p>La Sony CF Express Type A \u00e0 \u00e9t\u00e9 con\u00e7ue pour offrir une une performance ultra rapide dans la cr\u00e9ation vid\u00e9o et photos.<\/p>\n<p>Id\u00e9al pour les appareils avanc\u00e9s de la s\u00e9rie A, tel que la FX3,FX3 ou l\u2019A7SIII, vous b\u00e9n\u00e9ficierez d\u2019 une vitesse extraordinaire.<\/p>\n<p>Avec un d\u00e9bit d\u2019\u00e9criture allant jusqu&#8217;\u00e0 700 Mo\/s (soit deux fois sup\u00e9rieure \u00e0 celle des cartes SDXC) \u00e0 la qualit\u00e9 maximale, dans l\u2019ensemble des modes disponibles, notamment en ralenti S&amp;Q All Intra. Elle permet \u00e9galement l\u2019enregistrement des proxys, fonction indisponible avec une carte SD V90.<\/p>\n<p>Le lecteur de carte CF Express Typa A, n\u00e9cessaire pour pouvoir lire les fichiers sur ordinateur, est inclus avec la location de la carte.<\/p>","protected":false},"excerpt":{"rendered":"<p>Compatible avec la FX6, FX3, FX30, l&#8217;A7SIII et l&#8217;A7 IV<\/p>","protected":false},"featured_media":19029,"template":"","meta":[],"product_cat":[384],"product_tag":[],"class_list":{"0":"post-19007","1":"product","2":"type-product","3":"status-publish","4":"has-post-thumbnail","6":"product_cat-carte-cf","8":"first","9":"instock","10":"taxable","11":"shipping-taxable","12":"purchasable","13":"product-type-rentable"},"_links":{"self":[{"href":"https:\/\/maxima-studios.com\/en\/wp-json\/wp\/v2\/product\/19007","targetHints":{"allow":["GET"]}}],"collection":[{"href":"https:\/\/maxima-studios.com\/en\/wp-json\/wp\/v2\/product"}],"about":[{"href":"https:\/\/maxima-studios.com\/en\/wp-json\/wp\/v2\/types\/product"}],"wp:featuredmedia":[{"embeddable":true,"href":"https:\/\/maxima-studios.com\/en\/wp-json\/wp\/v2\/media\/19029"}],"wp:attachment":[{"href":"https:\/\/maxima-studios.com\/en\/wp-json\/wp\/v2\/media?parent=19007"}],"wp:term":[{"taxonomy":"product_cat","embeddable":true,"href":"https:\/\/maxima-studios.com\/en\/wp-json\/wp\/v2\/product_cat?post=19007"},{"taxonomy":"product_tag","embeddable":true,"href":"https:\/\/maxima-studios.com\/en\/wp-json\/wp\/v2\/product_tag?post=19007"}],"curies":[{"name":"wp","href":"https:\/\/api.w.org\/{rel}","templated":true}]}}