 {"id":19006,"date":"2025-03-26T17:44:09","date_gmt":"2025-03-26T16:44:09","guid":{"rendered":"https:\/\/maxima-studios.com\/produit\/avenger-rotule-gab-gobo-d250\/"},"modified":"2026-04-13T20:23:18","modified_gmt":"2026-04-13T18:23:18","slug":"avenger-rotule-d250-gab-gobo","status":"publish","type":"product","link":"https:\/\/maxima-studios.com\/en\/product\/avenger-rotule-d250-gab-gobo\/","title":{"rendered":"AVENGER ROTULE D250 &#8211; GAB GOBO"},"content":{"rendered":"<p>La rotule Avenger D250 accepte plusieurs diam\u00e8tres, permettant ainsi de s&#8217;adapter \u00e0 n&#8217;importe quelle taille de drapeau, de bras de d\u00e9port, de r\u00e9flecteur ou de barres de rallonge.<\/p>\n<p>Utilisable dans de multiples configurations et tr\u00e8s polyvalente, elle permet principalement d\u2019utiliser plusieurs drapeaux ou rideaux en m\u00eame temps.\u00a0<\/p>","protected":false},"excerpt":{"rendered":"<p>Rotule Avenger D250<\/p>","protected":false},"featured_media":19027,"template":"","meta":[],"product_cat":[398],"product_tag":[],"class_list":{"0":"post-19006","1":"product","2":"type-product","3":"status-publish","4":"has-post-thumbnail","6":"product_cat-bijoute-lumiere-categorie-grip","8":"first","9":"instock","10":"taxable","11":"shipping-taxable","12":"purchasable","13":"product-type-rentable"},"_links":{"self":[{"href":"https:\/\/maxima-studios.com\/en\/wp-json\/wp\/v2\/product\/19006","targetHints":{"allow":["GET"]}}],"collection":[{"href":"https:\/\/maxima-studios.com\/en\/wp-json\/wp\/v2\/product"}],"about":[{"href":"https:\/\/maxima-studios.com\/en\/wp-json\/wp\/v2\/types\/product"}],"wp:featuredmedia":[{"embeddable":true,"href":"https:\/\/maxima-studios.com\/en\/wp-json\/wp\/v2\/media\/19027"}],"wp:attachment":[{"href":"https:\/\/maxima-studios.com\/en\/wp-json\/wp\/v2\/media?parent=19006"}],"wp:term":[{"taxonomy":"product_cat","embeddable":true,"href":"https:\/\/maxima-studios.com\/en\/wp-json\/wp\/v2\/product_cat?post=19006"},{"taxonomy":"product_tag","embeddable":true,"href":"https:\/\/maxima-studios.com\/en\/wp-json\/wp\/v2\/product_tag?post=19006"}],"curies":[{"name":"wp","href":"https:\/\/api.w.org\/{rel}","templated":true}]}}