 {"id":19005,"date":"2025-03-26T17:44:08","date_gmt":"2025-03-26T16:44:08","guid":{"rendered":"https:\/\/maxima-studios.com\/produit\/avenger-barrel-clamp-c345bk-1\/"},"modified":"2026-04-13T20:23:18","modified_gmt":"2026-04-13T18:23:18","slug":"avenger-barrel-clamp-c345bk-1","status":"publish","type":"product","link":"https:\/\/maxima-studios.com\/en\/product\/avenger-barrel-clamp-c345bk-1\/","title":{"rendered":"AVENGER BARREL CLAMP C345BK-1"},"content":{"rendered":"<p><u><strong>Points forts :<\/strong><\/u><\/p>\n<ul>\n<li>Rapide et facile \u00e0 monter<\/li>\n<li>Robuste et fiable<\/li>\n<\/ul>\n<p>Le barrel clamp avenger C345BK-1 est une fixation sur tubes (de diam\u00e8tre allant de 42 mm \u00e0 52 mm) pour lumi\u00e8res en aluminium et fonte. Il dispose d\u2019un spigot de 16mm m\u00e2le\u00a0 \u00a0 \u00a0 (supportant jusqu\u2019\u00e0 40 kg) ainsi qu\u2019un spigot femelle de 28mm (supportant jusqu\u2019\u00e0 300 kg).<\/p>\n<p>La pince est \u00e9quip\u00e9e d\u2019un c\u00e2ble de s\u00e9curit\u00e9 avec goupille pour la fixation Junior et d\u2019une vis papillon suppl\u00e9mentaire pour s\u00e9curiser encore plus la fixation au besoin.<\/p>","protected":false},"excerpt":{"rendered":"<p>Grip Lumi\u00e8re et Machinerie<\/p>\n<p>Compatibilit\u00e9 : tubes 50mm\u00a0\u2205<\/p>","protected":false},"featured_media":19026,"template":"","meta":[],"product_cat":[398],"product_tag":[],"class_list":{"0":"post-19005","1":"product","2":"type-product","3":"status-publish","4":"has-post-thumbnail","6":"product_cat-bijoute-lumiere-categorie-grip","8":"first","9":"instock","10":"taxable","11":"shipping-taxable","12":"purchasable","13":"product-type-rentable"},"_links":{"self":[{"href":"https:\/\/maxima-studios.com\/en\/wp-json\/wp\/v2\/product\/19005","targetHints":{"allow":["GET"]}}],"collection":[{"href":"https:\/\/maxima-studios.com\/en\/wp-json\/wp\/v2\/product"}],"about":[{"href":"https:\/\/maxima-studios.com\/en\/wp-json\/wp\/v2\/types\/product"}],"wp:featuredmedia":[{"embeddable":true,"href":"https:\/\/maxima-studios.com\/en\/wp-json\/wp\/v2\/media\/19026"}],"wp:attachment":[{"href":"https:\/\/maxima-studios.com\/en\/wp-json\/wp\/v2\/media?parent=19005"}],"wp:term":[{"taxonomy":"product_cat","embeddable":true,"href":"https:\/\/maxima-studios.com\/en\/wp-json\/wp\/v2\/product_cat?post=19005"},{"taxonomy":"product_tag","embeddable":true,"href":"https:\/\/maxima-studios.com\/en\/wp-json\/wp\/v2\/product_tag?post=19005"}],"curies":[{"name":"wp","href":"https:\/\/api.w.org\/{rel}","templated":true}]}}