 {"id":18952,"date":"2025-03-18T11:28:15","date_gmt":"2025-03-18T10:28:15","guid":{"rendered":"https:\/\/maxima-studios.com\/produit\/canon-5d-mk-ii\/"},"modified":"2026-04-13T20:23:18","modified_gmt":"2026-04-13T18:23:18","slug":"canon-5d-mk-ii","status":"publish","type":"product","link":"https:\/\/maxima-studios.com\/en\/product\/canon-5d-mk-ii\/","title":{"rendered":"CANON 5D MK II"},"content":{"rendered":"<p>L&#8217;EOS 5D Mark II est un appareil photographique r\u00e9flex num\u00e9rique \u00e0 objectif interchangeable. \u00c9quip\u00e9 d\u2019un capteur CMOS de 21,1 m\u00e9gapixels, associ\u00e9 au processeur DIGIC 4 ce bo\u00eetier permet de produire des images tr\u00e8s d\u00e9taill\u00e9es, avec une reproduction fid\u00e8le des couleurs et une large dynamique. Par ailleurs, la fonction d&#8217;enregistrement vid\u00e9o Full HD d\u00e9cuple les possibilit\u00e9s. Sa plage de sensibilit\u00e9 s\u2019\u00e9tend de 100 \u00e0 6400 ISO (extensible jusqu\u2019\u00e0 25 600 ISO), offrant de bons r\u00e9sultats m\u00eame en basse lumi\u00e8re.<\/p>\n<p>En photographie, le bo\u00eetier propose une prise de vue en rafale jusqu\u2019\u00e0 3,9 images par seconde, ainsi qu\u2019un syst\u00e8me autofocus \u00e0 9 collimateurs avec points d\u2019assistance, adapt\u00e9 \u00e0 la plupart des situations courantes.<\/p>\n<p>Le Canon 5D Mark II est \u00e9galement reconnu pour avoir popularis\u00e9 la vid\u00e9o sur reflex, en proposant l\u2019enregistrement en Full HD 1080p (24\/25\/30 fps) avec compression H.264. Son d\u00e9bit vid\u00e9o d\u2019environ 38 \u00e0 45 Mbit\/s offre une qualit\u00e9 solide pour des productions cr\u00e9atives.<\/p>\n<p>Son \u00e9cran LCD de 3 pouces facilite le cadrage et la lecture des images, tandis que sa construction robuste en alliage de magn\u00e9sium assure une bonne durabilit\u00e9. Compatible avec la gamme d\u2019objectifs Canon EF, il reste un choix appr\u00e9ci\u00e9 pour la photographie et la vid\u00e9o, m\u00eame aujourd\u2019hui.<\/p>\n<p>Reconnu pour sa robustesse et ses performances en basse lumi\u00e8re, il convient aussi bien \u00e0 la photographie professionnelle qu\u2019aux projets cr\u00e9atifs. Il int\u00e8gre \u00e9galement l\u2019enregistrement vid\u00e9o Full HD 1080p, faisant de lui un bo\u00eetier polyvalent.<\/p>","protected":false},"excerpt":{"rendered":"<p>21,1 MP \u2013 Full Frame<br \/>Vid\u00e9o : Full HD 1080p jusqu\u2019\u00e0 30 i\/s<br \/>Ralenti : Non disponible\u00a0<br \/>Sortie : HDMI 1080i 8 bit\u00a0<\/p>","protected":false},"featured_media":19023,"template":"","meta":[],"product_cat":[188],"product_tag":[],"class_list":{"0":"post-18952","1":"product","2":"type-product","3":"status-publish","4":"has-post-thumbnail","6":"product_cat-canon-marque","8":"first","9":"instock","10":"taxable","11":"shipping-taxable","12":"purchasable","13":"product-type-rentable"},"_links":{"self":[{"href":"https:\/\/maxima-studios.com\/en\/wp-json\/wp\/v2\/product\/18952","targetHints":{"allow":["GET"]}}],"collection":[{"href":"https:\/\/maxima-studios.com\/en\/wp-json\/wp\/v2\/product"}],"about":[{"href":"https:\/\/maxima-studios.com\/en\/wp-json\/wp\/v2\/types\/product"}],"wp:featuredmedia":[{"embeddable":true,"href":"https:\/\/maxima-studios.com\/en\/wp-json\/wp\/v2\/media\/19023"}],"wp:attachment":[{"href":"https:\/\/maxima-studios.com\/en\/wp-json\/wp\/v2\/media?parent=18952"}],"wp:term":[{"taxonomy":"product_cat","embeddable":true,"href":"https:\/\/maxima-studios.com\/en\/wp-json\/wp\/v2\/product_cat?post=18952"},{"taxonomy":"product_tag","embeddable":true,"href":"https:\/\/maxima-studios.com\/en\/wp-json\/wp\/v2\/product_tag?post=18952"}],"curies":[{"name":"wp","href":"https:\/\/api.w.org\/{rel}","templated":true}]}}