 {"id":18780,"date":"2025-01-31T18:26:25","date_gmt":"2025-01-31T17:26:25","guid":{"rendered":"https:\/\/maxima-studios.com\/produit\/dji-mavic-air-3s\/"},"modified":"2026-04-13T20:44:17","modified_gmt":"2026-04-13T18:44:17","slug":"dji-mavic-air-3s","status":"publish","type":"product","link":"https:\/\/maxima-studios.com\/en\/product\/dji-mavic-air-3s\/","title":{"rendered":"DJI MAVIC AIR 3S"},"content":{"rendered":"<p>Le DJI Air 3S est un drone polyvalent con\u00e7u pour capturer des images a\u00e9riennes impressionnantes avec une grande simplicit\u00e9.<\/p>\n<p>Son design pliable, compact et l\u00e9ger en fait un compagnon id\u00e9al pour les vid\u00e9astes et photographes souhaitant filmer en toute libert\u00e9, sans n\u00e9cessiter une expertise avanc\u00e9e en pilotage.<\/p>\n<p>\u00c9quip\u00e9 d\u2019un double capteur CMOS 1\/1.3\u201d de 48 MP et d\u2019un objectif grand-angle, il permet d\u2019enregistrer des vid\u00e9os en 4K HDR 60p et de r\u00e9aliser des ralentis fluides jusqu\u2019\u00e0 200p en Full HD. Son format Raw et Jpeg garantit une flexibilit\u00e9 optimale en post-production.<\/p>\n<p>Le contr\u00f4le du drone est fluide et intuitif, gr\u00e2ce \u00e0 la radiocommande incluse, utilisable avec un smartphone via l\u2019application DJI Fly. Une option avec \u00e9cran int\u00e9gr\u00e9 est \u00e9galement disponible avec la DJI RC.<\/p>\n<p>Gr\u00e2ce \u00e0 son syst\u00e8me de stabilisation 3 axes, ses quatre antennes et la transmission OcuSync 4.0, le DJI Air 3S offre une connexion fiable et un retour vid\u00e9o fluide jusqu\u2019\u00e0 2 km (20 km en conditions optimales).<\/p>\n<p>Pour simplifier la cr\u00e9ation de contenu, il propose plusieurs modes intelligents comme Master Shots pour g\u00e9n\u00e9rer automatiquement des s\u00e9quences dynamiques, Focus Track pour suivre un sujet en mouvement, QuickShot pour des man\u0153uvres automatis\u00e9es et Hyperlapse pour des effets acc\u00e9l\u00e9r\u00e9s captivants.<\/p>\n<p>Le DJI Air 3S se d\u00e9marque par son accessibilit\u00e9 et ses fonctionnalit\u00e9s avanc\u00e9es, permettant de capturer des prises de vue professionnelles sans effort.<\/p>\n<p>Niveau s\u00e9curit\u00e9, il est \u00e9quip\u00e9 d\u2019un syst\u00e8me d\u2019\u00e9vitement d\u2019obstacles omnidirectionnel, du retour automatique au point de d\u00e9part (Return-to-Home), du g\u00e9orep\u00e9rage et de la technologie Air Sense. Ce dernier avertit en temps r\u00e9el de la pr\u00e9sence d\u2019avions ou d\u2019h\u00e9licopt\u00e8res \u00e0 proximit\u00e9 \u00e9mettant des signaux ADS-B, assurant ainsi des vols plus s\u00fbrs.<\/p>\n<p><strong>Les points forts :<\/strong><\/p>\n<ul>\n<li>Format pliable, l\u00e9ger et facile \u00e0 transporter<\/li>\n<li>Capteur 48 MP avec prise en charge du format Raw<\/li>\n<li>Vid\u00e9o 4K HDR jusqu\u2019\u00e0 60p et slow-motion FHD 200p<\/li>\n<li>Modes de prise de vue intelligents (Master Shots, Focus Track, Hyperlapse\u2026)<\/li>\n<li>\u00c9vitement d\u2019obstacles omnidirectionnel pour un vol s\u00e9curis\u00e9<\/li>\n<\/ul>","protected":false},"excerpt":{"rendered":"<p><strong>CAMERA<\/strong><\/p>\n<p>Capteur : 48 MP (1\/1.3\u201d CMOS, double objectif)<\/p>\n<p>Vid\u00e9o 4K HDR 60p<\/p>\n<p>Slow Motion FHD 200p<\/p>\n<p>\u00a0<\/p>\n<p><strong>DRONE<\/strong><\/p>\n<p>Vmax : 76 km\/h<\/p>\n<p>R\u00e9sistance au vent : 43 km\/h<\/p>","protected":false},"featured_media":18850,"template":"","meta":[],"product_cat":[407],"product_tag":[],"class_list":{"0":"post-18780","1":"product","2":"type-product","3":"status-publish","4":"has-post-thumbnail","6":"product_cat-drone","8":"first","9":"instock","10":"featured","11":"taxable","12":"shipping-taxable","13":"purchasable","14":"product-type-rentable"},"_links":{"self":[{"href":"https:\/\/maxima-studios.com\/en\/wp-json\/wp\/v2\/product\/18780","targetHints":{"allow":["GET"]}}],"collection":[{"href":"https:\/\/maxima-studios.com\/en\/wp-json\/wp\/v2\/product"}],"about":[{"href":"https:\/\/maxima-studios.com\/en\/wp-json\/wp\/v2\/types\/product"}],"wp:featuredmedia":[{"embeddable":true,"href":"https:\/\/maxima-studios.com\/en\/wp-json\/wp\/v2\/media\/18850"}],"wp:attachment":[{"href":"https:\/\/maxima-studios.com\/en\/wp-json\/wp\/v2\/media?parent=18780"}],"wp:term":[{"taxonomy":"product_cat","embeddable":true,"href":"https:\/\/maxima-studios.com\/en\/wp-json\/wp\/v2\/product_cat?post=18780"},{"taxonomy":"product_tag","embeddable":true,"href":"https:\/\/maxima-studios.com\/en\/wp-json\/wp\/v2\/product_tag?post=18780"}],"curies":[{"name":"wp","href":"https:\/\/api.w.org\/{rel}","templated":true}]}}