 {"id":18562,"date":"2025-01-17T12:34:43","date_gmt":"2025-01-17T11:34:43","guid":{"rendered":"https:\/\/maxima-studios.com\/produit\/reflecteur-80x120cm-5-en-1-avec-poignee\/"},"modified":"2026-04-13T20:23:09","modified_gmt":"2026-04-13T18:23:09","slug":"reflecteur-80x120cm-5-en-1-avec-poignee","status":"publish","type":"product","link":"https:\/\/maxima-studios.com\/en\/product\/reflecteur-80x120cm-5-en-1-avec-poignee\/","title":{"rendered":"R\u00c9FLECTEUR 80x120CM 5-EN-1 AVEC POIGNEE"},"content":{"rendered":"<p>R\u00e9flecteur 5 en 1 pliable qui peut \u00eatre utilis\u00e9 en dor\u00e9, argent\u00e9, blanc, noir ou en tant que diff forte.\u00a0<\/p>\n<p>\u00a0<\/p>\n<p>Le r\u00e9flecteur est compos\u00e9 d\u2019une toile translucide de dimensions 80&#215;120 cm ou de 80cm de diam\u00e8tre selon le mod\u00e8le, ainsi que d\u2019une housse r\u00e9versible qui s\u2019installe par dessus et permet de b\u00e9n\u00e9ficier des surfaces dor\u00e9e, argent\u00e9es, noire ou blanche.\u00a0<\/p>\n<p>\u00a0<\/p>\n<p>Tr\u00e8s rapide \u00e0 installer et \u00e0 plier, utilisable \u00e0 la main ou installable sur pied, ce r\u00e9flecteur est un accessoire polyvalent qui sert dans une multitude de situation, en lumi\u00e8re artificielle ou en studio, pour les shooting comme pour les tournages.<\/p>","protected":false},"excerpt":{"rendered":"<p>R\u00e9flecteur Pliable<\/p>\n<p>Taille: \u00f8 80x120cm<\/p>","protected":false},"featured_media":18568,"template":"","meta":[],"product_cat":[263],"product_tag":[],"class_list":{"0":"post-18562","1":"product","2":"type-product","3":"status-publish","4":"has-post-thumbnail","6":"product_cat-reflo-diff-drapeau","8":"first","9":"instock","10":"taxable","11":"shipping-taxable","12":"purchasable","13":"product-type-rentable"},"_links":{"self":[{"href":"https:\/\/maxima-studios.com\/en\/wp-json\/wp\/v2\/product\/18562","targetHints":{"allow":["GET"]}}],"collection":[{"href":"https:\/\/maxima-studios.com\/en\/wp-json\/wp\/v2\/product"}],"about":[{"href":"https:\/\/maxima-studios.com\/en\/wp-json\/wp\/v2\/types\/product"}],"wp:featuredmedia":[{"embeddable":true,"href":"https:\/\/maxima-studios.com\/en\/wp-json\/wp\/v2\/media\/18568"}],"wp:attachment":[{"href":"https:\/\/maxima-studios.com\/en\/wp-json\/wp\/v2\/media?parent=18562"}],"wp:term":[{"taxonomy":"product_cat","embeddable":true,"href":"https:\/\/maxima-studios.com\/en\/wp-json\/wp\/v2\/product_cat?post=18562"},{"taxonomy":"product_tag","embeddable":true,"href":"https:\/\/maxima-studios.com\/en\/wp-json\/wp\/v2\/product_tag?post=18562"}],"curies":[{"name":"wp","href":"https:\/\/api.w.org\/{rel}","templated":true}]}}