 {"id":18561,"date":"2025-01-17T12:34:43","date_gmt":"2025-01-17T11:34:43","guid":{"rendered":"https:\/\/maxima-studios.com\/produit\/polyfork-avenger\/"},"modified":"2026-04-13T20:23:08","modified_gmt":"2026-04-13T18:23:08","slug":"polyfork-avenger","status":"publish","type":"product","link":"https:\/\/maxima-studios.com\/en\/product\/polyfork-avenger\/","title":{"rendered":"POLYFORK AVENGER"},"content":{"rendered":"<p>La polyfork avenger, compacte et l\u00e9g\u00e8re permet de disposer des plaques de polystyr\u00e8ne dans l\u2019angle souhait\u00e9, sur le plateau pour y faire rebondir la lumi\u00e8re.<\/p>","protected":false},"excerpt":{"rendered":"<p>Fourche \u00e0 polystyr\u00e8ne avenger<\/p>","protected":false},"featured_media":19015,"template":"","meta":[],"product_cat":[118],"product_tag":[],"class_list":{"0":"post-18561","1":"product","2":"type-product","3":"status-publish","4":"has-post-thumbnail","6":"product_cat-bijoute-lumiere","8":"first","9":"instock","10":"taxable","11":"shipping-taxable","12":"purchasable","13":"product-type-rentable"},"yoast_head":"<!-- This site is optimized with the Yoast SEO plugin v27.3 - https:\/\/yoast.com\/product\/yoast-seo-wordpress\/ -->\n<title>POLYFORK AVENGER - Maximaloc<\/title>\n<meta name=\"robots\" content=\"index, follow, max-snippet:-1, max-image-preview:large, max-video-preview:-1\" \/>\n<link rel=\"canonical\" href=\"https:\/\/maxima-studios.com\/en\/product\/polyfork-avenger\/\" \/>\n<meta property=\"og:locale\" content=\"en_US\" \/>\n<meta property=\"og:type\" content=\"article\" \/>\n<meta property=\"og:title\" content=\"POLYFORK AVENGER - Maximaloc\" \/>\n<meta property=\"og:description\" content=\"Fourche \u00e0 polystyr\u00e8ne avenger\" \/>\n<meta property=\"og:url\" content=\"https:\/\/maxima-studios.com\/en\/product\/polyfork-avenger\/\" \/>\n<meta property=\"og:site_name\" content=\"Maximaloc\" \/>\n<meta property=\"article:publisher\" content=\"https:\/\/www.facebook.com\/Maximalocation\" \/>\n<meta property=\"article:modified_time\" content=\"2026-04-13T18:23:08+00:00\" \/>\n<meta property=\"og:image\" content=\"https:\/\/maxima-studios.com\/wp-content\/uploads\/2025\/01\/POLYFORK-AVENGER-1.png\" \/>\n\t<meta property=\"og:image:width\" content=\"1000\" \/>\n\t<meta property=\"og:image:height\" content=\"1000\" \/>\n\t<meta property=\"og:image:type\" content=\"image\/png\" \/>\n<meta name=\"twitter:card\" content=\"summary_large_image\" \/>\n<script type=\"application\/ld+json\" class=\"yoast-schema-graph\">{\"@context\":\"https:\\\/\\\/schema.org\",\"@graph\":[{\"@type\":\"WebPage\",\"@id\":\"https:\\\/\\\/maxima-studios.com\\\/produit\\\/polyfork-avenger\\\/\",\"url\":\"https:\\\/\\\/maxima-studios.com\\\/produit\\\/polyfork-avenger\\\/\",\"name\":\"POLYFORK AVENGER - Maximaloc\",\"isPartOf\":{\"@id\":\"https:\\\/\\\/maxima-studios.com\\\/#website\"},\"primaryImageOfPage\":{\"@id\":\"https:\\\/\\\/maxima-studios.com\\\/produit\\\/polyfork-avenger\\\/#primaryimage\"},\"image\":{\"@id\":\"https:\\\/\\\/maxima-studios.com\\\/produit\\\/polyfork-avenger\\\/#primaryimage\"},\"thumbnailUrl\":\"https:\\\/\\\/maxima-studios.com\\\/wp-content\\\/uploads\\\/2025\\\/01\\\/POLYFORK-AVENGER-1.png\",\"datePublished\":\"2025-01-17T11:34:43+00:00\",\"dateModified\":\"2026-04-13T18:23:08+00:00\",\"breadcrumb\":{\"@id\":\"https:\\\/\\\/maxima-studios.com\\\/produit\\\/polyfork-avenger\\\/#breadcrumb\"},\"inLanguage\":\"en-US\",\"potentialAction\":[{\"@type\":\"ReadAction\",\"target\":[\"https:\\\/\\\/maxima-studios.com\\\/produit\\\/polyfork-avenger\\\/\"]}]},{\"@type\":\"ImageObject\",\"inLanguage\":\"en-US\",\"@id\":\"https:\\\/\\\/maxima-studios.com\\\/produit\\\/polyfork-avenger\\\/#primaryimage\",\"url\":\"https:\\\/\\\/maxima-studios.com\\\/wp-content\\\/uploads\\\/2025\\\/01\\\/POLYFORK-AVENGER-1.png\",\"contentUrl\":\"https:\\\/\\\/maxima-studios.com\\\/wp-content\\\/uploads\\\/2025\\\/01\\\/POLYFORK-AVENGER-1.png\",\"width\":1000,\"height\":1000},{\"@type\":\"BreadcrumbList\",\"@id\":\"https:\\\/\\\/maxima-studios.com\\\/produit\\\/polyfork-avenger\\\/#breadcrumb\",\"itemListElement\":[{\"@type\":\"ListItem\",\"position\":1,\"name\":\"Accueil\",\"item\":\"https:\\\/\\\/maxima-studios.com\\\/\"},{\"@type\":\"ListItem\",\"position\":2,\"name\":\"BOUTIQUE\",\"item\":\"https:\\\/\\\/maxima-studios.com\\\/boutique\\\/\"},{\"@type\":\"ListItem\",\"position\":3,\"name\":\"POLYFORK AVENGER\"}]},{\"@type\":\"WebSite\",\"@id\":\"https:\\\/\\\/maxima-studios.com\\\/#website\",\"url\":\"https:\\\/\\\/maxima-studios.com\\\/\",\"name\":\"Maximaloc\",\"description\":\"\",\"publisher\":{\"@id\":\"https:\\\/\\\/maxima-studios.com\\\/#organization\"},\"potentialAction\":[{\"@type\":\"SearchAction\",\"target\":{\"@type\":\"EntryPoint\",\"urlTemplate\":\"https:\\\/\\\/maxima-studios.com\\\/?s={search_term_string}\"},\"query-input\":{\"@type\":\"PropertyValueSpecification\",\"valueRequired\":true,\"valueName\":\"search_term_string\"}}],\"inLanguage\":\"en-US\"},{\"@type\":\"Organization\",\"@id\":\"https:\\\/\\\/maxima-studios.com\\\/#organization\",\"name\":\"Maximaloc\",\"url\":\"https:\\\/\\\/maxima-studios.com\\\/\",\"logo\":{\"@type\":\"ImageObject\",\"inLanguage\":\"en-US\",\"@id\":\"https:\\\/\\\/maxima-studios.com\\\/#\\\/schema\\\/logo\\\/image\\\/\",\"url\":\"https:\\\/\\\/maxima-studios.com\\\/wp-content\\\/uploads\\\/2024\\\/03\\\/logo_noir-scaled.png\",\"contentUrl\":\"https:\\\/\\\/maxima-studios.com\\\/wp-content\\\/uploads\\\/2024\\\/03\\\/logo_noir-scaled.png\",\"width\":2560,\"height\":268,\"caption\":\"Maximaloc\"},\"image\":{\"@id\":\"https:\\\/\\\/maxima-studios.com\\\/#\\\/schema\\\/logo\\\/image\\\/\"},\"sameAs\":[\"https:\\\/\\\/www.facebook.com\\\/Maximalocation\"]}]}<\/script>\n<!-- \/ Yoast SEO plugin. -->","yoast_head_json":{"title":"POLYFORK AVENGER - Maximaloc","robots":{"index":"index","follow":"follow","max-snippet":"max-snippet:-1","max-image-preview":"max-image-preview:large","max-video-preview":"max-video-preview:-1"},"canonical":"https:\/\/maxima-studios.com\/en\/product\/polyfork-avenger\/","og_locale":"en_US","og_type":"article","og_title":"POLYFORK AVENGER - Maximaloc","og_description":"Fourche \u00e0 polystyr\u00e8ne avenger","og_url":"https:\/\/maxima-studios.com\/en\/product\/polyfork-avenger\/","og_site_name":"Maximaloc","article_publisher":"https:\/\/www.facebook.com\/Maximalocation","article_modified_time":"2026-04-13T18:23:08+00:00","og_image":[{"width":1000,"height":1000,"url":"https:\/\/maxima-studios.com\/wp-content\/uploads\/2025\/01\/POLYFORK-AVENGER-1.png","type":"image\/png"}],"twitter_card":"summary_large_image","schema":{"@context":"https:\/\/schema.org","@graph":[{"@type":"WebPage","@id":"https:\/\/maxima-studios.com\/produit\/polyfork-avenger\/","url":"https:\/\/maxima-studios.com\/produit\/polyfork-avenger\/","name":"POLYFORK AVENGER - Maximaloc","isPartOf":{"@id":"https:\/\/maxima-studios.com\/#website"},"primaryImageOfPage":{"@id":"https:\/\/maxima-studios.com\/produit\/polyfork-avenger\/#primaryimage"},"image":{"@id":"https:\/\/maxima-studios.com\/produit\/polyfork-avenger\/#primaryimage"},"thumbnailUrl":"https:\/\/maxima-studios.com\/wp-content\/uploads\/2025\/01\/POLYFORK-AVENGER-1.png","datePublished":"2025-01-17T11:34:43+00:00","dateModified":"2026-04-13T18:23:08+00:00","breadcrumb":{"@id":"https:\/\/maxima-studios.com\/produit\/polyfork-avenger\/#breadcrumb"},"inLanguage":"en-US","potentialAction":[{"@type":"ReadAction","target":["https:\/\/maxima-studios.com\/produit\/polyfork-avenger\/"]}]},{"@type":"ImageObject","inLanguage":"en-US","@id":"https:\/\/maxima-studios.com\/produit\/polyfork-avenger\/#primaryimage","url":"https:\/\/maxima-studios.com\/wp-content\/uploads\/2025\/01\/POLYFORK-AVENGER-1.png","contentUrl":"https:\/\/maxima-studios.com\/wp-content\/uploads\/2025\/01\/POLYFORK-AVENGER-1.png","width":1000,"height":1000},{"@type":"BreadcrumbList","@id":"https:\/\/maxima-studios.com\/produit\/polyfork-avenger\/#breadcrumb","itemListElement":[{"@type":"ListItem","position":1,"name":"Accueil","item":"https:\/\/maxima-studios.com\/"},{"@type":"ListItem","position":2,"name":"BOUTIQUE","item":"https:\/\/maxima-studios.com\/boutique\/"},{"@type":"ListItem","position":3,"name":"POLYFORK AVENGER"}]},{"@type":"WebSite","@id":"https:\/\/maxima-studios.com\/#website","url":"https:\/\/maxima-studios.com\/","name":"Maximaloc","description":"","publisher":{"@id":"https:\/\/maxima-studios.com\/#organization"},"potentialAction":[{"@type":"SearchAction","target":{"@type":"EntryPoint","urlTemplate":"https:\/\/maxima-studios.com\/?s={search_term_string}"},"query-input":{"@type":"PropertyValueSpecification","valueRequired":true,"valueName":"search_term_string"}}],"inLanguage":"en-US"},{"@type":"Organization","@id":"https:\/\/maxima-studios.com\/#organization","name":"Maximaloc","url":"https:\/\/maxima-studios.com\/","logo":{"@type":"ImageObject","inLanguage":"en-US","@id":"https:\/\/maxima-studios.com\/#\/schema\/logo\/image\/","url":"https:\/\/maxima-studios.com\/wp-content\/uploads\/2024\/03\/logo_noir-scaled.png","contentUrl":"https:\/\/maxima-studios.com\/wp-content\/uploads\/2024\/03\/logo_noir-scaled.png","width":2560,"height":268,"caption":"Maximaloc"},"image":{"@id":"https:\/\/maxima-studios.com\/#\/schema\/logo\/image\/"},"sameAs":["https:\/\/www.facebook.com\/Maximalocation"]}]}},"_links":{"self":[{"href":"https:\/\/maxima-studios.com\/en\/wp-json\/wp\/v2\/product\/18561","targetHints":{"allow":["GET"]}}],"collection":[{"href":"https:\/\/maxima-studios.com\/en\/wp-json\/wp\/v2\/product"}],"about":[{"href":"https:\/\/maxima-studios.com\/en\/wp-json\/wp\/v2\/types\/product"}],"wp:featuredmedia":[{"embeddable":true,"href":"https:\/\/maxima-studios.com\/en\/wp-json\/wp\/v2\/media\/19015"}],"wp:attachment":[{"href":"https:\/\/maxima-studios.com\/en\/wp-json\/wp\/v2\/media?parent=18561"}],"wp:term":[{"taxonomy":"product_cat","embeddable":true,"href":"https:\/\/maxima-studios.com\/en\/wp-json\/wp\/v2\/product_cat?post=18561"},{"taxonomy":"product_tag","embeddable":true,"href":"https:\/\/maxima-studios.com\/en\/wp-json\/wp\/v2\/product_tag?post=18561"}],"curies":[{"name":"wp","href":"https:\/\/api.w.org\/{rel}","templated":true}]}}