 {"id":18560,"date":"2025-01-17T12:34:42","date_gmt":"2025-01-17T11:34:42","guid":{"rendered":"https:\/\/maxima-studios.com\/produit\/blackmagic-atem-extreme-iso-sdi\/"},"modified":"2026-04-13T20:22:35","modified_gmt":"2026-04-13T18:22:35","slug":"blackmagic-atem-extreme-iso-sdi","status":"publish","type":"product","link":"https:\/\/maxima-studios.com\/en\/product\/blackmagic-atem-extreme-iso-sdi\/","title":{"rendered":"BLACKMAGIC ATEM EXTREME ISO SDI"},"content":{"rendered":"<p>Le Blackmagic Design ATEM Extreme ISO SDI est un m\u00e9langeur de production en direct \u00e0 huit entr\u00e9es avec un panneau de commande int\u00e9gr\u00e9 con\u00e7u pour le Live Streaming multicam\u00e9ra.<\/p>\n<p>Il comprend huit entr\u00e9es 3G-SDI, deux sorties USB-C pour webcam ou enregistrement vid\u00e9o, deux sorties 3G-SDI, un mixeur audio Fairlight avec EQ et dynamique, des DVE pour des effets d\u2019image dans l\u2019image, des transitions, un incrustateur chromatique sur fond vert, 20 images fixes pour les titres dans la biblioth\u00e8que de m\u00e9dias, et le logiciel ATEM Software Control gratuit.<\/p>\n<p>Il propose \u00e9galement une sortie multivue sur SDI pour la surveillance des flux, un port USB Type-C pour l\u2019enregistrement vid\u00e9o HD sur un SSD ou un ordinateur, ainsi qu\u2019un port Ethernet RJ45 10\/100\/1000 pour la diffusion en direct, la gestion du syst\u00e8me, la t\u00e9l\u00e9commande et les mises \u00e0 jour logicielles.<\/p>\n<p><strong>Points Forts :<\/strong><\/p>\n<ul>\n<li>M\u00e9langeur SDI Live Stream \u00e0 8 canaux<\/li>\n<li>Enregistrement FHD 60p 422 10 bits<\/li>\n<li>Enregistrement vid\u00e9o sur SSD via USB-C<\/li>\n<\/ul>","protected":false},"excerpt":{"rendered":"<p>M\u00e9langeur Vid\u00e9o<\/p>\n<p>Vid\u00e9o HD 60p<\/p>\n<p>8x 3G-SDI (in)<\/p>\n<p>4x 3G-SDI (out)<\/p>","protected":false},"featured_media":18728,"template":"","meta":[],"product_cat":[318],"product_tag":[],"class_list":{"0":"post-18560","1":"product","2":"type-product","3":"status-publish","4":"has-post-thumbnail","6":"product_cat-melangeur","8":"first","9":"instock","10":"featured","11":"taxable","12":"shipping-taxable","13":"purchasable","14":"product-type-rentable"},"yoast_head":"<!-- This site is optimized with the Yoast SEO plugin v27.3 - https:\/\/yoast.com\/product\/yoast-seo-wordpress\/ -->\n<title>BLACKMAGIC ATEM EXTREME ISO SDI - Maximaloc<\/title>\n<meta name=\"robots\" content=\"index, follow, max-snippet:-1, max-image-preview:large, max-video-preview:-1\" \/>\n<link rel=\"canonical\" href=\"https:\/\/maxima-studios.com\/en\/product\/blackmagic-atem-extreme-iso-sdi\/\" \/>\n<meta property=\"og:locale\" content=\"en_US\" \/>\n<meta property=\"og:type\" content=\"article\" \/>\n<meta property=\"og:title\" content=\"BLACKMAGIC ATEM EXTREME ISO SDI - Maximaloc\" \/>\n<meta property=\"og:description\" content=\"M\u00e9langeur Vid\u00e9o Vid\u00e9o HD 60p 8x 3G-SDI (in) 4x 3G-SDI (out)\" \/>\n<meta property=\"og:url\" content=\"https:\/\/maxima-studios.com\/en\/product\/blackmagic-atem-extreme-iso-sdi\/\" \/>\n<meta property=\"og:site_name\" content=\"Maximaloc\" \/>\n<meta property=\"article:publisher\" content=\"https:\/\/www.facebook.com\/Maximalocation\" \/>\n<meta property=\"article:modified_time\" content=\"2026-04-13T18:22:35+00:00\" \/>\n<meta property=\"og:image\" content=\"https:\/\/maxima-studios.com\/wp-content\/uploads\/2025\/01\/ATEM-SDI-Extreme-ISO-1.png\" \/>\n\t<meta property=\"og:image:width\" content=\"1000\" \/>\n\t<meta property=\"og:image:height\" content=\"1000\" \/>\n\t<meta property=\"og:image:type\" content=\"image\/png\" \/>\n<meta name=\"twitter:card\" content=\"summary_large_image\" \/>\n<meta name=\"twitter:label1\" content=\"Est. reading time\" \/>\n\t<meta name=\"twitter:data1\" content=\"1 minute\" \/>\n<script type=\"application\/ld+json\" class=\"yoast-schema-graph\">{\"@context\":\"https:\\\/\\\/schema.org\",\"@graph\":[{\"@type\":\"WebPage\",\"@id\":\"https:\\\/\\\/maxima-studios.com\\\/produit\\\/blackmagic-atem-extreme-iso-sdi\\\/\",\"url\":\"https:\\\/\\\/maxima-studios.com\\\/produit\\\/blackmagic-atem-extreme-iso-sdi\\\/\",\"name\":\"BLACKMAGIC ATEM EXTREME ISO SDI - Maximaloc\",\"isPartOf\":{\"@id\":\"https:\\\/\\\/maxima-studios.com\\\/#website\"},\"primaryImageOfPage\":{\"@id\":\"https:\\\/\\\/maxima-studios.com\\\/produit\\\/blackmagic-atem-extreme-iso-sdi\\\/#primaryimage\"},\"image\":{\"@id\":\"https:\\\/\\\/maxima-studios.com\\\/produit\\\/blackmagic-atem-extreme-iso-sdi\\\/#primaryimage\"},\"thumbnailUrl\":\"https:\\\/\\\/maxima-studios.com\\\/wp-content\\\/uploads\\\/2025\\\/01\\\/ATEM-SDI-Extreme-ISO-1.png\",\"datePublished\":\"2025-01-17T11:34:42+00:00\",\"dateModified\":\"2026-04-13T18:22:35+00:00\",\"breadcrumb\":{\"@id\":\"https:\\\/\\\/maxima-studios.com\\\/produit\\\/blackmagic-atem-extreme-iso-sdi\\\/#breadcrumb\"},\"inLanguage\":\"en-US\",\"potentialAction\":[{\"@type\":\"ReadAction\",\"target\":[\"https:\\\/\\\/maxima-studios.com\\\/produit\\\/blackmagic-atem-extreme-iso-sdi\\\/\"]}]},{\"@type\":\"ImageObject\",\"inLanguage\":\"en-US\",\"@id\":\"https:\\\/\\\/maxima-studios.com\\\/produit\\\/blackmagic-atem-extreme-iso-sdi\\\/#primaryimage\",\"url\":\"https:\\\/\\\/maxima-studios.com\\\/wp-content\\\/uploads\\\/2025\\\/01\\\/ATEM-SDI-Extreme-ISO-1.png\",\"contentUrl\":\"https:\\\/\\\/maxima-studios.com\\\/wp-content\\\/uploads\\\/2025\\\/01\\\/ATEM-SDI-Extreme-ISO-1.png\",\"width\":1000,\"height\":1000},{\"@type\":\"BreadcrumbList\",\"@id\":\"https:\\\/\\\/maxima-studios.com\\\/produit\\\/blackmagic-atem-extreme-iso-sdi\\\/#breadcrumb\",\"itemListElement\":[{\"@type\":\"ListItem\",\"position\":1,\"name\":\"Accueil\",\"item\":\"https:\\\/\\\/maxima-studios.com\\\/\"},{\"@type\":\"ListItem\",\"position\":2,\"name\":\"BOUTIQUE\",\"item\":\"https:\\\/\\\/maxima-studios.com\\\/boutique\\\/\"},{\"@type\":\"ListItem\",\"position\":3,\"name\":\"BLACKMAGIC ATEM EXTREME ISO SDI\"}]},{\"@type\":\"WebSite\",\"@id\":\"https:\\\/\\\/maxima-studios.com\\\/#website\",\"url\":\"https:\\\/\\\/maxima-studios.com\\\/\",\"name\":\"Maximaloc\",\"description\":\"\",\"publisher\":{\"@id\":\"https:\\\/\\\/maxima-studios.com\\\/#organization\"},\"potentialAction\":[{\"@type\":\"SearchAction\",\"target\":{\"@type\":\"EntryPoint\",\"urlTemplate\":\"https:\\\/\\\/maxima-studios.com\\\/?s={search_term_string}\"},\"query-input\":{\"@type\":\"PropertyValueSpecification\",\"valueRequired\":true,\"valueName\":\"search_term_string\"}}],\"inLanguage\":\"en-US\"},{\"@type\":\"Organization\",\"@id\":\"https:\\\/\\\/maxima-studios.com\\\/#organization\",\"name\":\"Maximaloc\",\"url\":\"https:\\\/\\\/maxima-studios.com\\\/\",\"logo\":{\"@type\":\"ImageObject\",\"inLanguage\":\"en-US\",\"@id\":\"https:\\\/\\\/maxima-studios.com\\\/#\\\/schema\\\/logo\\\/image\\\/\",\"url\":\"https:\\\/\\\/maxima-studios.com\\\/wp-content\\\/uploads\\\/2024\\\/03\\\/logo_noir-scaled.png\",\"contentUrl\":\"https:\\\/\\\/maxima-studios.com\\\/wp-content\\\/uploads\\\/2024\\\/03\\\/logo_noir-scaled.png\",\"width\":2560,\"height\":268,\"caption\":\"Maximaloc\"},\"image\":{\"@id\":\"https:\\\/\\\/maxima-studios.com\\\/#\\\/schema\\\/logo\\\/image\\\/\"},\"sameAs\":[\"https:\\\/\\\/www.facebook.com\\\/Maximalocation\"]}]}<\/script>\n<!-- \/ Yoast SEO plugin. -->","yoast_head_json":{"title":"BLACKMAGIC ATEM EXTREME ISO SDI - Maximaloc","robots":{"index":"index","follow":"follow","max-snippet":"max-snippet:-1","max-image-preview":"max-image-preview:large","max-video-preview":"max-video-preview:-1"},"canonical":"https:\/\/maxima-studios.com\/en\/product\/blackmagic-atem-extreme-iso-sdi\/","og_locale":"en_US","og_type":"article","og_title":"BLACKMAGIC ATEM EXTREME ISO SDI - Maximaloc","og_description":"M\u00e9langeur Vid\u00e9o Vid\u00e9o HD 60p 8x 3G-SDI (in) 4x 3G-SDI (out)","og_url":"https:\/\/maxima-studios.com\/en\/product\/blackmagic-atem-extreme-iso-sdi\/","og_site_name":"Maximaloc","article_publisher":"https:\/\/www.facebook.com\/Maximalocation","article_modified_time":"2026-04-13T18:22:35+00:00","og_image":[{"width":1000,"height":1000,"url":"https:\/\/maxima-studios.com\/wp-content\/uploads\/2025\/01\/ATEM-SDI-Extreme-ISO-1.png","type":"image\/png"}],"twitter_card":"summary_large_image","twitter_misc":{"Est. reading time":"1 minute"},"schema":{"@context":"https:\/\/schema.org","@graph":[{"@type":"WebPage","@id":"https:\/\/maxima-studios.com\/produit\/blackmagic-atem-extreme-iso-sdi\/","url":"https:\/\/maxima-studios.com\/produit\/blackmagic-atem-extreme-iso-sdi\/","name":"BLACKMAGIC ATEM EXTREME ISO SDI - Maximaloc","isPartOf":{"@id":"https:\/\/maxima-studios.com\/#website"},"primaryImageOfPage":{"@id":"https:\/\/maxima-studios.com\/produit\/blackmagic-atem-extreme-iso-sdi\/#primaryimage"},"image":{"@id":"https:\/\/maxima-studios.com\/produit\/blackmagic-atem-extreme-iso-sdi\/#primaryimage"},"thumbnailUrl":"https:\/\/maxima-studios.com\/wp-content\/uploads\/2025\/01\/ATEM-SDI-Extreme-ISO-1.png","datePublished":"2025-01-17T11:34:42+00:00","dateModified":"2026-04-13T18:22:35+00:00","breadcrumb":{"@id":"https:\/\/maxima-studios.com\/produit\/blackmagic-atem-extreme-iso-sdi\/#breadcrumb"},"inLanguage":"en-US","potentialAction":[{"@type":"ReadAction","target":["https:\/\/maxima-studios.com\/produit\/blackmagic-atem-extreme-iso-sdi\/"]}]},{"@type":"ImageObject","inLanguage":"en-US","@id":"https:\/\/maxima-studios.com\/produit\/blackmagic-atem-extreme-iso-sdi\/#primaryimage","url":"https:\/\/maxima-studios.com\/wp-content\/uploads\/2025\/01\/ATEM-SDI-Extreme-ISO-1.png","contentUrl":"https:\/\/maxima-studios.com\/wp-content\/uploads\/2025\/01\/ATEM-SDI-Extreme-ISO-1.png","width":1000,"height":1000},{"@type":"BreadcrumbList","@id":"https:\/\/maxima-studios.com\/produit\/blackmagic-atem-extreme-iso-sdi\/#breadcrumb","itemListElement":[{"@type":"ListItem","position":1,"name":"Accueil","item":"https:\/\/maxima-studios.com\/"},{"@type":"ListItem","position":2,"name":"BOUTIQUE","item":"https:\/\/maxima-studios.com\/boutique\/"},{"@type":"ListItem","position":3,"name":"BLACKMAGIC ATEM EXTREME ISO SDI"}]},{"@type":"WebSite","@id":"https:\/\/maxima-studios.com\/#website","url":"https:\/\/maxima-studios.com\/","name":"Maximaloc","description":"","publisher":{"@id":"https:\/\/maxima-studios.com\/#organization"},"potentialAction":[{"@type":"SearchAction","target":{"@type":"EntryPoint","urlTemplate":"https:\/\/maxima-studios.com\/?s={search_term_string}"},"query-input":{"@type":"PropertyValueSpecification","valueRequired":true,"valueName":"search_term_string"}}],"inLanguage":"en-US"},{"@type":"Organization","@id":"https:\/\/maxima-studios.com\/#organization","name":"Maximaloc","url":"https:\/\/maxima-studios.com\/","logo":{"@type":"ImageObject","inLanguage":"en-US","@id":"https:\/\/maxima-studios.com\/#\/schema\/logo\/image\/","url":"https:\/\/maxima-studios.com\/wp-content\/uploads\/2024\/03\/logo_noir-scaled.png","contentUrl":"https:\/\/maxima-studios.com\/wp-content\/uploads\/2024\/03\/logo_noir-scaled.png","width":2560,"height":268,"caption":"Maximaloc"},"image":{"@id":"https:\/\/maxima-studios.com\/#\/schema\/logo\/image\/"},"sameAs":["https:\/\/www.facebook.com\/Maximalocation"]}]}},"_links":{"self":[{"href":"https:\/\/maxima-studios.com\/en\/wp-json\/wp\/v2\/product\/18560","targetHints":{"allow":["GET"]}}],"collection":[{"href":"https:\/\/maxima-studios.com\/en\/wp-json\/wp\/v2\/product"}],"about":[{"href":"https:\/\/maxima-studios.com\/en\/wp-json\/wp\/v2\/types\/product"}],"wp:featuredmedia":[{"embeddable":true,"href":"https:\/\/maxima-studios.com\/en\/wp-json\/wp\/v2\/media\/18728"}],"wp:attachment":[{"href":"https:\/\/maxima-studios.com\/en\/wp-json\/wp\/v2\/media?parent=18560"}],"wp:term":[{"taxonomy":"product_cat","embeddable":true,"href":"https:\/\/maxima-studios.com\/en\/wp-json\/wp\/v2\/product_cat?post=18560"},{"taxonomy":"product_tag","embeddable":true,"href":"https:\/\/maxima-studios.com\/en\/wp-json\/wp\/v2\/product_tag?post=18560"}],"curies":[{"name":"wp","href":"https:\/\/api.w.org\/{rel}","templated":true}]}}