 {"id":18559,"date":"2025-01-17T12:34:34","date_gmt":"2025-01-17T11:34:34","guid":{"rendered":"https:\/\/maxima-studios.com\/produit\/dmg-dash\/"},"modified":"2026-04-13T20:21:23","modified_gmt":"2026-04-13T18:21:23","slug":"dmg-dash","status":"publish","type":"product","link":"https:\/\/maxima-studios.com\/en\/product\/dmg-dash\/","title":{"rendered":"DMG DASH"},"content":{"rendered":"<p><strong>Description<\/strong><\/p>\n<p>Le DMG Dash est un mini panneau LED RGBWW compact et l\u00e9ger, id\u00e9al pour une utilisation polyvalente.<\/p>\n<p>Il offre un \u00e9clairage sans risque de flicker jusqu&#8217;\u00e0 1000 fps et int\u00e8gre une technologie MIX avec 6 LED pour une lumi\u00e8re RGBWW de haute qualit\u00e9. Il propose 130 correspondances de tons avec les g\u00e9latines Rosco et divers effets int\u00e9gr\u00e9s (FX) pour une cr\u00e9ativit\u00e9 accrue.<\/p>\n<p>Son autonomie est excellente, m\u00eame \u00e0 pleine puissance, et il se contr\u00f4le \u00e0 distance via Bluetooth gr\u00e2ce aux applications mobiles comme myMIX ou via CRMX avec LumenRadio, garantissant une flexibilit\u00e9 optimale sur les tournages.<\/p>\n<p>\u00a0<\/p>\n<p><strong>Points forts :<\/strong><\/p>\n<ul>\n<li>130 correspondances de g\u00e9latines Rosco<\/li>\n<li>Contr\u00f4le \u00e0 distance via l\u2019application myMIX<\/li>\n<li>Lumi\u00e8re RGBWW<\/li>\n<li>FX int\u00e9gr\u00e9s<\/li>\n<li>Wireless DMX<\/li>\n<\/ul>","protected":false},"excerpt":{"rendered":"<p><strong>Description courte<\/strong><\/p>\n<ul>\n<li>Compact et l\u00e9ger<\/li>\n<li>180min d&#8217;autonomie<\/li>\n<li>BlueTooth<\/li>\n<li>RGBWW<\/li>\n<li>FX int\u00e9gr\u00e9s\u00a0<\/li>\n<\/ul>","protected":false},"featured_media":18722,"template":"","meta":[],"product_cat":[259],"product_tag":[],"class_list":{"0":"post-18559","1":"product","2":"type-product","3":"status-publish","4":"has-post-thumbnail","6":"product_cat-torche-led-minette","8":"first","9":"instock","10":"taxable","11":"shipping-taxable","12":"purchasable","13":"product-type-rentable"},"_links":{"self":[{"href":"https:\/\/maxima-studios.com\/en\/wp-json\/wp\/v2\/product\/18559","targetHints":{"allow":["GET"]}}],"collection":[{"href":"https:\/\/maxima-studios.com\/en\/wp-json\/wp\/v2\/product"}],"about":[{"href":"https:\/\/maxima-studios.com\/en\/wp-json\/wp\/v2\/types\/product"}],"wp:featuredmedia":[{"embeddable":true,"href":"https:\/\/maxima-studios.com\/en\/wp-json\/wp\/v2\/media\/18722"}],"wp:attachment":[{"href":"https:\/\/maxima-studios.com\/en\/wp-json\/wp\/v2\/media?parent=18559"}],"wp:term":[{"taxonomy":"product_cat","embeddable":true,"href":"https:\/\/maxima-studios.com\/en\/wp-json\/wp\/v2\/product_cat?post=18559"},{"taxonomy":"product_tag","embeddable":true,"href":"https:\/\/maxima-studios.com\/en\/wp-json\/wp\/v2\/product_tag?post=18559"}],"curies":[{"name":"wp","href":"https:\/\/api.w.org\/{rel}","templated":true}]}}