 {"id":18497,"date":"2025-01-14T18:23:30","date_gmt":"2025-01-14T17:23:30","guid":{"rendered":"https:\/\/maxima-studios.com\/produit\/blackmagic-atem-mini-pro\/"},"modified":"2026-04-13T20:22:36","modified_gmt":"2026-04-13T18:22:36","slug":"blackmagic-atem-mini-pro","status":"publish","type":"product","link":"https:\/\/maxima-studios.com\/en\/product\/blackmagic-atem-mini-pro\/","title":{"rendered":"BLACKMAGIC ATEM MINI PRO"},"content":{"rendered":"<p>M\u00e9langeur\u00a0Vid\u00e9o\u00a0 \/ R\u00e9gie Live Multi-camera\u00a0 HD id\u00e9ale pour diffuser en direct jusqu&#8217;\u00e0 4 Cameras en HDMI et enregistrer en simultan\u00e9.<br \/>Branchez votre ordinateur et diffusez en direct sur les r\u00e9seaux sociaux ou autre plateforme de direct.<\/p>","protected":false},"excerpt":{"rendered":"<p>M\u00e9langeur \/ R\u00e9gie Vid\u00e9o<\/p>\n<p>Vid\u00e9o HD 60p<\/p>\n<p>4x HDMI (in)<\/p>\n<p>1x HDMI (out)<\/p>","protected":false},"featured_media":18509,"template":"","meta":[],"product_cat":[318],"product_tag":[],"class_list":{"0":"post-18497","1":"product","2":"type-product","3":"status-publish","4":"has-post-thumbnail","6":"product_cat-melangeur","8":"first","9":"instock","10":"taxable","11":"shipping-taxable","12":"purchasable","13":"product-type-rentable"},"_links":{"self":[{"href":"https:\/\/maxima-studios.com\/en\/wp-json\/wp\/v2\/product\/18497","targetHints":{"allow":["GET"]}}],"collection":[{"href":"https:\/\/maxima-studios.com\/en\/wp-json\/wp\/v2\/product"}],"about":[{"href":"https:\/\/maxima-studios.com\/en\/wp-json\/wp\/v2\/types\/product"}],"wp:featuredmedia":[{"embeddable":true,"href":"https:\/\/maxima-studios.com\/en\/wp-json\/wp\/v2\/media\/18509"}],"wp:attachment":[{"href":"https:\/\/maxima-studios.com\/en\/wp-json\/wp\/v2\/media?parent=18497"}],"wp:term":[{"taxonomy":"product_cat","embeddable":true,"href":"https:\/\/maxima-studios.com\/en\/wp-json\/wp\/v2\/product_cat?post=18497"},{"taxonomy":"product_tag","embeddable":true,"href":"https:\/\/maxima-studios.com\/en\/wp-json\/wp\/v2\/product_tag?post=18497"}],"curies":[{"name":"wp","href":"https:\/\/api.w.org\/{rel}","templated":true}]}}