 {"id":17922,"date":"2024-11-09T10:30:36","date_gmt":"2024-11-09T09:30:36","guid":{"rendered":"https:\/\/maxima-studios.com\/produit\/dji-ronin-s4-pro\/"},"modified":"2026-04-13T20:39:13","modified_gmt":"2026-04-13T18:39:13","slug":"dji-ronin-s4-pro","status":"publish","type":"product","link":"https:\/\/maxima-studios.com\/en\/product\/dji-ronin-s4-pro\/","title":{"rendered":"DJI RONIN S4 PRO"},"content":{"rendered":"<p>Le DJI Ronin RS4 Pro est un stabilisateur compact et puissant, con\u00e7u pour offrir une stabilisation fluide avec des cam\u00e9ras jusqu&#8217;\u00e0 4,5 kg. Il pr\u00e9sente plusieurs innovations par rapport \u00e0 ses pr\u00e9d\u00e9cesseurs, dont une nouvelle plaque de cam\u00e9ra facilitant le passage entre les modes horizontal et vertical, et un algorithme de stabilisation de 4\u00e8me g\u00e9n\u00e9ration qui am\u00e9liore le contr\u00f4le et la fluidit\u00e9 des mouvements.<\/p>\n<p>La plaque qui supporte la cam\u00e9ra a \u00e9t\u00e9 enti\u00e8rement repens\u00e9e pour passer facilement d\u2019un tournage horizontal \u00e0 vertical en seulement quelques secondes. Un r\u00e9\u00e9quilibrage sera bien \u00e9videmment n\u00e9cessaire apr\u00e8s chaque changement.\u00a0Cet \u00e9quilibrage est facilit\u00e9 sur ce RS4 puisque l\u2019axe de roulis est d\u00e9sormais dot\u00e9 de deux roulements \u00e0 billes, ce qui facilite les r\u00e9glages surtout avec des cam\u00e9ras lourdes.<\/p>\n<p>L&#8217;\u00e9cran OLED verrouillable, les moteurs plus r\u00e9actifs et une batterie offrant jusqu&#8217;\u00e0 29 heures d&#8217;autonomie en font un outil incontournable pour les vid\u00e9astes professionnels.<\/p>\n<p>\u00a0<\/p>\n<p><strong>Points forts :<\/strong><\/p>\n<ul>\n<li>Capacit\u00e9 de charge jusqu&#8217;\u00e0 4,5 kg<\/li>\n<li>Plaque de cam\u00e9ra innovante pour une transition rapide entre les modes<\/li>\n<li>Algorithme de stabilisation de 4\u00e8me g\u00e9n\u00e9ration<\/li>\n<li>Autonomie de batterie de 29 heures<\/li>\n<li>\u00c9cran OLED verrouillable pour \u00e9viter les fausses manipulations<\/li>\n<\/ul>","protected":false},"excerpt":{"rendered":"<p>Nacelle stabilis\u00e9e 3 axes\u00a0<\/p>\n<p>Poids Max : 4.5 Kg<\/p>\n<p>Autonomie Max : 13H<\/p>","protected":false},"featured_media":17923,"template":"","meta":[],"product_cat":[364],"product_tag":[],"class_list":{"0":"post-17922","1":"product","2":"type-product","3":"status-publish","4":"has-post-thumbnail","6":"product_cat-gimbal-stabilisateur","8":"first","9":"instock","10":"taxable","11":"shipping-taxable","12":"purchasable","13":"product-type-rentable"},"_links":{"self":[{"href":"https:\/\/maxima-studios.com\/en\/wp-json\/wp\/v2\/product\/17922","targetHints":{"allow":["GET"]}}],"collection":[{"href":"https:\/\/maxima-studios.com\/en\/wp-json\/wp\/v2\/product"}],"about":[{"href":"https:\/\/maxima-studios.com\/en\/wp-json\/wp\/v2\/types\/product"}],"wp:featuredmedia":[{"embeddable":true,"href":"https:\/\/maxima-studios.com\/en\/wp-json\/wp\/v2\/media\/17923"}],"wp:attachment":[{"href":"https:\/\/maxima-studios.com\/en\/wp-json\/wp\/v2\/media?parent=17922"}],"wp:term":[{"taxonomy":"product_cat","embeddable":true,"href":"https:\/\/maxima-studios.com\/en\/wp-json\/wp\/v2\/product_cat?post=17922"},{"taxonomy":"product_tag","embeddable":true,"href":"https:\/\/maxima-studios.com\/en\/wp-json\/wp\/v2\/product_tag?post=17922"}],"curies":[{"name":"wp","href":"https:\/\/api.w.org\/{rel}","templated":true}]}}