 {"id":17713,"date":"2024-10-03T16:33:13","date_gmt":"2024-10-03T14:33:13","guid":{"rendered":"https:\/\/maxima-studios.com\/produit\/dummy-blk-22-vers-d-tap\/"},"modified":"2026-04-13T20:22:22","modified_gmt":"2026-04-13T18:22:22","slug":"dummy-blk-22-vers-d-tap","status":"publish","type":"product","link":"https:\/\/maxima-studios.com\/en\/product\/dummy-blk-22-vers-d-tap\/","title":{"rendered":"DUMMY BLK-22 VERS D-TAP"},"content":{"rendered":"<p>Le Dummy BLK-22 vers D-Tap est un adaptateur d\u2019alimentation, con\u00e7u pour alimenter un appareil compatible BLK-22 \u00e0 partir d\u2019une batterie (V-lock) ou source D-Tap. Il permet une alimentation continue et fiable, id\u00e9ale pour les configurations de tournage professionnelles, en studio comme en ext\u00e9rieur, en rempla\u00e7ant une batterie interne par une source externe.<\/p>\n<p><strong>Points forts :<\/strong><\/p>\n<ul>\n<li>Alimentation continue<\/li>\n<li>Compatibilit\u00e9 D-Tap<\/li>\n<li>Solution compacte et fiable<\/li>\n<\/ul>","protected":false},"excerpt":{"rendered":"<p>Type :\u00a0Adaptateur d\u2019alimentation\u00a0BLK-22 vers D-Tap<\/p>\n<p>Compatibilit\u00e9 :\u00a0GH5 \/ GH5 II \/ GH5S \/ GH6 \/ GH7<\/p>\n<p>\u00a0<\/p>","protected":false},"featured_media":18146,"template":"","meta":[],"product_cat":[376],"product_tag":[],"class_list":{"0":"post-17713","1":"product","2":"type-product","3":"status-publish","4":"has-post-thumbnail","6":"product_cat-batterie-cam-np-f","8":"first","9":"instock","10":"taxable","11":"shipping-taxable","12":"purchasable","13":"product-type-rentable"},"_links":{"self":[{"href":"https:\/\/maxima-studios.com\/en\/wp-json\/wp\/v2\/product\/17713","targetHints":{"allow":["GET"]}}],"collection":[{"href":"https:\/\/maxima-studios.com\/en\/wp-json\/wp\/v2\/product"}],"about":[{"href":"https:\/\/maxima-studios.com\/en\/wp-json\/wp\/v2\/types\/product"}],"wp:featuredmedia":[{"embeddable":true,"href":"https:\/\/maxima-studios.com\/en\/wp-json\/wp\/v2\/media\/18146"}],"wp:attachment":[{"href":"https:\/\/maxima-studios.com\/en\/wp-json\/wp\/v2\/media?parent=17713"}],"wp:term":[{"taxonomy":"product_cat","embeddable":true,"href":"https:\/\/maxima-studios.com\/en\/wp-json\/wp\/v2\/product_cat?post=17713"},{"taxonomy":"product_tag","embeddable":true,"href":"https:\/\/maxima-studios.com\/en\/wp-json\/wp\/v2\/product_tag?post=17713"}],"curies":[{"name":"wp","href":"https:\/\/api.w.org\/{rel}","templated":true}]}}