 {"id":17552,"date":"2024-09-13T11:31:45","date_gmt":"2024-09-13T09:31:45","guid":{"rendered":"https:\/\/maxima-studios.com\/produit\/rode-perche-suspension\/"},"modified":"2026-04-13T20:13:50","modified_gmt":"2026-04-13T18:13:50","slug":"rode-perche-suspension","status":"publish","type":"product","link":"https:\/\/maxima-studios.com\/en\/product\/rode-perche-suspension\/","title":{"rendered":"RODE PERCHE + SUSPENSION"},"content":{"rendered":"<p>La R\u00d8DE Micro Boom est une perche t\u00e9lescopique de 84 cm qui pourra \u00eatre \u00e9tendue jusqu\u2019\u00e0 2,1 m\u00e8tres maximum.\u00a0<\/p>\n<p>La fabrication en aluminium permet une l\u00e9g\u00e8ret\u00e9 pour \u00e9viter les fatigues de bras sur une longue dur\u00e9e. La mousse permet d\u2019une bonne prise anti-d\u00e9rapante et d\u2019une bonne ergonomie. Elle comprend un m\u00e9canisme de verrouillage \/ d\u00e9verrouillage facile \u00e0 utiliser.<\/p>","protected":false},"excerpt":{"rendered":"<p>Perche t\u00e9lescopique pour micro <br \/>Longueur : 85-210 cm<\/p>","protected":false},"featured_media":17554,"template":"","meta":[],"product_cat":[146],"product_tag":[],"class_list":{"0":"post-17552","1":"product","2":"type-product","3":"status-publish","4":"has-post-thumbnail","6":"product_cat-perches-son","8":"first","9":"instock","10":"taxable","11":"shipping-taxable","12":"purchasable","13":"product-type-rentable"},"_links":{"self":[{"href":"https:\/\/maxima-studios.com\/en\/wp-json\/wp\/v2\/product\/17552","targetHints":{"allow":["GET"]}}],"collection":[{"href":"https:\/\/maxima-studios.com\/en\/wp-json\/wp\/v2\/product"}],"about":[{"href":"https:\/\/maxima-studios.com\/en\/wp-json\/wp\/v2\/types\/product"}],"wp:featuredmedia":[{"embeddable":true,"href":"https:\/\/maxima-studios.com\/en\/wp-json\/wp\/v2\/media\/17554"}],"wp:attachment":[{"href":"https:\/\/maxima-studios.com\/en\/wp-json\/wp\/v2\/media?parent=17552"}],"wp:term":[{"taxonomy":"product_cat","embeddable":true,"href":"https:\/\/maxima-studios.com\/en\/wp-json\/wp\/v2\/product_cat?post=17552"},{"taxonomy":"product_tag","embeddable":true,"href":"https:\/\/maxima-studios.com\/en\/wp-json\/wp\/v2\/product_tag?post=17552"}],"curies":[{"name":"wp","href":"https:\/\/api.w.org\/{rel}","templated":true}]}}