 {"id":17511,"date":"2024-09-10T11:21:11","date_gmt":"2024-09-10T09:21:11","guid":{"rendered":"https:\/\/maxima-studios.com\/produit\/passe-cable-1m-2\/"},"modified":"2026-04-13T20:22:19","modified_gmt":"2026-04-13T18:22:19","slug":"4x-passe-cable-1m","status":"publish","type":"product","link":"https:\/\/maxima-studios.com\/en\/product\/4x-passe-cable-1m\/","title":{"rendered":"4x PASSE C\u00c2BLE 1M"},"content":{"rendered":"<p>Location de passage de c\u00e2ble mesurant 91,8 x 25 x 4,3 cm. La conception \u00e0 double rainure de canal de 3,05 x 2,79 cm offre suffisamment d&#8217;espace pour les fils \u00e9lectriques, cordons d&#8217;alimentation, tuyaux et c\u00e2bles de sol, les prot\u00e9geant des pi\u00e9tons et v\u00e9hicules.<\/p>","protected":false},"excerpt":{"rendered":"<ul>\n<li>Passe c\u00e2ble 90cm<\/li>\n<li>R\u00e9sistance jusqu\u2019\u00e0 10 000 Kg<\/li>\n<li>Dimensions int\u00e9rieures :\u00a0 3.05 x 2.80 cm<\/li>\n<\/ul>","protected":false},"featured_media":17514,"template":"","meta":[],"product_cat":[406],"product_tag":[],"class_list":{"0":"post-17511","1":"product","2":"type-product","3":"status-publish","4":"has-post-thumbnail","6":"product_cat-tables-chaises","8":"first","9":"instock","10":"featured","11":"taxable","12":"shipping-taxable","13":"purchasable","14":"product-type-rentable"},"_links":{"self":[{"href":"https:\/\/maxima-studios.com\/en\/wp-json\/wp\/v2\/product\/17511","targetHints":{"allow":["GET"]}}],"collection":[{"href":"https:\/\/maxima-studios.com\/en\/wp-json\/wp\/v2\/product"}],"about":[{"href":"https:\/\/maxima-studios.com\/en\/wp-json\/wp\/v2\/types\/product"}],"wp:featuredmedia":[{"embeddable":true,"href":"https:\/\/maxima-studios.com\/en\/wp-json\/wp\/v2\/media\/17514"}],"wp:attachment":[{"href":"https:\/\/maxima-studios.com\/en\/wp-json\/wp\/v2\/media?parent=17511"}],"wp:term":[{"taxonomy":"product_cat","embeddable":true,"href":"https:\/\/maxima-studios.com\/en\/wp-json\/wp\/v2\/product_cat?post=17511"},{"taxonomy":"product_tag","embeddable":true,"href":"https:\/\/maxima-studios.com\/en\/wp-json\/wp\/v2\/product_tag?post=17511"}],"curies":[{"name":"wp","href":"https:\/\/api.w.org\/{rel}","templated":true}]}}