 {"id":17509,"date":"2024-09-10T11:21:11","date_gmt":"2024-09-10T09:21:11","guid":{"rendered":"https:\/\/maxima-studios.com\/produit\/hollyland-pyro-s\/"},"modified":"2026-04-13T20:22:16","modified_gmt":"2026-04-13T18:22:16","slug":"hollyland-pyro-s-kit-moniteur","status":"publish","type":"product","link":"https:\/\/maxima-studios.com\/en\/product\/hollyland-pyro-s-kit-moniteur\/","title":{"rendered":"HOLLYLAND PYRO S &#8211; KIT MONITEUR"},"content":{"rendered":"<p>Le Hollyland Pyro S TX\/RX est un syst\u00e8me de transmission vid\u00e9o sans fil complet et polyvalent (Entr\u00e9es et Sorties HDI\/SDI), id\u00e9al pour d\u00e9porter le retour d&#8217;image lors d&#8217;un tournage. Que ce soit pour le r\u00e9alisateur, la production, le client, ou toute autre personne n\u00e9cessitant de visionner les images, ce syst\u00e8me offre une solution flexible et efficace.<\/p>\n<p>Le tout est fourni dans une mallette de transport robuste et pratique, con\u00e7ue pour accueillir et prot\u00e9ger l&#8217;ensemble des composants. Cela garantit une portabilit\u00e9 facile et s\u00e9curis\u00e9e sur tous les lieux de tournage.<\/p>\n<p>Le syst\u00e8me peut prendre en charge jusqu&#8217;\u00e0 4 r\u00e9cepteurs (physiques ou via l&#8217;application Hollyview), offrant une flexibilit\u00e9 optimale. Gr\u00e2ce \u00e0 la qualit\u00e9 du signal transmis, visuellement sans perte, et \u00e0 sa faible latence (moins de 0,1 seconde), il s&#8217;impose comme une solution de choix pour les tournages professionnels.<\/p>\n<p>Fonctionnalit\u00e9 REC Preview :<\/p>\n<p>Le moniteur int\u00e8gre un slot SD permettant d&#8217;enregistrer directement en qualit\u00e9 compress\u00e9e. Cela offre la possibilit\u00e9 de revoir les images en toute autonomie, soit sur le moniteur lui-m\u00eame, soit sur un autre support en utilisant la carte SD.<\/p>\n<p>Le signal vid\u00e9o peut \u00eatre transmis sur une distance th\u00e9orique de 400 m (1300 pieds), avec une r\u00e9solution allant jusqu\u2019\u00e0 4K UHD (3840 x 2160) \u00e0 30p via HDMI et Full HD \u00e0 60p via SDI.<\/p>\n<p>Enfin, le Hollyland Pyro S b\u00e9n\u00e9ficie d&#8217;une double bande de fr\u00e9quence (5 GHz et 2.4 GHz), r\u00e9duisant ainsi les risques d&#8217;interf\u00e9rences dans des environnements satur\u00e9s en fr\u00e9quences, comme les plateaux de t\u00e9l\u00e9vision, sc\u00e8nes d&#8217;\u00e9v\u00e9nements, ou autres environnements broadcast.<\/p>\n<p>Autonomie et robustesse :<\/p>\n<p>Le syst\u00e8me est con\u00e7u pour des conditions de tournage intensives, avec une autonomie batterie de X heures, vous permettant de filmer sans interruptions. Le moniteur et les accessoires sont construits pour r\u00e9sister aux rigueurs des tournages en ext\u00e9rieur ou en studio.<\/p>\n<p>Polyvalence d&#8217;utilisation :<\/p>\n<p>Que ce soit pour des tournages cin\u00e9ma, des \u00e9v\u00e9nements en direct, des publicit\u00e9s ou des productions web, le Hollyland Pyro S s\u2019adapte \u00e0 tous les environnements gr\u00e2ce \u00e0 sa transmission vid\u00e9o sans fil performante et sa capacit\u00e9 \u00e0 g\u00e9rer plusieurs r\u00e9cepteurs simultan\u00e9s.<\/p>\n<p>Simplicit\u00e9 d&#8217;installation :<\/p>\n<p>Le syst\u00e8me est simple \u00e0 configurer, permettant une installation rapide et une utilisation intuitive, m\u00eame pour les \u00e9quipes avec un minimum d&#8217;exp\u00e9rience technique.<\/p>\n<p>\u00a0<\/p>\n<p><span style=\"text-decoration: underline;\"><strong>Points Forts :<\/strong><\/span><\/p>\n<ul>\n<li>Ergonomie<\/li>\n<li>Transmission vid\u00e9o sans-fil tr\u00e8s stable<\/li>\n<li>Faible latence (0.5 ms)<\/li>\n<li>Moniteur avec REC preview<\/li>\n<li>Moniteur TX\/RX + Poign\u00e9es + sangle<\/li>\n<li>Jusqu&#8217;\u00e0 4 r\u00e9cepteurs disponibles par \u00e9metteur<\/li>\n<li>Cross converter HDMI\/SDI<\/li>\n<\/ul>","protected":false},"excerpt":{"rendered":"<p>Syst\u00e8me de Transmission vid\u00e9o HF avec Moniteur int\u00e9gr\u00e9<\/p>\n<p>Utilisation : Retour Vid\u00e9o, Live Streaming, Assistant Focus<\/p>\n<p>Port\u00e9e max : 400 m<\/p>\n<p>Latence : 0.05 ms<\/p>\n<p>Signal : HDMI = 4K30p \/ SDI\u00a0 = FHD 60p<\/p>","protected":false},"featured_media":19220,"template":"","meta":[],"product_cat":[315],"product_tag":[330,328,326],"class_list":{"0":"post-17509","1":"product","2":"type-product","3":"status-publish","4":"has-post-thumbnail","6":"product_cat-retour-video-hf","7":"product_tag-330","8":"product_tag-hdmi-sdi","9":"product_tag-sdi","11":"first","12":"instock","13":"featured","14":"taxable","15":"shipping-taxable","16":"purchasable","17":"product-type-rentable"},"yoast_head":"<!-- This site is optimized with the Yoast SEO plugin v27.3 - https:\/\/yoast.com\/product\/yoast-seo-wordpress\/ -->\n<title>HOLLYLAND PYRO S Accessoires vid\u00e9o - Maximaloc<\/title>\n<meta name=\"description\" content=\"Hollyland Pyro S : transmission vid\u00e9o sans fil HDMI\/SDI, faible latence et qualit\u00e9 UHD 4K, id\u00e9al pour tournages professionnels.\" \/>\n<meta name=\"robots\" content=\"index, follow, max-snippet:-1, max-image-preview:large, max-video-preview:-1\" \/>\n<link rel=\"canonical\" href=\"https:\/\/maxima-studios.com\/en\/product\/hollyland-pyro-s-kit-moniteur\/\" \/>\n<meta property=\"og:locale\" content=\"en_US\" \/>\n<meta property=\"og:type\" content=\"article\" \/>\n<meta property=\"og:title\" content=\"HOLLYLAND PYRO S Accessoires vid\u00e9o - Maximaloc\" \/>\n<meta property=\"og:description\" content=\"Hollyland Pyro S : transmission vid\u00e9o sans fil HDMI\/SDI, faible latence et qualit\u00e9 UHD 4K, id\u00e9al pour tournages professionnels.\" \/>\n<meta property=\"og:url\" content=\"https:\/\/maxima-studios.com\/en\/product\/hollyland-pyro-s-kit-moniteur\/\" \/>\n<meta property=\"og:site_name\" content=\"Maximaloc\" \/>\n<meta property=\"article:publisher\" content=\"https:\/\/www.facebook.com\/Maximalocation\" \/>\n<meta property=\"article:modified_time\" content=\"2026-04-13T18:22:16+00:00\" \/>\n<meta property=\"og:image\" content=\"https:\/\/maxima-studios.com\/wp-content\/uploads\/2024\/09\/1.jpg\" \/>\n\t<meta property=\"og:image:width\" content=\"1000\" \/>\n\t<meta property=\"og:image:height\" content=\"1000\" \/>\n\t<meta property=\"og:image:type\" content=\"image\/jpeg\" \/>\n<meta name=\"twitter:card\" content=\"summary_large_image\" \/>\n<meta name=\"twitter:label1\" content=\"Est. reading time\" \/>\n\t<meta name=\"twitter:data1\" content=\"3 minutes\" \/>\n<script type=\"application\/ld+json\" class=\"yoast-schema-graph\">{\"@context\":\"https:\\\/\\\/schema.org\",\"@graph\":[{\"@type\":\"WebPage\",\"@id\":\"https:\\\/\\\/maxima-studios.com\\\/produit\\\/hollyland-pyro-s-kit-moniteur\\\/\",\"url\":\"https:\\\/\\\/maxima-studios.com\\\/produit\\\/hollyland-pyro-s-kit-moniteur\\\/\",\"name\":\"HOLLYLAND PYRO S Accessoires vid\u00e9o - Maximaloc\",\"isPartOf\":{\"@id\":\"https:\\\/\\\/maxima-studios.com\\\/#website\"},\"primaryImageOfPage\":{\"@id\":\"https:\\\/\\\/maxima-studios.com\\\/produit\\\/hollyland-pyro-s-kit-moniteur\\\/#primaryimage\"},\"image\":{\"@id\":\"https:\\\/\\\/maxima-studios.com\\\/produit\\\/hollyland-pyro-s-kit-moniteur\\\/#primaryimage\"},\"thumbnailUrl\":\"https:\\\/\\\/maxima-studios.com\\\/wp-content\\\/uploads\\\/2024\\\/09\\\/1.jpg\",\"datePublished\":\"2024-09-10T09:21:11+00:00\",\"dateModified\":\"2026-04-13T18:22:16+00:00\",\"description\":\"Hollyland Pyro S : transmission vid\u00e9o sans fil HDMI\\\/SDI, faible latence et qualit\u00e9 UHD 4K, id\u00e9al pour tournages professionnels.\",\"breadcrumb\":{\"@id\":\"https:\\\/\\\/maxima-studios.com\\\/produit\\\/hollyland-pyro-s-kit-moniteur\\\/#breadcrumb\"},\"inLanguage\":\"en-US\",\"potentialAction\":[{\"@type\":\"ReadAction\",\"target\":[\"https:\\\/\\\/maxima-studios.com\\\/produit\\\/hollyland-pyro-s-kit-moniteur\\\/\"]}]},{\"@type\":\"ImageObject\",\"inLanguage\":\"en-US\",\"@id\":\"https:\\\/\\\/maxima-studios.com\\\/produit\\\/hollyland-pyro-s-kit-moniteur\\\/#primaryimage\",\"url\":\"https:\\\/\\\/maxima-studios.com\\\/wp-content\\\/uploads\\\/2024\\\/09\\\/1.jpg\",\"contentUrl\":\"https:\\\/\\\/maxima-studios.com\\\/wp-content\\\/uploads\\\/2024\\\/09\\\/1.jpg\",\"width\":1000,\"height\":1000},{\"@type\":\"BreadcrumbList\",\"@id\":\"https:\\\/\\\/maxima-studios.com\\\/produit\\\/hollyland-pyro-s-kit-moniteur\\\/#breadcrumb\",\"itemListElement\":[{\"@type\":\"ListItem\",\"position\":1,\"name\":\"Accueil\",\"item\":\"https:\\\/\\\/maxima-studios.com\\\/\"},{\"@type\":\"ListItem\",\"position\":2,\"name\":\"BOUTIQUE\",\"item\":\"https:\\\/\\\/maxima-studios.com\\\/boutique\\\/\"},{\"@type\":\"ListItem\",\"position\":3,\"name\":\"HOLLYLAND PYRO S &#8211; KIT MONITEUR\"}]},{\"@type\":\"WebSite\",\"@id\":\"https:\\\/\\\/maxima-studios.com\\\/#website\",\"url\":\"https:\\\/\\\/maxima-studios.com\\\/\",\"name\":\"Maximaloc\",\"description\":\"\",\"publisher\":{\"@id\":\"https:\\\/\\\/maxima-studios.com\\\/#organization\"},\"potentialAction\":[{\"@type\":\"SearchAction\",\"target\":{\"@type\":\"EntryPoint\",\"urlTemplate\":\"https:\\\/\\\/maxima-studios.com\\\/?s={search_term_string}\"},\"query-input\":{\"@type\":\"PropertyValueSpecification\",\"valueRequired\":true,\"valueName\":\"search_term_string\"}}],\"inLanguage\":\"en-US\"},{\"@type\":\"Organization\",\"@id\":\"https:\\\/\\\/maxima-studios.com\\\/#organization\",\"name\":\"Maximaloc\",\"url\":\"https:\\\/\\\/maxima-studios.com\\\/\",\"logo\":{\"@type\":\"ImageObject\",\"inLanguage\":\"en-US\",\"@id\":\"https:\\\/\\\/maxima-studios.com\\\/#\\\/schema\\\/logo\\\/image\\\/\",\"url\":\"https:\\\/\\\/maxima-studios.com\\\/wp-content\\\/uploads\\\/2024\\\/03\\\/logo_noir-scaled.png\",\"contentUrl\":\"https:\\\/\\\/maxima-studios.com\\\/wp-content\\\/uploads\\\/2024\\\/03\\\/logo_noir-scaled.png\",\"width\":2560,\"height\":268,\"caption\":\"Maximaloc\"},\"image\":{\"@id\":\"https:\\\/\\\/maxima-studios.com\\\/#\\\/schema\\\/logo\\\/image\\\/\"},\"sameAs\":[\"https:\\\/\\\/www.facebook.com\\\/Maximalocation\"]}]}<\/script>\n<!-- \/ Yoast SEO plugin. -->","yoast_head_json":{"title":"HOLLYLAND PYRO S Accessoires vid\u00e9o - Maximaloc","description":"Hollyland Pyro S : transmission vid\u00e9o sans fil HDMI\/SDI, faible latence et qualit\u00e9 UHD 4K, id\u00e9al pour tournages professionnels.","robots":{"index":"index","follow":"follow","max-snippet":"max-snippet:-1","max-image-preview":"max-image-preview:large","max-video-preview":"max-video-preview:-1"},"canonical":"https:\/\/maxima-studios.com\/en\/product\/hollyland-pyro-s-kit-moniteur\/","og_locale":"en_US","og_type":"article","og_title":"HOLLYLAND PYRO S Accessoires vid\u00e9o - Maximaloc","og_description":"Hollyland Pyro S : transmission vid\u00e9o sans fil HDMI\/SDI, faible latence et qualit\u00e9 UHD 4K, id\u00e9al pour tournages professionnels.","og_url":"https:\/\/maxima-studios.com\/en\/product\/hollyland-pyro-s-kit-moniteur\/","og_site_name":"Maximaloc","article_publisher":"https:\/\/www.facebook.com\/Maximalocation","article_modified_time":"2026-04-13T18:22:16+00:00","og_image":[{"width":1000,"height":1000,"url":"https:\/\/maxima-studios.com\/wp-content\/uploads\/2024\/09\/1.jpg","type":"image\/jpeg"}],"twitter_card":"summary_large_image","twitter_misc":{"Est. reading time":"3 minutes"},"schema":{"@context":"https:\/\/schema.org","@graph":[{"@type":"WebPage","@id":"https:\/\/maxima-studios.com\/produit\/hollyland-pyro-s-kit-moniteur\/","url":"https:\/\/maxima-studios.com\/produit\/hollyland-pyro-s-kit-moniteur\/","name":"HOLLYLAND PYRO S Accessoires vid\u00e9o - Maximaloc","isPartOf":{"@id":"https:\/\/maxima-studios.com\/#website"},"primaryImageOfPage":{"@id":"https:\/\/maxima-studios.com\/produit\/hollyland-pyro-s-kit-moniteur\/#primaryimage"},"image":{"@id":"https:\/\/maxima-studios.com\/produit\/hollyland-pyro-s-kit-moniteur\/#primaryimage"},"thumbnailUrl":"https:\/\/maxima-studios.com\/wp-content\/uploads\/2024\/09\/1.jpg","datePublished":"2024-09-10T09:21:11+00:00","dateModified":"2026-04-13T18:22:16+00:00","description":"Hollyland Pyro S : transmission vid\u00e9o sans fil HDMI\/SDI, faible latence et qualit\u00e9 UHD 4K, id\u00e9al pour tournages professionnels.","breadcrumb":{"@id":"https:\/\/maxima-studios.com\/produit\/hollyland-pyro-s-kit-moniteur\/#breadcrumb"},"inLanguage":"en-US","potentialAction":[{"@type":"ReadAction","target":["https:\/\/maxima-studios.com\/produit\/hollyland-pyro-s-kit-moniteur\/"]}]},{"@type":"ImageObject","inLanguage":"en-US","@id":"https:\/\/maxima-studios.com\/produit\/hollyland-pyro-s-kit-moniteur\/#primaryimage","url":"https:\/\/maxima-studios.com\/wp-content\/uploads\/2024\/09\/1.jpg","contentUrl":"https:\/\/maxima-studios.com\/wp-content\/uploads\/2024\/09\/1.jpg","width":1000,"height":1000},{"@type":"BreadcrumbList","@id":"https:\/\/maxima-studios.com\/produit\/hollyland-pyro-s-kit-moniteur\/#breadcrumb","itemListElement":[{"@type":"ListItem","position":1,"name":"Accueil","item":"https:\/\/maxima-studios.com\/"},{"@type":"ListItem","position":2,"name":"BOUTIQUE","item":"https:\/\/maxima-studios.com\/boutique\/"},{"@type":"ListItem","position":3,"name":"HOLLYLAND PYRO S &#8211; KIT MONITEUR"}]},{"@type":"WebSite","@id":"https:\/\/maxima-studios.com\/#website","url":"https:\/\/maxima-studios.com\/","name":"Maximaloc","description":"","publisher":{"@id":"https:\/\/maxima-studios.com\/#organization"},"potentialAction":[{"@type":"SearchAction","target":{"@type":"EntryPoint","urlTemplate":"https:\/\/maxima-studios.com\/?s={search_term_string}"},"query-input":{"@type":"PropertyValueSpecification","valueRequired":true,"valueName":"search_term_string"}}],"inLanguage":"en-US"},{"@type":"Organization","@id":"https:\/\/maxima-studios.com\/#organization","name":"Maximaloc","url":"https:\/\/maxima-studios.com\/","logo":{"@type":"ImageObject","inLanguage":"en-US","@id":"https:\/\/maxima-studios.com\/#\/schema\/logo\/image\/","url":"https:\/\/maxima-studios.com\/wp-content\/uploads\/2024\/03\/logo_noir-scaled.png","contentUrl":"https:\/\/maxima-studios.com\/wp-content\/uploads\/2024\/03\/logo_noir-scaled.png","width":2560,"height":268,"caption":"Maximaloc"},"image":{"@id":"https:\/\/maxima-studios.com\/#\/schema\/logo\/image\/"},"sameAs":["https:\/\/www.facebook.com\/Maximalocation"]}]}},"_links":{"self":[{"href":"https:\/\/maxima-studios.com\/en\/wp-json\/wp\/v2\/product\/17509","targetHints":{"allow":["GET"]}}],"collection":[{"href":"https:\/\/maxima-studios.com\/en\/wp-json\/wp\/v2\/product"}],"about":[{"href":"https:\/\/maxima-studios.com\/en\/wp-json\/wp\/v2\/types\/product"}],"wp:featuredmedia":[{"embeddable":true,"href":"https:\/\/maxima-studios.com\/en\/wp-json\/wp\/v2\/media\/19220"}],"wp:attachment":[{"href":"https:\/\/maxima-studios.com\/en\/wp-json\/wp\/v2\/media?parent=17509"}],"wp:term":[{"taxonomy":"product_cat","embeddable":true,"href":"https:\/\/maxima-studios.com\/en\/wp-json\/wp\/v2\/product_cat?post=17509"},{"taxonomy":"product_tag","embeddable":true,"href":"https:\/\/maxima-studios.com\/en\/wp-json\/wp\/v2\/product_tag?post=17509"}],"curies":[{"name":"wp","href":"https:\/\/api.w.org\/{rel}","templated":true}]}}