 {"id":16264,"date":"2024-08-16T14:30:37","date_gmt":"2024-08-16T12:30:37","guid":{"rendered":"https:\/\/maxima-studios.com\/produit\/micro-main-hf-g4-demi-rack\/"},"modified":"2026-04-13T20:16:31","modified_gmt":"2026-04-13T18:16:31","slug":"micro-main-hf-g4-demi-rack","status":"publish","type":"product","link":"https:\/\/maxima-studios.com\/en\/product\/micro-main-hf-g4-demi-rack\/","title":{"rendered":"MICRO MAIN HF G4 DEMI-RACK"},"content":{"rendered":"<p>Ce kit micro main HF est parfaitement adapt\u00e9 aux situations de conf\u00e9rences, de concerts ou n\u2019importe quel autre \u00e9v\u00e9nement avec un espace fixe d\u00e9di\u00e9 \u00e0 la r\u00e9gie son. Pour les tournages avec une configuration mobile (micro trottoir, interviews sur le vif), mieux vaut privil\u00e9gier le kit avec r\u00e9cepteur pocket EK100, beaucoup plus compact et l\u00e9ger, qui permet d\u2019enregistrer facilement via la cam\u00e9ra ou en passant par un enregistreur.<\/p>\n<p>\u00a0<\/p>\n<p>Le r\u00e9cepteur en demi-rack EM 100 G4 de Sennheiser re\u00e7oit les signaux audio sans fil des \u00e9metteurs HF compatibles EW100, EW300 et EW500. Sa conception en demi-rack permet d\u2019assembler plusieurs EM100 G4 ensemble afin d\u2019optimiser le rangement et le c\u00e2blage de la r\u00e9gie son, \u00e0 l\u2019inverse du r\u00e9cepteur EK100 qui lui est con\u00e7u pour se fixer sur la cam\u00e9ra. L\u2019EM100 G4 dispose d&#8217;une sortie XLR et d&#8217;une sortie jack 6,35 mm afin de pouvoir \u00eatre directement reli\u00e9 \u00e0 une table de mixage, un enregistreur ou autre.<\/p>\n<p>\u00a0<\/p>\n<p>Il est \u00e9quip\u00e9 d&#8217;antennes int\u00e9gr\u00e9es mais autorise l\u2019utilisation d\u2019antennes externes via les connecteurs BNC. Cela permet de gagner en port\u00e9e et d\u2019am\u00e9liorer la stabilit\u00e9 des signaux HF et de r\u00e9duire les interf\u00e9rences ind\u00e9sirables.<\/p>\n<p>\u00a0<\/p>\n<p>Il est \u00e9quip\u00e9 d&#8217;un \u00e9cran LCD et de boutons de contr\u00f4le pour acc\u00e9der rapidement au r\u00e9glages et inclut une fonction de synchronisation automatique entre \u00e9metteur et r\u00e9cepteur via infrarouge.<\/p>","protected":false},"excerpt":{"rendered":"<p>Kit Micro main HF avec\u00a0Demi-Rack<\/p>\n<p>Ref : Sennheiser SKM 100 G4 +\u00a0 Rack EM100 G4<\/p>\n<p>Fr\u00e9quence : B\u00a0626 &#8211; 668 MHz<\/p>","protected":false},"featured_media":16737,"template":"","meta":[],"product_cat":[338],"product_tag":[],"class_list":{"0":"post-16264","1":"product","2":"type-product","3":"status-publish","4":"has-post-thumbnail","6":"product_cat-micros-categorie","8":"first","9":"instock","10":"featured","11":"taxable","12":"shipping-taxable","13":"purchasable","14":"product-type-rentable"},"yoast_head":"<!-- This site is optimized with the Yoast SEO plugin v27.3 - https:\/\/yoast.com\/product\/yoast-seo-wordpress\/ -->\n<title>MICRO MAIN HF G4 DEMI-RACK - Maximaloc<\/title>\n<meta name=\"robots\" content=\"index, follow, max-snippet:-1, max-image-preview:large, max-video-preview:-1\" \/>\n<link rel=\"canonical\" href=\"https:\/\/maxima-studios.com\/en\/product\/micro-main-hf-g4-demi-rack\/\" \/>\n<meta property=\"og:locale\" content=\"en_US\" \/>\n<meta property=\"og:type\" content=\"article\" \/>\n<meta property=\"og:title\" content=\"MICRO MAIN HF G4 DEMI-RACK - Maximaloc\" \/>\n<meta property=\"og:description\" content=\"Kit Micro main HF avec\u00a0Demi-Rack Ref : Sennheiser SKM 100 G4 +\u00a0 Rack EM100 G4 Fr\u00e9quence : B\u00a0626 - 668 MHz\" \/>\n<meta property=\"og:url\" content=\"https:\/\/maxima-studios.com\/en\/product\/micro-main-hf-g4-demi-rack\/\" \/>\n<meta property=\"og:site_name\" content=\"Maximaloc\" \/>\n<meta property=\"article:publisher\" content=\"https:\/\/www.facebook.com\/Maximalocation\" \/>\n<meta property=\"article:modified_time\" content=\"2026-04-13T18:16:31+00:00\" \/>\n<meta property=\"og:image\" content=\"https:\/\/maxima-studios.com\/wp-content\/uploads\/2024\/08\/b49820_29aab45d589e43ed91e51b828e05e2d8mv2.webp\" \/>\n\t<meta property=\"og:image:width\" content=\"580\" \/>\n\t<meta property=\"og:image:height\" content=\"420\" \/>\n\t<meta property=\"og:image:type\" content=\"image\/webp\" \/>\n<meta name=\"twitter:card\" content=\"summary_large_image\" \/>\n<meta name=\"twitter:label1\" content=\"Est. reading time\" \/>\n\t<meta name=\"twitter:data1\" content=\"2 minutes\" \/>\n<script type=\"application\/ld+json\" class=\"yoast-schema-graph\">{\"@context\":\"https:\\\/\\\/schema.org\",\"@graph\":[{\"@type\":\"WebPage\",\"@id\":\"https:\\\/\\\/maxima-studios.com\\\/produit\\\/micro-main-hf-g4-demi-rack\\\/\",\"url\":\"https:\\\/\\\/maxima-studios.com\\\/produit\\\/micro-main-hf-g4-demi-rack\\\/\",\"name\":\"MICRO MAIN HF G4 DEMI-RACK - Maximaloc\",\"isPartOf\":{\"@id\":\"https:\\\/\\\/maxima-studios.com\\\/#website\"},\"primaryImageOfPage\":{\"@id\":\"https:\\\/\\\/maxima-studios.com\\\/produit\\\/micro-main-hf-g4-demi-rack\\\/#primaryimage\"},\"image\":{\"@id\":\"https:\\\/\\\/maxima-studios.com\\\/produit\\\/micro-main-hf-g4-demi-rack\\\/#primaryimage\"},\"thumbnailUrl\":\"https:\\\/\\\/maxima-studios.com\\\/wp-content\\\/uploads\\\/2024\\\/08\\\/b49820_29aab45d589e43ed91e51b828e05e2d8mv2.webp\",\"datePublished\":\"2024-08-16T12:30:37+00:00\",\"dateModified\":\"2026-04-13T18:16:31+00:00\",\"breadcrumb\":{\"@id\":\"https:\\\/\\\/maxima-studios.com\\\/produit\\\/micro-main-hf-g4-demi-rack\\\/#breadcrumb\"},\"inLanguage\":\"en-US\",\"potentialAction\":[{\"@type\":\"ReadAction\",\"target\":[\"https:\\\/\\\/maxima-studios.com\\\/produit\\\/micro-main-hf-g4-demi-rack\\\/\"]}]},{\"@type\":\"ImageObject\",\"inLanguage\":\"en-US\",\"@id\":\"https:\\\/\\\/maxima-studios.com\\\/produit\\\/micro-main-hf-g4-demi-rack\\\/#primaryimage\",\"url\":\"https:\\\/\\\/maxima-studios.com\\\/wp-content\\\/uploads\\\/2024\\\/08\\\/b49820_29aab45d589e43ed91e51b828e05e2d8mv2.webp\",\"contentUrl\":\"https:\\\/\\\/maxima-studios.com\\\/wp-content\\\/uploads\\\/2024\\\/08\\\/b49820_29aab45d589e43ed91e51b828e05e2d8mv2.webp\",\"width\":580,\"height\":420,\"caption\":\"Kit Sennheiser Micro main HF avec\u00a0Demi-Rack Ref : SKM 100 G4 +\u00a0Rack EM100 G4 blanc \u00e0 la location\"},{\"@type\":\"BreadcrumbList\",\"@id\":\"https:\\\/\\\/maxima-studios.com\\\/produit\\\/micro-main-hf-g4-demi-rack\\\/#breadcrumb\",\"itemListElement\":[{\"@type\":\"ListItem\",\"position\":1,\"name\":\"Accueil\",\"item\":\"https:\\\/\\\/maxima-studios.com\\\/\"},{\"@type\":\"ListItem\",\"position\":2,\"name\":\"BOUTIQUE\",\"item\":\"https:\\\/\\\/maxima-studios.com\\\/boutique\\\/\"},{\"@type\":\"ListItem\",\"position\":3,\"name\":\"MICRO MAIN HF G4 DEMI-RACK\"}]},{\"@type\":\"WebSite\",\"@id\":\"https:\\\/\\\/maxima-studios.com\\\/#website\",\"url\":\"https:\\\/\\\/maxima-studios.com\\\/\",\"name\":\"Maximaloc\",\"description\":\"\",\"publisher\":{\"@id\":\"https:\\\/\\\/maxima-studios.com\\\/#organization\"},\"potentialAction\":[{\"@type\":\"SearchAction\",\"target\":{\"@type\":\"EntryPoint\",\"urlTemplate\":\"https:\\\/\\\/maxima-studios.com\\\/?s={search_term_string}\"},\"query-input\":{\"@type\":\"PropertyValueSpecification\",\"valueRequired\":true,\"valueName\":\"search_term_string\"}}],\"inLanguage\":\"en-US\"},{\"@type\":\"Organization\",\"@id\":\"https:\\\/\\\/maxima-studios.com\\\/#organization\",\"name\":\"Maximaloc\",\"url\":\"https:\\\/\\\/maxima-studios.com\\\/\",\"logo\":{\"@type\":\"ImageObject\",\"inLanguage\":\"en-US\",\"@id\":\"https:\\\/\\\/maxima-studios.com\\\/#\\\/schema\\\/logo\\\/image\\\/\",\"url\":\"https:\\\/\\\/maxima-studios.com\\\/wp-content\\\/uploads\\\/2024\\\/03\\\/logo_noir-scaled.png\",\"contentUrl\":\"https:\\\/\\\/maxima-studios.com\\\/wp-content\\\/uploads\\\/2024\\\/03\\\/logo_noir-scaled.png\",\"width\":2560,\"height\":268,\"caption\":\"Maximaloc\"},\"image\":{\"@id\":\"https:\\\/\\\/maxima-studios.com\\\/#\\\/schema\\\/logo\\\/image\\\/\"},\"sameAs\":[\"https:\\\/\\\/www.facebook.com\\\/Maximalocation\"]}]}<\/script>\n<!-- \/ Yoast SEO plugin. -->","yoast_head_json":{"title":"MICRO MAIN HF G4 DEMI-RACK - Maximaloc","robots":{"index":"index","follow":"follow","max-snippet":"max-snippet:-1","max-image-preview":"max-image-preview:large","max-video-preview":"max-video-preview:-1"},"canonical":"https:\/\/maxima-studios.com\/en\/product\/micro-main-hf-g4-demi-rack\/","og_locale":"en_US","og_type":"article","og_title":"MICRO MAIN HF G4 DEMI-RACK - Maximaloc","og_description":"Kit Micro main HF avec\u00a0Demi-Rack Ref : Sennheiser SKM 100 G4 +\u00a0 Rack EM100 G4 Fr\u00e9quence : B\u00a0626 - 668 MHz","og_url":"https:\/\/maxima-studios.com\/en\/product\/micro-main-hf-g4-demi-rack\/","og_site_name":"Maximaloc","article_publisher":"https:\/\/www.facebook.com\/Maximalocation","article_modified_time":"2026-04-13T18:16:31+00:00","og_image":[{"width":580,"height":420,"url":"https:\/\/maxima-studios.com\/wp-content\/uploads\/2024\/08\/b49820_29aab45d589e43ed91e51b828e05e2d8mv2.webp","type":"image\/webp"}],"twitter_card":"summary_large_image","twitter_misc":{"Est. reading time":"2 minutes"},"schema":{"@context":"https:\/\/schema.org","@graph":[{"@type":"WebPage","@id":"https:\/\/maxima-studios.com\/produit\/micro-main-hf-g4-demi-rack\/","url":"https:\/\/maxima-studios.com\/produit\/micro-main-hf-g4-demi-rack\/","name":"MICRO MAIN HF G4 DEMI-RACK - Maximaloc","isPartOf":{"@id":"https:\/\/maxima-studios.com\/#website"},"primaryImageOfPage":{"@id":"https:\/\/maxima-studios.com\/produit\/micro-main-hf-g4-demi-rack\/#primaryimage"},"image":{"@id":"https:\/\/maxima-studios.com\/produit\/micro-main-hf-g4-demi-rack\/#primaryimage"},"thumbnailUrl":"https:\/\/maxima-studios.com\/wp-content\/uploads\/2024\/08\/b49820_29aab45d589e43ed91e51b828e05e2d8mv2.webp","datePublished":"2024-08-16T12:30:37+00:00","dateModified":"2026-04-13T18:16:31+00:00","breadcrumb":{"@id":"https:\/\/maxima-studios.com\/produit\/micro-main-hf-g4-demi-rack\/#breadcrumb"},"inLanguage":"en-US","potentialAction":[{"@type":"ReadAction","target":["https:\/\/maxima-studios.com\/produit\/micro-main-hf-g4-demi-rack\/"]}]},{"@type":"ImageObject","inLanguage":"en-US","@id":"https:\/\/maxima-studios.com\/produit\/micro-main-hf-g4-demi-rack\/#primaryimage","url":"https:\/\/maxima-studios.com\/wp-content\/uploads\/2024\/08\/b49820_29aab45d589e43ed91e51b828e05e2d8mv2.webp","contentUrl":"https:\/\/maxima-studios.com\/wp-content\/uploads\/2024\/08\/b49820_29aab45d589e43ed91e51b828e05e2d8mv2.webp","width":580,"height":420,"caption":"Kit Sennheiser Micro main HF avec\u00a0Demi-Rack Ref : SKM 100 G4 +\u00a0Rack EM100 G4 blanc \u00e0 la location"},{"@type":"BreadcrumbList","@id":"https:\/\/maxima-studios.com\/produit\/micro-main-hf-g4-demi-rack\/#breadcrumb","itemListElement":[{"@type":"ListItem","position":1,"name":"Accueil","item":"https:\/\/maxima-studios.com\/"},{"@type":"ListItem","position":2,"name":"BOUTIQUE","item":"https:\/\/maxima-studios.com\/boutique\/"},{"@type":"ListItem","position":3,"name":"MICRO MAIN HF G4 DEMI-RACK"}]},{"@type":"WebSite","@id":"https:\/\/maxima-studios.com\/#website","url":"https:\/\/maxima-studios.com\/","name":"Maximaloc","description":"","publisher":{"@id":"https:\/\/maxima-studios.com\/#organization"},"potentialAction":[{"@type":"SearchAction","target":{"@type":"EntryPoint","urlTemplate":"https:\/\/maxima-studios.com\/?s={search_term_string}"},"query-input":{"@type":"PropertyValueSpecification","valueRequired":true,"valueName":"search_term_string"}}],"inLanguage":"en-US"},{"@type":"Organization","@id":"https:\/\/maxima-studios.com\/#organization","name":"Maximaloc","url":"https:\/\/maxima-studios.com\/","logo":{"@type":"ImageObject","inLanguage":"en-US","@id":"https:\/\/maxima-studios.com\/#\/schema\/logo\/image\/","url":"https:\/\/maxima-studios.com\/wp-content\/uploads\/2024\/03\/logo_noir-scaled.png","contentUrl":"https:\/\/maxima-studios.com\/wp-content\/uploads\/2024\/03\/logo_noir-scaled.png","width":2560,"height":268,"caption":"Maximaloc"},"image":{"@id":"https:\/\/maxima-studios.com\/#\/schema\/logo\/image\/"},"sameAs":["https:\/\/www.facebook.com\/Maximalocation"]}]}},"_links":{"self":[{"href":"https:\/\/maxima-studios.com\/en\/wp-json\/wp\/v2\/product\/16264","targetHints":{"allow":["GET"]}}],"collection":[{"href":"https:\/\/maxima-studios.com\/en\/wp-json\/wp\/v2\/product"}],"about":[{"href":"https:\/\/maxima-studios.com\/en\/wp-json\/wp\/v2\/types\/product"}],"wp:featuredmedia":[{"embeddable":true,"href":"https:\/\/maxima-studios.com\/en\/wp-json\/wp\/v2\/media\/16737"}],"wp:attachment":[{"href":"https:\/\/maxima-studios.com\/en\/wp-json\/wp\/v2\/media?parent=16264"}],"wp:term":[{"taxonomy":"product_cat","embeddable":true,"href":"https:\/\/maxima-studios.com\/en\/wp-json\/wp\/v2\/product_cat?post=16264"},{"taxonomy":"product_tag","embeddable":true,"href":"https:\/\/maxima-studios.com\/en\/wp-json\/wp\/v2\/product_tag?post=16264"}],"curies":[{"name":"wp","href":"https:\/\/api.w.org\/{rel}","templated":true}]}}