 {"id":16262,"date":"2024-08-16T14:30:15","date_gmt":"2024-08-16T12:30:15","guid":{"rendered":"https:\/\/maxima-studios.com\/produit\/mini-pied-manfrotto\/"},"modified":"2026-04-13T20:44:02","modified_gmt":"2026-04-13T18:44:02","slug":"mini-pied-manfrotto","status":"publish","type":"product","link":"https:\/\/maxima-studios.com\/en\/product\/mini-pied-manfrotto\/","title":{"rendered":"MINI PIED MANFROTTO"},"content":{"rendered":"<p>Mini pied pratique pour installer un appareil photo l\u00e9ger ou une GoPro, une torche led ou un enregistreur son sur une table. La rotule se verrouille et d\u00e9verrouille d\u2019une pression sur le bouton avec le logo Manfrotto, afin de pouvoir orienter l\u2019appareil et faire la bulle.<\/p>\n<p>\u00a0<\/p>\n<p>Peut \u00e9galement servir comme poign\u00e9e pour tenir \u00e0 la main un appareil avec pas de vis Kodak 1\/4&#8243;.<\/p>\n<p>\u00a0<\/p>\n<p><strong>Points Forts :\u00a0<\/strong><\/p>\n<ul>\n<li>Ultra compact et transportable partout<\/li>\n<li>Stabilit\u00e9 imm\u00e9diate sur surface plane<\/li>\n<li>Utilisation simple et rapide<\/li>\n<\/ul>","protected":false},"excerpt":{"rendered":"<p>Type : Monopod photo<\/p>\n<p>Rotule ball avec vis Kodak qui supporte jusqu\u2019\u00e0 1kg<\/p>","protected":false},"featured_media":16267,"template":"","meta":[],"product_cat":[391],"product_tag":[],"class_list":{"0":"post-16262","1":"product","2":"type-product","3":"status-publish","4":"has-post-thumbnail","6":"product_cat-trepied-photo","8":"first","9":"instock","10":"taxable","11":"shipping-taxable","12":"purchasable","13":"product-type-rentable"},"_links":{"self":[{"href":"https:\/\/maxima-studios.com\/en\/wp-json\/wp\/v2\/product\/16262","targetHints":{"allow":["GET"]}}],"collection":[{"href":"https:\/\/maxima-studios.com\/en\/wp-json\/wp\/v2\/product"}],"about":[{"href":"https:\/\/maxima-studios.com\/en\/wp-json\/wp\/v2\/types\/product"}],"wp:featuredmedia":[{"embeddable":true,"href":"https:\/\/maxima-studios.com\/en\/wp-json\/wp\/v2\/media\/16267"}],"wp:attachment":[{"href":"https:\/\/maxima-studios.com\/en\/wp-json\/wp\/v2\/media?parent=16262"}],"wp:term":[{"taxonomy":"product_cat","embeddable":true,"href":"https:\/\/maxima-studios.com\/en\/wp-json\/wp\/v2\/product_cat?post=16262"},{"taxonomy":"product_tag","embeddable":true,"href":"https:\/\/maxima-studios.com\/en\/wp-json\/wp\/v2\/product_tag?post=16262"}],"curies":[{"name":"wp","href":"https:\/\/api.w.org\/{rel}","templated":true}]}}