 {"id":15601,"date":"2024-08-14T14:57:04","date_gmt":"2024-08-14T12:57:04","guid":{"rendered":"https:\/\/maxima-studios.com\/produit\/dji-avata-2\/"},"modified":"2026-04-13T20:44:02","modified_gmt":"2026-04-13T18:44:02","slug":"dji-avata-2","status":"publish","type":"product","link":"https:\/\/maxima-studios.com\/en\/product\/dji-avata-2\/","title":{"rendered":"DJI AVATA 2"},"content":{"rendered":"<p>Le DJI AVATA 2 est un drone polyvalent qui conviendra \u00e0 une grande vari\u00e9t\u00e9 de de projets : publicit\u00e9, clips, fictions, corporate. Avec sa vitesse maximale de 97.2km\/h, il suivra fid\u00e8lement vos sujets en mouvements : voitures, motos, v\u00e9los, bateaux, chevaux et autres.<\/p>\n<p>Il int\u00e8gre un capteur CMOS 12 MP 1\/1.3\u201d qui permet de prendre des photos en Raw et Jpeg et d\u2019enregistrer des vid\u00e9os en 4K 60 ou 100p. Le pilotage se fait avec la t\u00e9l\u00e9commande DJI RC Motion 3 incluse qui int\u00e8gre un \u00e9cran et l\u2019application DJI Fly, ou le casque Goggles 3 accompagn\u00e9 des t\u00e9l\u00e9commandes FPV.<\/p>\n<p><strong>\u00a0Points Forts:<\/strong><\/p>\n<ul>\n<li>Vid\u00e9o 4K D-Log 10 bit<\/li>\n<li>Autofocus avec tracking<\/li>\n<li>Vitesse avoisinant les 100 km\/h<\/li>\n<li>Pilotage FPV<\/li>\n<\/ul>","protected":false},"excerpt":{"rendered":"<p><strong>CAM<\/strong><\/p>\n<p>Capteur Hasselblad 1\/1.3\u201d 12 MP\u00a0<\/p>\n<p>Vid\u00e9o 4K 10 bits 60p\u00a0<\/p>\n<p>4K 10 bits 100p\u00a0<\/p>\n<p>\u00a0<\/p>\n<p>\u00a0<\/p>\n<p>\u00a0<\/p>\n<p><strong>DRONE<\/strong><\/p>\n<p>Vitesse max : 97,2 km\/h<\/p>\n<p>R\u00e9sistance au vent : 36 km\/h<\/p>","protected":false},"featured_media":15603,"template":"","meta":[],"product_cat":[407],"product_tag":[],"class_list":{"0":"post-15601","1":"product","2":"type-product","3":"status-publish","4":"has-post-thumbnail","6":"product_cat-drone","8":"first","9":"instock","10":"featured","11":"taxable","12":"shipping-taxable","13":"purchasable","14":"product-type-rentable"},"yoast_head":"<!-- This site is optimized with the Yoast SEO plugin v27.3 - https:\/\/yoast.com\/product\/yoast-seo-wordpress\/ -->\n<title>DJI AVATA 2 Drone - Maximaloc<\/title>\n<meta name=\"description\" content=\"DJI AVATA 2 : drone FPV 4K 60\/100p avec capteur 1\/1.3\u201d, tracking autofocus et pilotage immersif via Goggles 3. Id\u00e9al pour pubs, clips et fictions.\" \/>\n<meta name=\"robots\" content=\"index, follow, max-snippet:-1, max-image-preview:large, max-video-preview:-1\" \/>\n<link rel=\"canonical\" href=\"https:\/\/maxima-studios.com\/en\/product\/dji-avata-2\/\" \/>\n<meta property=\"og:locale\" content=\"en_US\" \/>\n<meta property=\"og:type\" content=\"article\" \/>\n<meta property=\"og:title\" content=\"DJI AVATA 2 Drone - Maximaloc\" \/>\n<meta property=\"og:description\" content=\"DJI AVATA 2 : drone FPV 4K 60\/100p avec capteur 1\/1.3\u201d, tracking autofocus et pilotage immersif via Goggles 3. Id\u00e9al pour pubs, clips et fictions.\" \/>\n<meta property=\"og:url\" content=\"https:\/\/maxima-studios.com\/en\/product\/dji-avata-2\/\" \/>\n<meta property=\"og:site_name\" content=\"Maximaloc\" \/>\n<meta property=\"article:publisher\" content=\"https:\/\/www.facebook.com\/Maximalocation\" \/>\n<meta property=\"article:modified_time\" content=\"2026-04-13T18:44:02+00:00\" \/>\n<meta property=\"og:image\" content=\"https:\/\/maxima-studios.com\/wp-content\/uploads\/2024\/08\/dji_avata_2-removebg-preview.png\" \/>\n\t<meta property=\"og:image:width\" content=\"500\" \/>\n\t<meta property=\"og:image:height\" content=\"500\" \/>\n\t<meta property=\"og:image:type\" content=\"image\/png\" \/>\n<meta name=\"twitter:card\" content=\"summary_large_image\" \/>\n<meta name=\"twitter:label1\" content=\"Est. reading time\" \/>\n\t<meta name=\"twitter:data1\" content=\"1 minute\" \/>\n<script type=\"application\/ld+json\" class=\"yoast-schema-graph\">{\"@context\":\"https:\\\/\\\/schema.org\",\"@graph\":[{\"@type\":\"WebPage\",\"@id\":\"https:\\\/\\\/maxima-studios.com\\\/produit\\\/dji-avata-2\\\/\",\"url\":\"https:\\\/\\\/maxima-studios.com\\\/produit\\\/dji-avata-2\\\/\",\"name\":\"DJI AVATA 2 Drone - Maximaloc\",\"isPartOf\":{\"@id\":\"https:\\\/\\\/maxima-studios.com\\\/#website\"},\"primaryImageOfPage\":{\"@id\":\"https:\\\/\\\/maxima-studios.com\\\/produit\\\/dji-avata-2\\\/#primaryimage\"},\"image\":{\"@id\":\"https:\\\/\\\/maxima-studios.com\\\/produit\\\/dji-avata-2\\\/#primaryimage\"},\"thumbnailUrl\":\"https:\\\/\\\/maxima-studios.com\\\/wp-content\\\/uploads\\\/2024\\\/08\\\/dji_avata_2-removebg-preview.png\",\"datePublished\":\"2024-08-14T12:57:04+00:00\",\"dateModified\":\"2026-04-13T18:44:02+00:00\",\"description\":\"DJI AVATA 2 : drone FPV 4K 60\\\/100p avec capteur 1\\\/1.3\u201d, tracking autofocus et pilotage immersif via Goggles 3. Id\u00e9al pour pubs, clips et fictions.\",\"breadcrumb\":{\"@id\":\"https:\\\/\\\/maxima-studios.com\\\/produit\\\/dji-avata-2\\\/#breadcrumb\"},\"inLanguage\":\"en-US\",\"potentialAction\":[{\"@type\":\"ReadAction\",\"target\":[\"https:\\\/\\\/maxima-studios.com\\\/produit\\\/dji-avata-2\\\/\"]}]},{\"@type\":\"ImageObject\",\"inLanguage\":\"en-US\",\"@id\":\"https:\\\/\\\/maxima-studios.com\\\/produit\\\/dji-avata-2\\\/#primaryimage\",\"url\":\"https:\\\/\\\/maxima-studios.com\\\/wp-content\\\/uploads\\\/2024\\\/08\\\/dji_avata_2-removebg-preview.png\",\"contentUrl\":\"https:\\\/\\\/maxima-studios.com\\\/wp-content\\\/uploads\\\/2024\\\/08\\\/dji_avata_2-removebg-preview.png\",\"width\":500,\"height\":500,\"caption\":\"DJI Avata 2 en location\"},{\"@type\":\"BreadcrumbList\",\"@id\":\"https:\\\/\\\/maxima-studios.com\\\/produit\\\/dji-avata-2\\\/#breadcrumb\",\"itemListElement\":[{\"@type\":\"ListItem\",\"position\":1,\"name\":\"Accueil\",\"item\":\"https:\\\/\\\/maxima-studios.com\\\/\"},{\"@type\":\"ListItem\",\"position\":2,\"name\":\"BOUTIQUE\",\"item\":\"https:\\\/\\\/maxima-studios.com\\\/boutique\\\/\"},{\"@type\":\"ListItem\",\"position\":3,\"name\":\"DJI AVATA 2\"}]},{\"@type\":\"WebSite\",\"@id\":\"https:\\\/\\\/maxima-studios.com\\\/#website\",\"url\":\"https:\\\/\\\/maxima-studios.com\\\/\",\"name\":\"Maximaloc\",\"description\":\"\",\"publisher\":{\"@id\":\"https:\\\/\\\/maxima-studios.com\\\/#organization\"},\"potentialAction\":[{\"@type\":\"SearchAction\",\"target\":{\"@type\":\"EntryPoint\",\"urlTemplate\":\"https:\\\/\\\/maxima-studios.com\\\/?s={search_term_string}\"},\"query-input\":{\"@type\":\"PropertyValueSpecification\",\"valueRequired\":true,\"valueName\":\"search_term_string\"}}],\"inLanguage\":\"en-US\"},{\"@type\":\"Organization\",\"@id\":\"https:\\\/\\\/maxima-studios.com\\\/#organization\",\"name\":\"Maximaloc\",\"url\":\"https:\\\/\\\/maxima-studios.com\\\/\",\"logo\":{\"@type\":\"ImageObject\",\"inLanguage\":\"en-US\",\"@id\":\"https:\\\/\\\/maxima-studios.com\\\/#\\\/schema\\\/logo\\\/image\\\/\",\"url\":\"https:\\\/\\\/maxima-studios.com\\\/wp-content\\\/uploads\\\/2024\\\/03\\\/logo_noir-scaled.png\",\"contentUrl\":\"https:\\\/\\\/maxima-studios.com\\\/wp-content\\\/uploads\\\/2024\\\/03\\\/logo_noir-scaled.png\",\"width\":2560,\"height\":268,\"caption\":\"Maximaloc\"},\"image\":{\"@id\":\"https:\\\/\\\/maxima-studios.com\\\/#\\\/schema\\\/logo\\\/image\\\/\"},\"sameAs\":[\"https:\\\/\\\/www.facebook.com\\\/Maximalocation\"]}]}<\/script>\n<!-- \/ Yoast SEO plugin. -->","yoast_head_json":{"title":"DJI AVATA 2 Drone - Maximaloc","description":"DJI AVATA 2 : drone FPV 4K 60\/100p avec capteur 1\/1.3\u201d, tracking autofocus et pilotage immersif via Goggles 3. Id\u00e9al pour pubs, clips et fictions.","robots":{"index":"index","follow":"follow","max-snippet":"max-snippet:-1","max-image-preview":"max-image-preview:large","max-video-preview":"max-video-preview:-1"},"canonical":"https:\/\/maxima-studios.com\/en\/product\/dji-avata-2\/","og_locale":"en_US","og_type":"article","og_title":"DJI AVATA 2 Drone - Maximaloc","og_description":"DJI AVATA 2 : drone FPV 4K 60\/100p avec capteur 1\/1.3\u201d, tracking autofocus et pilotage immersif via Goggles 3. Id\u00e9al pour pubs, clips et fictions.","og_url":"https:\/\/maxima-studios.com\/en\/product\/dji-avata-2\/","og_site_name":"Maximaloc","article_publisher":"https:\/\/www.facebook.com\/Maximalocation","article_modified_time":"2026-04-13T18:44:02+00:00","og_image":[{"width":500,"height":500,"url":"https:\/\/maxima-studios.com\/wp-content\/uploads\/2024\/08\/dji_avata_2-removebg-preview.png","type":"image\/png"}],"twitter_card":"summary_large_image","twitter_misc":{"Est. reading time":"1 minute"},"schema":{"@context":"https:\/\/schema.org","@graph":[{"@type":"WebPage","@id":"https:\/\/maxima-studios.com\/produit\/dji-avata-2\/","url":"https:\/\/maxima-studios.com\/produit\/dji-avata-2\/","name":"DJI AVATA 2 Drone - Maximaloc","isPartOf":{"@id":"https:\/\/maxima-studios.com\/#website"},"primaryImageOfPage":{"@id":"https:\/\/maxima-studios.com\/produit\/dji-avata-2\/#primaryimage"},"image":{"@id":"https:\/\/maxima-studios.com\/produit\/dji-avata-2\/#primaryimage"},"thumbnailUrl":"https:\/\/maxima-studios.com\/wp-content\/uploads\/2024\/08\/dji_avata_2-removebg-preview.png","datePublished":"2024-08-14T12:57:04+00:00","dateModified":"2026-04-13T18:44:02+00:00","description":"DJI AVATA 2 : drone FPV 4K 60\/100p avec capteur 1\/1.3\u201d, tracking autofocus et pilotage immersif via Goggles 3. Id\u00e9al pour pubs, clips et fictions.","breadcrumb":{"@id":"https:\/\/maxima-studios.com\/produit\/dji-avata-2\/#breadcrumb"},"inLanguage":"en-US","potentialAction":[{"@type":"ReadAction","target":["https:\/\/maxima-studios.com\/produit\/dji-avata-2\/"]}]},{"@type":"ImageObject","inLanguage":"en-US","@id":"https:\/\/maxima-studios.com\/produit\/dji-avata-2\/#primaryimage","url":"https:\/\/maxima-studios.com\/wp-content\/uploads\/2024\/08\/dji_avata_2-removebg-preview.png","contentUrl":"https:\/\/maxima-studios.com\/wp-content\/uploads\/2024\/08\/dji_avata_2-removebg-preview.png","width":500,"height":500,"caption":"DJI Avata 2 en location"},{"@type":"BreadcrumbList","@id":"https:\/\/maxima-studios.com\/produit\/dji-avata-2\/#breadcrumb","itemListElement":[{"@type":"ListItem","position":1,"name":"Accueil","item":"https:\/\/maxima-studios.com\/"},{"@type":"ListItem","position":2,"name":"BOUTIQUE","item":"https:\/\/maxima-studios.com\/boutique\/"},{"@type":"ListItem","position":3,"name":"DJI AVATA 2"}]},{"@type":"WebSite","@id":"https:\/\/maxima-studios.com\/#website","url":"https:\/\/maxima-studios.com\/","name":"Maximaloc","description":"","publisher":{"@id":"https:\/\/maxima-studios.com\/#organization"},"potentialAction":[{"@type":"SearchAction","target":{"@type":"EntryPoint","urlTemplate":"https:\/\/maxima-studios.com\/?s={search_term_string}"},"query-input":{"@type":"PropertyValueSpecification","valueRequired":true,"valueName":"search_term_string"}}],"inLanguage":"en-US"},{"@type":"Organization","@id":"https:\/\/maxima-studios.com\/#organization","name":"Maximaloc","url":"https:\/\/maxima-studios.com\/","logo":{"@type":"ImageObject","inLanguage":"en-US","@id":"https:\/\/maxima-studios.com\/#\/schema\/logo\/image\/","url":"https:\/\/maxima-studios.com\/wp-content\/uploads\/2024\/03\/logo_noir-scaled.png","contentUrl":"https:\/\/maxima-studios.com\/wp-content\/uploads\/2024\/03\/logo_noir-scaled.png","width":2560,"height":268,"caption":"Maximaloc"},"image":{"@id":"https:\/\/maxima-studios.com\/#\/schema\/logo\/image\/"},"sameAs":["https:\/\/www.facebook.com\/Maximalocation"]}]}},"_links":{"self":[{"href":"https:\/\/maxima-studios.com\/en\/wp-json\/wp\/v2\/product\/15601","targetHints":{"allow":["GET"]}}],"collection":[{"href":"https:\/\/maxima-studios.com\/en\/wp-json\/wp\/v2\/product"}],"about":[{"href":"https:\/\/maxima-studios.com\/en\/wp-json\/wp\/v2\/types\/product"}],"wp:featuredmedia":[{"embeddable":true,"href":"https:\/\/maxima-studios.com\/en\/wp-json\/wp\/v2\/media\/15603"}],"wp:attachment":[{"href":"https:\/\/maxima-studios.com\/en\/wp-json\/wp\/v2\/media?parent=15601"}],"wp:term":[{"taxonomy":"product_cat","embeddable":true,"href":"https:\/\/maxima-studios.com\/en\/wp-json\/wp\/v2\/product_cat?post=15601"},{"taxonomy":"product_tag","embeddable":true,"href":"https:\/\/maxima-studios.com\/en\/wp-json\/wp\/v2\/product_tag?post=15601"}],"curies":[{"name":"wp","href":"https:\/\/api.w.org\/{rel}","templated":true}]}}