 {"id":15401,"date":"2024-08-14T10:24:36","date_gmt":"2024-08-14T08:24:36","guid":{"rendered":"https:\/\/maxima-studios.com\/produit\/serie-zeiss-supreme\/"},"modified":"2026-04-13T20:46:21","modified_gmt":"2026-04-13T18:46:21","slug":"serie-zeiss-supreme","status":"publish","type":"product","link":"https:\/\/maxima-studios.com\/en\/product\/serie-zeiss-supreme\/","title":{"rendered":"SERIE ZEISS SUPREME"},"content":{"rendered":"<div class=\"zp8uy2\" data-hook=\"info-section-description\">\n<p>La s\u00e9rie Zeiss Supreme Prime est une gamme d&#8217;objectifs haut de gamme con\u00e7ue pour les productions cin\u00e9matographiques. Ces objectifs offrent une ouverture rapide \u00e0 T1.5, permettant une faible profondeur de champ pour un effet cin\u00e9matographique. Cette s\u00e9rie est \u00e9galement connue pour son piqu\u00e9 et sa pr\u00e9cision dans la restitution des d\u00e9tails.\u00a0<\/p>\n<p>\u00a0<\/p>\n<p>La s\u00e9rie Zeiss Supreme Prime offre \u00e9galement une coh\u00e9rence de couleur remarquable entre les diff\u00e9rents objectifs, facilitant le processus de post-production et permettant aux r\u00e9alisateurs de se concentrer sur la cr\u00e9ation plut\u00f4t que sur la correction des couleurs.<\/p>\n<p>\u00a0<\/p>\n<p>De conception homog\u00e8ne, les diff\u00e9rents objectifs de cette s\u00e9rie mesurent 11,9 cm pour un diam\u00e8tre ext\u00e9rieur de 95 cm et un poids variant de 1,22 \u00e0 1,42 kg. Cette homog\u00e9n\u00e9it\u00e9 permet de ne pas avoir \u00e0 r\u00e9ajuster sa config \u00e0 chaque changement d\u2019optique.<\/p>\n<p>\u00a0<\/p>\n<p><strong>Points Forts :\u00a0<\/strong><\/p>\n<ul>\n<li>\n<p>Nettet\u00e9 et une pr\u00e9cision exceptionnelles<\/p>\n<\/li>\n<li>\n<p>Coh\u00e9rence colorim\u00e9trique d\u2019un objectif \u00e0 l\u2019autre<\/p>\n<\/li>\n<li>\n<p>Construction homog\u00e8ne et robuste<\/p>\n<\/li>\n<\/ul>\n<\/div>","protected":false},"excerpt":{"rendered":"<p>S\u00e9rie cin\u00e9 Zeiss Supreme Prime<\/p>\n<p>Monture : PL<\/p>\n<p>Format : Full Frame<\/p>\n<p>Diam\u00e8tre ext\u00e9rieur : 95mm<\/p>","protected":false},"featured_media":19144,"template":"","meta":[],"product_cat":[231],"product_tag":[197,240,241,272,278],"class_list":{"0":"post-15401","1":"product","2":"type-product","3":"status-publish","4":"has-post-thumbnail","6":"product_cat-pl-lpl","7":"product_tag-full-frame-24x36","8":"product_tag-mise-au-point-manuelle","9":"product_tag-non-stabilise","10":"product_tag-serie","11":"product_tag-zeiss","13":"first","14":"instock","15":"taxable","16":"shipping-taxable","17":"purchasable","18":"product-type-rentable"},"_links":{"self":[{"href":"https:\/\/maxima-studios.com\/en\/wp-json\/wp\/v2\/product\/15401","targetHints":{"allow":["GET"]}}],"collection":[{"href":"https:\/\/maxima-studios.com\/en\/wp-json\/wp\/v2\/product"}],"about":[{"href":"https:\/\/maxima-studios.com\/en\/wp-json\/wp\/v2\/types\/product"}],"wp:featuredmedia":[{"embeddable":true,"href":"https:\/\/maxima-studios.com\/en\/wp-json\/wp\/v2\/media\/19144"}],"wp:attachment":[{"href":"https:\/\/maxima-studios.com\/en\/wp-json\/wp\/v2\/media?parent=15401"}],"wp:term":[{"taxonomy":"product_cat","embeddable":true,"href":"https:\/\/maxima-studios.com\/en\/wp-json\/wp\/v2\/product_cat?post=15401"},{"taxonomy":"product_tag","embeddable":true,"href":"https:\/\/maxima-studios.com\/en\/wp-json\/wp\/v2\/product_tag?post=15401"}],"curies":[{"name":"wp","href":"https:\/\/api.w.org\/{rel}","templated":true}]}}