 {"id":15391,"date":"2024-08-14T10:07:23","date_gmt":"2024-08-14T08:07:23","guid":{"rendered":"https:\/\/maxima-studios.com\/produit\/dji-lidar\/"},"modified":"2026-04-13T20:22:13","modified_gmt":"2026-04-13T18:22:13","slug":"dji-lidar","status":"publish","type":"product","link":"https:\/\/maxima-studios.com\/en\/product\/dji-lidar\/","title":{"rendered":"DJI LIDAR"},"content":{"rendered":"<p>Le DJI LiDAR permet d\u2019effectuer automatiquement la mise au point sur n\u2019importe quel objectif \u00e0 mise au point manuel, le tout utilis\u00e9 sur le DJI RS 3 Pro. Son syst\u00e8me de mesure des distance laser calcule automatiquement la distance entre le sujet et l\u2019objectif et effectue la mise au point en cons\u00e9quence \u00e0 l\u2019aide du moteur focus DJI.<\/p>\n<p>\u00a0<\/p>\n<p>Le DJI LiDAR se place au-dessus de votre bo\u00eetier via l\u2019attache cold shoe. Accessoire indispensable si vous souhaitez utiliser des optiques cin\u00e9 avec votre config RS3 Pro et que vous \u00eates seul. Il dispose d\u2019une cam\u00e9ra int\u00e9gr\u00e9e \u00e9quivalente \u00e0 un 30 mm full frame d\u00e9di\u00e9e au suivi automatique des sujets via la fonction ActiveTrack PRO disponible avec l\u2019appli DJI.<\/p>","protected":false},"excerpt":{"rendered":"<p>Syst\u00e8me focus laser<\/p>\n<p>Pour optiques Manuelles\u00a0<\/p>\n<p>Compatible : DJI Ronin\u00a0RS3 Pro<\/p>","protected":false},"featured_media":15396,"template":"","meta":[],"product_cat":[360],"product_tag":[],"class_list":{"0":"post-15391","1":"product","2":"type-product","3":"status-publish","4":"has-post-thumbnail","6":"product_cat-accessoires-gimbal","8":"first","9":"instock","10":"featured","11":"taxable","12":"shipping-taxable","13":"purchasable","14":"product-type-rentable"},"yoast_head":"<!-- This site is optimized with the Yoast SEO plugin v27.3 - https:\/\/yoast.com\/product\/yoast-seo-wordpress\/ -->\n<title>DJI LIDAR - Maximaloc<\/title>\n<meta name=\"robots\" content=\"index, follow, max-snippet:-1, max-image-preview:large, max-video-preview:-1\" \/>\n<link rel=\"canonical\" href=\"https:\/\/maxima-studios.com\/en\/product\/dji-lidar\/\" \/>\n<meta property=\"og:locale\" content=\"en_US\" \/>\n<meta property=\"og:type\" content=\"article\" \/>\n<meta property=\"og:title\" content=\"DJI LIDAR - Maximaloc\" \/>\n<meta property=\"og:description\" content=\"Syst\u00e8me focus laser Pour optiques Manuelles\u00a0 Compatible : DJI Ronin\u00a0RS3 Pro\" \/>\n<meta property=\"og:url\" content=\"https:\/\/maxima-studios.com\/en\/product\/dji-lidar\/\" \/>\n<meta property=\"og:site_name\" content=\"Maximaloc\" \/>\n<meta property=\"article:publisher\" content=\"https:\/\/www.facebook.com\/Maximalocation\" \/>\n<meta property=\"article:modified_time\" content=\"2026-04-13T18:22:13+00:00\" \/>\n<meta property=\"og:image\" content=\"https:\/\/maxima-studios.com\/wp-content\/uploads\/2024\/08\/b49820_dc6e51f022224cbfb7fca3859c94b37emv2.webp\" \/>\n\t<meta property=\"og:image:width\" content=\"580\" \/>\n\t<meta property=\"og:image:height\" content=\"420\" \/>\n\t<meta property=\"og:image:type\" content=\"image\/webp\" \/>\n<meta name=\"twitter:card\" content=\"summary_large_image\" \/>\n<meta name=\"twitter:label1\" content=\"Est. reading time\" \/>\n\t<meta name=\"twitter:data1\" content=\"1 minute\" \/>\n<script type=\"application\/ld+json\" class=\"yoast-schema-graph\">{\"@context\":\"https:\\\/\\\/schema.org\",\"@graph\":[{\"@type\":\"WebPage\",\"@id\":\"https:\\\/\\\/maxima-studios.com\\\/produit\\\/dji-lidar\\\/\",\"url\":\"https:\\\/\\\/maxima-studios.com\\\/produit\\\/dji-lidar\\\/\",\"name\":\"DJI LIDAR - Maximaloc\",\"isPartOf\":{\"@id\":\"https:\\\/\\\/maxima-studios.com\\\/#website\"},\"primaryImageOfPage\":{\"@id\":\"https:\\\/\\\/maxima-studios.com\\\/produit\\\/dji-lidar\\\/#primaryimage\"},\"image\":{\"@id\":\"https:\\\/\\\/maxima-studios.com\\\/produit\\\/dji-lidar\\\/#primaryimage\"},\"thumbnailUrl\":\"https:\\\/\\\/maxima-studios.com\\\/wp-content\\\/uploads\\\/2024\\\/08\\\/b49820_dc6e51f022224cbfb7fca3859c94b37emv2.webp\",\"datePublished\":\"2024-08-14T08:07:23+00:00\",\"dateModified\":\"2026-04-13T18:22:13+00:00\",\"breadcrumb\":{\"@id\":\"https:\\\/\\\/maxima-studios.com\\\/produit\\\/dji-lidar\\\/#breadcrumb\"},\"inLanguage\":\"en-US\",\"potentialAction\":[{\"@type\":\"ReadAction\",\"target\":[\"https:\\\/\\\/maxima-studios.com\\\/produit\\\/dji-lidar\\\/\"]}]},{\"@type\":\"ImageObject\",\"inLanguage\":\"en-US\",\"@id\":\"https:\\\/\\\/maxima-studios.com\\\/produit\\\/dji-lidar\\\/#primaryimage\",\"url\":\"https:\\\/\\\/maxima-studios.com\\\/wp-content\\\/uploads\\\/2024\\\/08\\\/b49820_dc6e51f022224cbfb7fca3859c94b37emv2.webp\",\"contentUrl\":\"https:\\\/\\\/maxima-studios.com\\\/wp-content\\\/uploads\\\/2024\\\/08\\\/b49820_dc6e51f022224cbfb7fca3859c94b37emv2.webp\",\"width\":580,\"height\":420,\"caption\":\"Syst\u00e8me focus pour optiques manuelles\u00a0DJI LIDAR en location\"},{\"@type\":\"BreadcrumbList\",\"@id\":\"https:\\\/\\\/maxima-studios.com\\\/produit\\\/dji-lidar\\\/#breadcrumb\",\"itemListElement\":[{\"@type\":\"ListItem\",\"position\":1,\"name\":\"Accueil\",\"item\":\"https:\\\/\\\/maxima-studios.com\\\/\"},{\"@type\":\"ListItem\",\"position\":2,\"name\":\"BOUTIQUE\",\"item\":\"https:\\\/\\\/maxima-studios.com\\\/boutique\\\/\"},{\"@type\":\"ListItem\",\"position\":3,\"name\":\"DJI LIDAR\"}]},{\"@type\":\"WebSite\",\"@id\":\"https:\\\/\\\/maxima-studios.com\\\/#website\",\"url\":\"https:\\\/\\\/maxima-studios.com\\\/\",\"name\":\"Maximaloc\",\"description\":\"\",\"publisher\":{\"@id\":\"https:\\\/\\\/maxima-studios.com\\\/#organization\"},\"potentialAction\":[{\"@type\":\"SearchAction\",\"target\":{\"@type\":\"EntryPoint\",\"urlTemplate\":\"https:\\\/\\\/maxima-studios.com\\\/?s={search_term_string}\"},\"query-input\":{\"@type\":\"PropertyValueSpecification\",\"valueRequired\":true,\"valueName\":\"search_term_string\"}}],\"inLanguage\":\"en-US\"},{\"@type\":\"Organization\",\"@id\":\"https:\\\/\\\/maxima-studios.com\\\/#organization\",\"name\":\"Maximaloc\",\"url\":\"https:\\\/\\\/maxima-studios.com\\\/\",\"logo\":{\"@type\":\"ImageObject\",\"inLanguage\":\"en-US\",\"@id\":\"https:\\\/\\\/maxima-studios.com\\\/#\\\/schema\\\/logo\\\/image\\\/\",\"url\":\"https:\\\/\\\/maxima-studios.com\\\/wp-content\\\/uploads\\\/2024\\\/03\\\/logo_noir-scaled.png\",\"contentUrl\":\"https:\\\/\\\/maxima-studios.com\\\/wp-content\\\/uploads\\\/2024\\\/03\\\/logo_noir-scaled.png\",\"width\":2560,\"height\":268,\"caption\":\"Maximaloc\"},\"image\":{\"@id\":\"https:\\\/\\\/maxima-studios.com\\\/#\\\/schema\\\/logo\\\/image\\\/\"},\"sameAs\":[\"https:\\\/\\\/www.facebook.com\\\/Maximalocation\"]}]}<\/script>\n<!-- \/ Yoast SEO plugin. -->","yoast_head_json":{"title":"DJI LIDAR - Maximaloc","robots":{"index":"index","follow":"follow","max-snippet":"max-snippet:-1","max-image-preview":"max-image-preview:large","max-video-preview":"max-video-preview:-1"},"canonical":"https:\/\/maxima-studios.com\/en\/product\/dji-lidar\/","og_locale":"en_US","og_type":"article","og_title":"DJI LIDAR - Maximaloc","og_description":"Syst\u00e8me focus laser Pour optiques Manuelles\u00a0 Compatible : DJI Ronin\u00a0RS3 Pro","og_url":"https:\/\/maxima-studios.com\/en\/product\/dji-lidar\/","og_site_name":"Maximaloc","article_publisher":"https:\/\/www.facebook.com\/Maximalocation","article_modified_time":"2026-04-13T18:22:13+00:00","og_image":[{"width":580,"height":420,"url":"https:\/\/maxima-studios.com\/wp-content\/uploads\/2024\/08\/b49820_dc6e51f022224cbfb7fca3859c94b37emv2.webp","type":"image\/webp"}],"twitter_card":"summary_large_image","twitter_misc":{"Est. reading time":"1 minute"},"schema":{"@context":"https:\/\/schema.org","@graph":[{"@type":"WebPage","@id":"https:\/\/maxima-studios.com\/produit\/dji-lidar\/","url":"https:\/\/maxima-studios.com\/produit\/dji-lidar\/","name":"DJI LIDAR - Maximaloc","isPartOf":{"@id":"https:\/\/maxima-studios.com\/#website"},"primaryImageOfPage":{"@id":"https:\/\/maxima-studios.com\/produit\/dji-lidar\/#primaryimage"},"image":{"@id":"https:\/\/maxima-studios.com\/produit\/dji-lidar\/#primaryimage"},"thumbnailUrl":"https:\/\/maxima-studios.com\/wp-content\/uploads\/2024\/08\/b49820_dc6e51f022224cbfb7fca3859c94b37emv2.webp","datePublished":"2024-08-14T08:07:23+00:00","dateModified":"2026-04-13T18:22:13+00:00","breadcrumb":{"@id":"https:\/\/maxima-studios.com\/produit\/dji-lidar\/#breadcrumb"},"inLanguage":"en-US","potentialAction":[{"@type":"ReadAction","target":["https:\/\/maxima-studios.com\/produit\/dji-lidar\/"]}]},{"@type":"ImageObject","inLanguage":"en-US","@id":"https:\/\/maxima-studios.com\/produit\/dji-lidar\/#primaryimage","url":"https:\/\/maxima-studios.com\/wp-content\/uploads\/2024\/08\/b49820_dc6e51f022224cbfb7fca3859c94b37emv2.webp","contentUrl":"https:\/\/maxima-studios.com\/wp-content\/uploads\/2024\/08\/b49820_dc6e51f022224cbfb7fca3859c94b37emv2.webp","width":580,"height":420,"caption":"Syst\u00e8me focus pour optiques manuelles\u00a0DJI LIDAR en location"},{"@type":"BreadcrumbList","@id":"https:\/\/maxima-studios.com\/produit\/dji-lidar\/#breadcrumb","itemListElement":[{"@type":"ListItem","position":1,"name":"Accueil","item":"https:\/\/maxima-studios.com\/"},{"@type":"ListItem","position":2,"name":"BOUTIQUE","item":"https:\/\/maxima-studios.com\/boutique\/"},{"@type":"ListItem","position":3,"name":"DJI LIDAR"}]},{"@type":"WebSite","@id":"https:\/\/maxima-studios.com\/#website","url":"https:\/\/maxima-studios.com\/","name":"Maximaloc","description":"","publisher":{"@id":"https:\/\/maxima-studios.com\/#organization"},"potentialAction":[{"@type":"SearchAction","target":{"@type":"EntryPoint","urlTemplate":"https:\/\/maxima-studios.com\/?s={search_term_string}"},"query-input":{"@type":"PropertyValueSpecification","valueRequired":true,"valueName":"search_term_string"}}],"inLanguage":"en-US"},{"@type":"Organization","@id":"https:\/\/maxima-studios.com\/#organization","name":"Maximaloc","url":"https:\/\/maxima-studios.com\/","logo":{"@type":"ImageObject","inLanguage":"en-US","@id":"https:\/\/maxima-studios.com\/#\/schema\/logo\/image\/","url":"https:\/\/maxima-studios.com\/wp-content\/uploads\/2024\/03\/logo_noir-scaled.png","contentUrl":"https:\/\/maxima-studios.com\/wp-content\/uploads\/2024\/03\/logo_noir-scaled.png","width":2560,"height":268,"caption":"Maximaloc"},"image":{"@id":"https:\/\/maxima-studios.com\/#\/schema\/logo\/image\/"},"sameAs":["https:\/\/www.facebook.com\/Maximalocation"]}]}},"_links":{"self":[{"href":"https:\/\/maxima-studios.com\/en\/wp-json\/wp\/v2\/product\/15391","targetHints":{"allow":["GET"]}}],"collection":[{"href":"https:\/\/maxima-studios.com\/en\/wp-json\/wp\/v2\/product"}],"about":[{"href":"https:\/\/maxima-studios.com\/en\/wp-json\/wp\/v2\/types\/product"}],"wp:featuredmedia":[{"embeddable":true,"href":"https:\/\/maxima-studios.com\/en\/wp-json\/wp\/v2\/media\/15396"}],"wp:attachment":[{"href":"https:\/\/maxima-studios.com\/en\/wp-json\/wp\/v2\/media?parent=15391"}],"wp:term":[{"taxonomy":"product_cat","embeddable":true,"href":"https:\/\/maxima-studios.com\/en\/wp-json\/wp\/v2\/product_cat?post=15391"},{"taxonomy":"product_tag","embeddable":true,"href":"https:\/\/maxima-studios.com\/en\/wp-json\/wp\/v2\/product_tag?post=15391"}],"curies":[{"name":"wp","href":"https:\/\/api.w.org\/{rel}","templated":true}]}}