 {"id":15390,"date":"2024-08-14T10:07:23","date_gmt":"2024-08-14T08:07:23","guid":{"rendered":"https:\/\/maxima-studios.com\/produit\/sony-a7rv-objectif\/"},"modified":"2026-04-13T20:44:47","modified_gmt":"2026-04-13T18:44:47","slug":"sony-a7rv-objectif","status":"publish","type":"product","link":"https:\/\/maxima-studios.com\/en\/product\/sony-a7rv-objectif\/","title":{"rendered":"SONY FX6 + LENS"},"content":{"rendered":"<p>SONY\u00a0A7R V\u00a0est le dernier hybride plein format de chez Sony de la s\u00e9rie R (R\u00e9solution).\u00a0Avec un Capteur CMOS\u00a0de 61MP optimis\u00e9 pour la photo, le Sony A7RV s&#8217;impose comme un des boitiers les plus performants en photo du march\u00e9 :<\/p>\n<p>\u00a0<\/p>\n<p>Les 61 Millions de Pixels permettent de prendre des photos avec une r\u00e9solution sup&#8221;\u00e9rieur \u00e0 90% des appareil du march\u00e9 obtenant ainsi des images avec une quantit\u00e9 de d\u00e9tails impressionnante.<\/p>\n<p>\u00a0<\/p>\n<p>Avec une nouvelle IA en Autofocus le bo\u00eetier est capable d\u2019identifier en photo et vid\u00e9o,\u00a0la posture et le mouvement des sujets pour offrir un AF pr\u00e9cis m\u00eame dans les situations les plus d\u00e9licates, comme lorsque le sujet est dos \u00e0 l&#8217;appareil, porte un masque ou se situe dans une zone faiblement \u00e9clair\u00e9e. Ce nouveau syst\u00e8me reconna\u00eet \u00e9galement les animaux, les voitures, les trains et les avions = l\u2019AF de Sony n\u2019a jamais \u00e9t\u00e9 aussi efficace.<\/p>\n<p>\u00a0<\/p>\n<p>C\u00f4t\u00e9 vid\u00e9o, le Sony A7RV propose pour la premi\u00e8re fois des caract\u00e9ristiques Pro dans un boitier R principalement d\u00e9di\u00e9 photo.<\/p>\n<p>\u00a0<\/p>\n<p><strong>Points Forts:<\/strong><\/p>\n<ul>\n<li>CMOS plein format de 61 MP\u00a0<\/li>\n<li>Stabilisation 5 axes<\/li>\n<li>Autofocus avec tracking humains, animaux, objets<\/li>\n<li>Vid\u00e9o Interne 8K 4:2:0 8 bits 25p<\/li>\n<li>Vid\u00e9o Interne\u00a04K 4:2:2 10 bits\u00a060p<\/li>\n<li>Vid\u00e9o Externe 4K Raw 16 bits (via sortie HDMI)<\/li>\n<li>Slow Motion HD\u00a0jusqu\u2019\u00e0 120p<\/li>\n<li>Ecran LCD articul\u00e9<\/li>\n<\/ul>","protected":false},"excerpt":{"rendered":"<p>Capteur :\u00a061 MP (Full Frame)<\/p>\n<p>Photo : Jpeg\/Raw 14 bit<\/p>\n<p>Vid\u00e9o : 8K 4:2:0 10 bit\u00a025p<\/p>\n<p>4K 4:2:2 10 bit\u00a060p<\/p>\n<p>Sortie : 4K Raw 16 bit<\/p>","protected":false},"featured_media":16728,"template":"","meta":[],"product_cat":[1349],"product_tag":[161,221,197,194,199,160,162,164,198,200,167,195,196,1398,1397,201],"class_list":{"0":"post-15390","1":"product","2":"type-product","3":"status-publish","4":"has-post-thumbnail","6":"product_cat-sony-marque-kit-pret-a-tourner","7":"product_tag-422-10-bits","8":"product_tag-8k","9":"product_tag-full-frame-24x36","10":"product_tag-420-10-bits","11":"product_tag-hybride-dslr","12":"product_tag-420-8-bits","13":"product_tag-4k","14":"product_tag-4k-60p","15":"product_tag-full-hd","16":"product_tag-raw-externe","17":"product_tag-fhd-120p","18":"product_tag-avec-autofocus","19":"product_tag-capteur-stabilise","20":"product_tag-photo","21":"product_tag-photo-video","22":"product_tag-sony-e","24":"first","25":"instock","26":"featured","27":"taxable","28":"shipping-taxable","29":"purchasable","30":"product-type-rentable"},"_links":{"self":[{"href":"https:\/\/maxima-studios.com\/en\/wp-json\/wp\/v2\/product\/15390","targetHints":{"allow":["GET"]}}],"collection":[{"href":"https:\/\/maxima-studios.com\/en\/wp-json\/wp\/v2\/product"}],"about":[{"href":"https:\/\/maxima-studios.com\/en\/wp-json\/wp\/v2\/types\/product"}],"wp:featuredmedia":[{"embeddable":true,"href":"https:\/\/maxima-studios.com\/en\/wp-json\/wp\/v2\/media\/16728"}],"wp:attachment":[{"href":"https:\/\/maxima-studios.com\/en\/wp-json\/wp\/v2\/media?parent=15390"}],"wp:term":[{"taxonomy":"product_cat","embeddable":true,"href":"https:\/\/maxima-studios.com\/en\/wp-json\/wp\/v2\/product_cat?post=15390"},{"taxonomy":"product_tag","embeddable":true,"href":"https:\/\/maxima-studios.com\/en\/wp-json\/wp\/v2\/product_tag?post=15390"}],"curies":[{"name":"wp","href":"https:\/\/api.w.org\/{rel}","templated":true}]}}