 {"id":14934,"date":"2024-08-06T13:47:32","date_gmt":"2024-08-06T11:47:32","guid":{"rendered":"https:\/\/maxima-studios.com\/produit\/kit-captation-sony-fx9-5x-cam\/"},"modified":"2026-04-13T20:21:30","modified_gmt":"2026-04-13T18:21:30","slug":"kit-captation-sony-fx9-5x-cam","status":"publish","type":"product","link":"https:\/\/maxima-studios.com\/en\/product\/kit-captation-sony-fx9-5x-cam\/","title":{"rendered":"KIT CAPTATION SONY FX9 5x CAM"},"content":{"rendered":"<p>KIT CAPTATION 4K\u00a0 Full Frame avec Sony\u00a0Fx9, Fx6\u00a0et\/ou Fx3 en fonction du nombre de cam\u00e9ra. Chaque cam\u00e9ra vient avec un objectif zoom, plusieurs batteries, une carte SD, un tr\u00e9pied et un micro.<\/p>\n<p>\u00a0<\/p>\n<p>Capteur Full Frame avec Autofocus g\u00e9rant le Tracking de L&#8217;oeil et d\u00e9livrant une qualit\u00e9 d&#8217;images 4K Broadcast. Id\u00e9al\u00a0pour le tournage de Live, d&#8217;\u00e9missions TV, de Captations de\u00a0Conf\u00e9rences, Concert et Spectacles.<\/p>","protected":false},"excerpt":{"rendered":"<p>Kit Captation 4K Full Frame complet incluant\u00a0jusqu&#8217;\u00e0 7 cam\u00e9ras<\/p>","protected":false},"featured_media":18836,"template":"","meta":[],"product_cat":[1386],"product_tag":[],"class_list":{"0":"post-14934","1":"product","2":"type-product","3":"status-publish","4":"has-post-thumbnail","6":"product_cat-options","8":"first","9":"instock","10":"taxable","11":"shipping-taxable","12":"purchasable","13":"product-type-rentable"},"_links":{"self":[{"href":"https:\/\/maxima-studios.com\/en\/wp-json\/wp\/v2\/product\/14934","targetHints":{"allow":["GET"]}}],"collection":[{"href":"https:\/\/maxima-studios.com\/en\/wp-json\/wp\/v2\/product"}],"about":[{"href":"https:\/\/maxima-studios.com\/en\/wp-json\/wp\/v2\/types\/product"}],"wp:featuredmedia":[{"embeddable":true,"href":"https:\/\/maxima-studios.com\/en\/wp-json\/wp\/v2\/media\/18836"}],"wp:attachment":[{"href":"https:\/\/maxima-studios.com\/en\/wp-json\/wp\/v2\/media?parent=14934"}],"wp:term":[{"taxonomy":"product_cat","embeddable":true,"href":"https:\/\/maxima-studios.com\/en\/wp-json\/wp\/v2\/product_cat?post=14934"},{"taxonomy":"product_tag","embeddable":true,"href":"https:\/\/maxima-studios.com\/en\/wp-json\/wp\/v2\/product_tag?post=14934"}],"curies":[{"name":"wp","href":"https:\/\/api.w.org\/{rel}","templated":true}]}}