 {"id":14898,"date":"2024-08-06T11:12:26","date_gmt":"2024-08-06T09:12:26","guid":{"rendered":"https:\/\/maxima-studios.com\/produit\/sony-fs5-18-105\/"},"modified":"2026-04-13T20:39:12","modified_gmt":"2026-04-13T18:39:12","slug":"sony-fs5-18-105","status":"publish","type":"product","link":"https:\/\/maxima-studios.com\/en\/product\/sony-fs5-18-105\/","title":{"rendered":"SONY FS5 + 18-105"},"content":{"rendered":"<p>La Sony PXW-FS5 est une cam\u00e9ra professionnelle de poing con\u00e7ue pour les tournages vid\u00e9o en haute d\u00e9finition. Elle est \u00e9quip\u00e9e d&#8217;un capteur CMOS Super 35 mm de 8,8 m\u00e9gapixels qui permet de capturer des images en 4K (4096 x 2160) jusqu&#8217;\u00e0 60 ips et HD 422 10\u00a0bits 60p en continu\u00a0et jusqu\u2019\u00e0 240p via la m\u00e9moire cache ( 8 sec).<\/p>\n<p>La cam\u00e9ra est compacte et l\u00e9g\u00e8re, ce qui la rend facile \u00e0 transporter et \u00e0 utiliser sur le terrain. Dot\u00e9e d\u2019un contr\u00f4le de zoom motoris\u00e9e et de 2 entr\u00e9es XLR c\u2019est l\u2019outil id\u00e9ale pour le tournage documentaire, les films institutionnels et les captations de spectacles, concerts ou conf\u00e9rences. Gr\u00e2ce \u00e0 une sortie HDMI ou SDI 4K RAW 12 bits avec l\u2019utilisation d\u2019un enregistreur Externe (type Atomos Ninja V) la Sony FS5 se transforme en une cam\u00e9ra cin\u00e9ma avec une plage dynamique de 14 diaph et une richesse de couleurs adapt\u00e9e au travail de post production.<\/p>\n<p>\u00a0<\/p>\n<p>Points Forts:<\/p>\n<ul>\n<li>Capteur 8.8 MP (Super35)<\/li>\n<li>Vid\u00e9o 4K 60p 420 8 bits<\/li>\n<li>Slow Motion 2K 240p<\/li>\n<li>Sortie 4K Raw 12 bits 60p et 2K 120p<\/li>\n<li>2x Entr\u00e9e XLR<\/li>\n<li>Sortie HDMI et SDI<\/li>\n<li>Contr\u00f4le du zoom Motoris\u00e9<\/li>\n<li>Filtres Vari ND int\u00e9gr\u00e9<br \/>\u00a0<br \/>\u00a0<br \/>\u00a0<\/li>\n<\/ul>","protected":false},"excerpt":{"rendered":"<p>Capteur : 8,8 MP (Super35)<\/p>\n<p>Vid\u00e9o : 4K\u00a030p et HD 60p<\/p>\n<p>Vid\u00e9o Externe :\u00a04K Raw 12\u00a0bit<\/p>\n<p>Slow motion HD jusqu\u2019\u00e0 240p\u00a0<\/p>","protected":false},"featured_media":14901,"template":"","meta":[],"product_cat":[1349],"product_tag":[161,202,216,160,162,198,200,169,168,167,195,1396,201],"class_list":{"0":"post-14898","1":"product","2":"type-product","3":"status-publish","4":"has-post-thumbnail","6":"product_cat-sony-marque-kit-pret-a-tourner","7":"product_tag-422-10-bits","8":"product_tag-cameras","9":"product_tag-super-35-aps-c","10":"product_tag-420-8-bits","11":"product_tag-4k","12":"product_tag-full-hd","13":"product_tag-raw-externe","14":"product_tag-fhd-240p","15":"product_tag-fhd-180p","16":"product_tag-fhd-120p","17":"product_tag-avec-autofocus","18":"product_tag-captation-evenementiel","19":"product_tag-sony-e","21":"first","22":"instock","23":"taxable","24":"shipping-taxable","25":"purchasable","26":"product-type-rentable"},"_links":{"self":[{"href":"https:\/\/maxima-studios.com\/en\/wp-json\/wp\/v2\/product\/14898","targetHints":{"allow":["GET"]}}],"collection":[{"href":"https:\/\/maxima-studios.com\/en\/wp-json\/wp\/v2\/product"}],"about":[{"href":"https:\/\/maxima-studios.com\/en\/wp-json\/wp\/v2\/types\/product"}],"wp:featuredmedia":[{"embeddable":true,"href":"https:\/\/maxima-studios.com\/en\/wp-json\/wp\/v2\/media\/14901"}],"wp:attachment":[{"href":"https:\/\/maxima-studios.com\/en\/wp-json\/wp\/v2\/media?parent=14898"}],"wp:term":[{"taxonomy":"product_cat","embeddable":true,"href":"https:\/\/maxima-studios.com\/en\/wp-json\/wp\/v2\/product_cat?post=14898"},{"taxonomy":"product_tag","embeddable":true,"href":"https:\/\/maxima-studios.com\/en\/wp-json\/wp\/v2\/product_tag?post=14898"}],"curies":[{"name":"wp","href":"https:\/\/api.w.org\/{rel}","templated":true}]}}