 {"id":14897,"date":"2024-08-06T11:12:26","date_gmt":"2024-08-06T09:12:26","guid":{"rendered":"https:\/\/maxima-studios.com\/produit\/kit-red-ronin-2-samyang\/"},"modified":"2026-04-13T20:22:09","modified_gmt":"2026-04-13T18:22:09","slug":"kit-red-ronin-2-samyang","status":"publish","type":"product","link":"https:\/\/maxima-studios.com\/en\/product\/kit-red-ronin-2-samyang\/","title":{"rendered":"KIT RED RONIN 2 &#8211; SAMYANG"},"content":{"rendered":"<p>Kit RED GEMINI 5K id\u00e9al\u00a0pour vos publicit\u00e9s, clips et fictions. La qualit\u00e9 cin\u00e9ma \u00e0 prix abordable avec une Serie cin\u00e9 complete T2.1<\/p>\n<p>\u2022\u00a0 5K 120p<br \/>\u2022\u00a0 4K 150p<br \/>\u2022\u00a0 3K 200p<br \/>\u2022\u00a0 2K 240p<br \/>\u2022\u00a0 2K 300p<br \/>\u00a0<br \/>\u00a0<br \/>\u00a0<br \/>\u00a0<\/p>","protected":false},"excerpt":{"rendered":"<p>Camera RED GEMINI 5K<\/p>\n<p>DJI RONIN 2<\/p>\n<p>Serie Cin\u00e9 au choix<\/p>\n<p>Vid\u00e9o Raw 5K 12 bits 120p<\/p>","protected":false},"featured_media":14900,"template":"","meta":[],"product_cat":[1386],"product_tag":[161,202,219,216,211,165,162,163,215,164,198,169,168,167,214],"class_list":{"0":"post-14897","1":"product","2":"type-product","3":"status-publish","4":"has-post-thumbnail","6":"product_cat-options","7":"product_tag-422-10-bits","8":"product_tag-cameras","9":"product_tag-5k-120p","10":"product_tag-super-35-aps-c","11":"product_tag-5k","12":"product_tag-5k-60p","13":"product_tag-4k","14":"product_tag-4k-120p","15":"product_tag-raw-interne","16":"product_tag-4k-60p","17":"product_tag-full-hd","18":"product_tag-fhd-240p","19":"product_tag-fhd-180p","20":"product_tag-fhd-120p","21":"product_tag-canon-ef","23":"first","24":"instock","25":"taxable","26":"shipping-taxable","27":"purchasable","28":"product-type-rentable"},"_links":{"self":[{"href":"https:\/\/maxima-studios.com\/en\/wp-json\/wp\/v2\/product\/14897","targetHints":{"allow":["GET"]}}],"collection":[{"href":"https:\/\/maxima-studios.com\/en\/wp-json\/wp\/v2\/product"}],"about":[{"href":"https:\/\/maxima-studios.com\/en\/wp-json\/wp\/v2\/types\/product"}],"wp:featuredmedia":[{"embeddable":true,"href":"https:\/\/maxima-studios.com\/en\/wp-json\/wp\/v2\/media\/14900"}],"wp:attachment":[{"href":"https:\/\/maxima-studios.com\/en\/wp-json\/wp\/v2\/media?parent=14897"}],"wp:term":[{"taxonomy":"product_cat","embeddable":true,"href":"https:\/\/maxima-studios.com\/en\/wp-json\/wp\/v2\/product_cat?post=14897"},{"taxonomy":"product_tag","embeddable":true,"href":"https:\/\/maxima-studios.com\/en\/wp-json\/wp\/v2\/product_tag?post=14897"}],"curies":[{"name":"wp","href":"https:\/\/api.w.org\/{rel}","templated":true}]}}