 {"id":14877,"date":"2024-08-06T10:42:28","date_gmt":"2024-08-06T08:42:28","guid":{"rendered":"https:\/\/maxima-studios.com\/produit\/kit-captation-sony-fs5-4x-cam\/"},"modified":"2026-04-13T20:21:31","modified_gmt":"2026-04-13T18:21:31","slug":"kit-captation-sony-fs5-4x-cam","status":"publish","type":"product","link":"https:\/\/maxima-studios.com\/en\/product\/kit-captation-sony-fs5-4x-cam\/","title":{"rendered":"KIT CAPTATION SONY FS5 4x CAM"},"content":{"rendered":"<p>KIT CAPTATION 4K\u00a0 avec Sony\u00a0Fs5, Z150 et Fs7 en fonction du nombre de cam\u00e9ra. Chaque cam\u00e9ra vient avec un objectif zoom, plusieurs batteries, une carte SD, un tr\u00e9pied et un micro.<\/p>\n<p>\u00a0<\/p>\n<p>Id\u00e9al\u00a0pour le tournage de Live, d&#8217;\u00e9missions TV, de Captations de\u00a0Conf\u00e9rences, Concert et Spectacles.<\/p>","protected":false},"excerpt":{"rendered":"<p>Kit Captation 4K\u00a0complet.<\/p>","protected":false},"featured_media":22881,"template":"","meta":[],"product_cat":[1386],"product_tag":[161,202,216,160,162,198,200,169,168,167,195,201],"class_list":{"0":"post-14877","1":"product","2":"type-product","3":"status-publish","4":"has-post-thumbnail","6":"product_cat-options","7":"product_tag-422-10-bits","8":"product_tag-cameras","9":"product_tag-super-35-aps-c","10":"product_tag-420-8-bits","11":"product_tag-4k","12":"product_tag-full-hd","13":"product_tag-raw-externe","14":"product_tag-fhd-240p","15":"product_tag-fhd-180p","16":"product_tag-fhd-120p","17":"product_tag-avec-autofocus","18":"product_tag-sony-e","20":"first","21":"instock","22":"taxable","23":"shipping-taxable","24":"purchasable","25":"product-type-rentable"},"_links":{"self":[{"href":"https:\/\/maxima-studios.com\/en\/wp-json\/wp\/v2\/product\/14877","targetHints":{"allow":["GET"]}}],"collection":[{"href":"https:\/\/maxima-studios.com\/en\/wp-json\/wp\/v2\/product"}],"about":[{"href":"https:\/\/maxima-studios.com\/en\/wp-json\/wp\/v2\/types\/product"}],"wp:featuredmedia":[{"embeddable":true,"href":"https:\/\/maxima-studios.com\/en\/wp-json\/wp\/v2\/media\/22881"}],"wp:attachment":[{"href":"https:\/\/maxima-studios.com\/en\/wp-json\/wp\/v2\/media?parent=14877"}],"wp:term":[{"taxonomy":"product_cat","embeddable":true,"href":"https:\/\/maxima-studios.com\/en\/wp-json\/wp\/v2\/product_cat?post=14877"},{"taxonomy":"product_tag","embeddable":true,"href":"https:\/\/maxima-studios.com\/en\/wp-json\/wp\/v2\/product_tag?post=14877"}],"curies":[{"name":"wp","href":"https:\/\/api.w.org\/{rel}","templated":true}]}}