 {"id":14867,"date":"2024-08-06T10:42:26","date_gmt":"2024-08-06T08:42:26","guid":{"rendered":"https:\/\/maxima-studios.com\/produit\/kit-red-gemini-5k-dzo\/"},"modified":"2026-04-13T20:21:26","modified_gmt":"2026-04-13T18:21:26","slug":"kit-red-gemini-5k-dzo","status":"publish","type":"product","link":"https:\/\/maxima-studios.com\/en\/product\/kit-red-gemini-5k-dzo\/","title":{"rendered":"KIT RED GEMINI 5K &#8211; DZO"},"content":{"rendered":"<p>Kit RED GEMINI 5K id\u00e9al\u00a0pour vos publicit\u00e9s, clips et fictions. La qualit\u00e9 cin\u00e9ma \u00e0 prix abordable avec une Serie cin\u00e9 complete T2.1<\/p>\n<p>\u2022\u00a0 5K 120p<br \/>\u2022\u00a0 4K 150p<br \/>\u2022\u00a0 3K 200p<br \/>\u2022\u00a0 2K 240p<br \/>\u2022\u00a0 2K 300p<\/p>","protected":false},"excerpt":{"rendered":"<p>Camera RED GEMINI 5K<\/p>\n<p>Serie Cin\u00e9 au choix<\/p>\n<p>Vid\u00e9o Raw 5K 12 bits 120p\u00a0<\/p>","protected":false},"featured_media":14881,"template":"","meta":[],"product_cat":[1386],"product_tag":[161,202,219,216,211,165,162,163,215,164,198,169,168,167,214],"class_list":{"0":"post-14867","1":"product","2":"type-product","3":"status-publish","4":"has-post-thumbnail","6":"product_cat-options","7":"product_tag-422-10-bits","8":"product_tag-cameras","9":"product_tag-5k-120p","10":"product_tag-super-35-aps-c","11":"product_tag-5k","12":"product_tag-5k-60p","13":"product_tag-4k","14":"product_tag-4k-120p","15":"product_tag-raw-interne","16":"product_tag-4k-60p","17":"product_tag-full-hd","18":"product_tag-fhd-240p","19":"product_tag-fhd-180p","20":"product_tag-fhd-120p","21":"product_tag-canon-ef","23":"first","24":"instock","25":"taxable","26":"shipping-taxable","27":"purchasable","28":"product-type-rentable"},"yoast_head":"<!-- This site is optimized with the Yoast SEO plugin v27.3 - https:\/\/yoast.com\/product\/yoast-seo-wordpress\/ -->\n<title>KIT RED GEMINI 5K - DZO - Maximaloc<\/title>\n<meta name=\"robots\" content=\"index, follow, max-snippet:-1, max-image-preview:large, max-video-preview:-1\" \/>\n<link rel=\"canonical\" href=\"https:\/\/maxima-studios.com\/en\/product\/kit-red-gemini-5k-dzo\/\" \/>\n<meta property=\"og:locale\" content=\"en_US\" \/>\n<meta property=\"og:type\" content=\"article\" \/>\n<meta property=\"og:title\" content=\"KIT RED GEMINI 5K - DZO - Maximaloc\" \/>\n<meta property=\"og:description\" content=\"Camera RED GEMINI 5K Serie Cin\u00e9 au choix Vid\u00e9o Raw 5K 12 bits 120p\u00a0\" \/>\n<meta property=\"og:url\" content=\"https:\/\/maxima-studios.com\/en\/product\/kit-red-gemini-5k-dzo\/\" \/>\n<meta property=\"og:site_name\" content=\"Maximaloc\" \/>\n<meta property=\"article:publisher\" content=\"https:\/\/www.facebook.com\/Maximalocation\" \/>\n<meta property=\"article:modified_time\" content=\"2026-04-13T18:21:26+00:00\" \/>\n<meta property=\"og:image\" content=\"https:\/\/maxima-studios.com\/wp-content\/uploads\/2024\/08\/KIT-RED-GEMINI.webp\" \/>\n\t<meta property=\"og:image:width\" content=\"332\" \/>\n\t<meta property=\"og:image:height\" content=\"239\" \/>\n\t<meta property=\"og:image:type\" content=\"image\/webp\" \/>\n<meta name=\"twitter:card\" content=\"summary_large_image\" \/>\n<script type=\"application\/ld+json\" class=\"yoast-schema-graph\">{\"@context\":\"https:\\\/\\\/schema.org\",\"@graph\":[{\"@type\":\"WebPage\",\"@id\":\"https:\\\/\\\/maxima-studios.com\\\/produit\\\/kit-red-gemini-5k-dzo\\\/\",\"url\":\"https:\\\/\\\/maxima-studios.com\\\/produit\\\/kit-red-gemini-5k-dzo\\\/\",\"name\":\"KIT RED GEMINI 5K - DZO - Maximaloc\",\"isPartOf\":{\"@id\":\"https:\\\/\\\/maxima-studios.com\\\/#website\"},\"primaryImageOfPage\":{\"@id\":\"https:\\\/\\\/maxima-studios.com\\\/produit\\\/kit-red-gemini-5k-dzo\\\/#primaryimage\"},\"image\":{\"@id\":\"https:\\\/\\\/maxima-studios.com\\\/produit\\\/kit-red-gemini-5k-dzo\\\/#primaryimage\"},\"thumbnailUrl\":\"https:\\\/\\\/maxima-studios.com\\\/wp-content\\\/uploads\\\/2024\\\/08\\\/KIT-RED-GEMINI.webp\",\"datePublished\":\"2024-08-06T08:42:26+00:00\",\"dateModified\":\"2026-04-13T18:21:26+00:00\",\"breadcrumb\":{\"@id\":\"https:\\\/\\\/maxima-studios.com\\\/produit\\\/kit-red-gemini-5k-dzo\\\/#breadcrumb\"},\"inLanguage\":\"en-US\",\"potentialAction\":[{\"@type\":\"ReadAction\",\"target\":[\"https:\\\/\\\/maxima-studios.com\\\/produit\\\/kit-red-gemini-5k-dzo\\\/\"]}]},{\"@type\":\"ImageObject\",\"inLanguage\":\"en-US\",\"@id\":\"https:\\\/\\\/maxima-studios.com\\\/produit\\\/kit-red-gemini-5k-dzo\\\/#primaryimage\",\"url\":\"https:\\\/\\\/maxima-studios.com\\\/wp-content\\\/uploads\\\/2024\\\/08\\\/KIT-RED-GEMINI.webp\",\"contentUrl\":\"https:\\\/\\\/maxima-studios.com\\\/wp-content\\\/uploads\\\/2024\\\/08\\\/KIT-RED-GEMINI.webp\",\"width\":332,\"height\":239,\"caption\":\"Kit cin\u00e9ma Red Gemini DSMC2, Super35 5K Raw, s\u00e9rie Cin\u00e9 DZO Films Vespid T2.1 et tr\u00e9pied vid\u00e9o Manfrotto 504X en location\"},{\"@type\":\"BreadcrumbList\",\"@id\":\"https:\\\/\\\/maxima-studios.com\\\/produit\\\/kit-red-gemini-5k-dzo\\\/#breadcrumb\",\"itemListElement\":[{\"@type\":\"ListItem\",\"position\":1,\"name\":\"Accueil\",\"item\":\"https:\\\/\\\/maxima-studios.com\\\/\"},{\"@type\":\"ListItem\",\"position\":2,\"name\":\"BOUTIQUE\",\"item\":\"https:\\\/\\\/maxima-studios.com\\\/boutique\\\/\"},{\"@type\":\"ListItem\",\"position\":3,\"name\":\"KIT RED GEMINI 5K &#8211; DZO\"}]},{\"@type\":\"WebSite\",\"@id\":\"https:\\\/\\\/maxima-studios.com\\\/#website\",\"url\":\"https:\\\/\\\/maxima-studios.com\\\/\",\"name\":\"Maximaloc\",\"description\":\"\",\"publisher\":{\"@id\":\"https:\\\/\\\/maxima-studios.com\\\/#organization\"},\"potentialAction\":[{\"@type\":\"SearchAction\",\"target\":{\"@type\":\"EntryPoint\",\"urlTemplate\":\"https:\\\/\\\/maxima-studios.com\\\/?s={search_term_string}\"},\"query-input\":{\"@type\":\"PropertyValueSpecification\",\"valueRequired\":true,\"valueName\":\"search_term_string\"}}],\"inLanguage\":\"en-US\"},{\"@type\":\"Organization\",\"@id\":\"https:\\\/\\\/maxima-studios.com\\\/#organization\",\"name\":\"Maximaloc\",\"url\":\"https:\\\/\\\/maxima-studios.com\\\/\",\"logo\":{\"@type\":\"ImageObject\",\"inLanguage\":\"en-US\",\"@id\":\"https:\\\/\\\/maxima-studios.com\\\/#\\\/schema\\\/logo\\\/image\\\/\",\"url\":\"https:\\\/\\\/maxima-studios.com\\\/wp-content\\\/uploads\\\/2024\\\/03\\\/logo_noir-scaled.png\",\"contentUrl\":\"https:\\\/\\\/maxima-studios.com\\\/wp-content\\\/uploads\\\/2024\\\/03\\\/logo_noir-scaled.png\",\"width\":2560,\"height\":268,\"caption\":\"Maximaloc\"},\"image\":{\"@id\":\"https:\\\/\\\/maxima-studios.com\\\/#\\\/schema\\\/logo\\\/image\\\/\"},\"sameAs\":[\"https:\\\/\\\/www.facebook.com\\\/Maximalocation\"]}]}<\/script>\n<!-- \/ Yoast SEO plugin. -->","yoast_head_json":{"title":"KIT RED GEMINI 5K - DZO - Maximaloc","robots":{"index":"index","follow":"follow","max-snippet":"max-snippet:-1","max-image-preview":"max-image-preview:large","max-video-preview":"max-video-preview:-1"},"canonical":"https:\/\/maxima-studios.com\/en\/product\/kit-red-gemini-5k-dzo\/","og_locale":"en_US","og_type":"article","og_title":"KIT RED GEMINI 5K - DZO - Maximaloc","og_description":"Camera RED GEMINI 5K Serie Cin\u00e9 au choix Vid\u00e9o Raw 5K 12 bits 120p\u00a0","og_url":"https:\/\/maxima-studios.com\/en\/product\/kit-red-gemini-5k-dzo\/","og_site_name":"Maximaloc","article_publisher":"https:\/\/www.facebook.com\/Maximalocation","article_modified_time":"2026-04-13T18:21:26+00:00","og_image":[{"width":332,"height":239,"url":"https:\/\/maxima-studios.com\/wp-content\/uploads\/2024\/08\/KIT-RED-GEMINI.webp","type":"image\/webp"}],"twitter_card":"summary_large_image","schema":{"@context":"https:\/\/schema.org","@graph":[{"@type":"WebPage","@id":"https:\/\/maxima-studios.com\/produit\/kit-red-gemini-5k-dzo\/","url":"https:\/\/maxima-studios.com\/produit\/kit-red-gemini-5k-dzo\/","name":"KIT RED GEMINI 5K - DZO - Maximaloc","isPartOf":{"@id":"https:\/\/maxima-studios.com\/#website"},"primaryImageOfPage":{"@id":"https:\/\/maxima-studios.com\/produit\/kit-red-gemini-5k-dzo\/#primaryimage"},"image":{"@id":"https:\/\/maxima-studios.com\/produit\/kit-red-gemini-5k-dzo\/#primaryimage"},"thumbnailUrl":"https:\/\/maxima-studios.com\/wp-content\/uploads\/2024\/08\/KIT-RED-GEMINI.webp","datePublished":"2024-08-06T08:42:26+00:00","dateModified":"2026-04-13T18:21:26+00:00","breadcrumb":{"@id":"https:\/\/maxima-studios.com\/produit\/kit-red-gemini-5k-dzo\/#breadcrumb"},"inLanguage":"en-US","potentialAction":[{"@type":"ReadAction","target":["https:\/\/maxima-studios.com\/produit\/kit-red-gemini-5k-dzo\/"]}]},{"@type":"ImageObject","inLanguage":"en-US","@id":"https:\/\/maxima-studios.com\/produit\/kit-red-gemini-5k-dzo\/#primaryimage","url":"https:\/\/maxima-studios.com\/wp-content\/uploads\/2024\/08\/KIT-RED-GEMINI.webp","contentUrl":"https:\/\/maxima-studios.com\/wp-content\/uploads\/2024\/08\/KIT-RED-GEMINI.webp","width":332,"height":239,"caption":"Kit cin\u00e9ma Red Gemini DSMC2, Super35 5K Raw, s\u00e9rie Cin\u00e9 DZO Films Vespid T2.1 et tr\u00e9pied vid\u00e9o Manfrotto 504X en location"},{"@type":"BreadcrumbList","@id":"https:\/\/maxima-studios.com\/produit\/kit-red-gemini-5k-dzo\/#breadcrumb","itemListElement":[{"@type":"ListItem","position":1,"name":"Accueil","item":"https:\/\/maxima-studios.com\/"},{"@type":"ListItem","position":2,"name":"BOUTIQUE","item":"https:\/\/maxima-studios.com\/boutique\/"},{"@type":"ListItem","position":3,"name":"KIT RED GEMINI 5K &#8211; DZO"}]},{"@type":"WebSite","@id":"https:\/\/maxima-studios.com\/#website","url":"https:\/\/maxima-studios.com\/","name":"Maximaloc","description":"","publisher":{"@id":"https:\/\/maxima-studios.com\/#organization"},"potentialAction":[{"@type":"SearchAction","target":{"@type":"EntryPoint","urlTemplate":"https:\/\/maxima-studios.com\/?s={search_term_string}"},"query-input":{"@type":"PropertyValueSpecification","valueRequired":true,"valueName":"search_term_string"}}],"inLanguage":"en-US"},{"@type":"Organization","@id":"https:\/\/maxima-studios.com\/#organization","name":"Maximaloc","url":"https:\/\/maxima-studios.com\/","logo":{"@type":"ImageObject","inLanguage":"en-US","@id":"https:\/\/maxima-studios.com\/#\/schema\/logo\/image\/","url":"https:\/\/maxima-studios.com\/wp-content\/uploads\/2024\/03\/logo_noir-scaled.png","contentUrl":"https:\/\/maxima-studios.com\/wp-content\/uploads\/2024\/03\/logo_noir-scaled.png","width":2560,"height":268,"caption":"Maximaloc"},"image":{"@id":"https:\/\/maxima-studios.com\/#\/schema\/logo\/image\/"},"sameAs":["https:\/\/www.facebook.com\/Maximalocation"]}]}},"_links":{"self":[{"href":"https:\/\/maxima-studios.com\/en\/wp-json\/wp\/v2\/product\/14867","targetHints":{"allow":["GET"]}}],"collection":[{"href":"https:\/\/maxima-studios.com\/en\/wp-json\/wp\/v2\/product"}],"about":[{"href":"https:\/\/maxima-studios.com\/en\/wp-json\/wp\/v2\/types\/product"}],"wp:featuredmedia":[{"embeddable":true,"href":"https:\/\/maxima-studios.com\/en\/wp-json\/wp\/v2\/media\/14881"}],"wp:attachment":[{"href":"https:\/\/maxima-studios.com\/en\/wp-json\/wp\/v2\/media?parent=14867"}],"wp:term":[{"taxonomy":"product_cat","embeddable":true,"href":"https:\/\/maxima-studios.com\/en\/wp-json\/wp\/v2\/product_cat?post=14867"},{"taxonomy":"product_tag","embeddable":true,"href":"https:\/\/maxima-studios.com\/en\/wp-json\/wp\/v2\/product_tag?post=14867"}],"curies":[{"name":"wp","href":"https:\/\/api.w.org\/{rel}","templated":true}]}}