 {"id":14644,"date":"2024-08-01T10:52:15","date_gmt":"2024-08-01T08:52:15","guid":{"rendered":"https:\/\/maxima-studios.com\/produit\/jeu-de-bagues-dadaptations\/"},"modified":"2026-04-13T20:21:26","modified_gmt":"2026-04-13T18:21:26","slug":"jeu-de-9-bagues-dadaptations","status":"publish","type":"product","link":"https:\/\/maxima-studios.com\/en\/product\/jeu-de-9-bagues-dadaptations\/","title":{"rendered":"JEU DE 9 BAGUES D&#8217;ADAPTATIONS"},"content":{"rendered":"<p>Le jeu d&#8217;anneaux adaptateurs de filtres 37 mm \u00e0 82 mm est un ensemble de 9 adaptateurs de filtres m\u00e9talliques diff\u00e9rents. Il permet d&#8217;utiliser presque tous les filtres sur tous les objectifs.<\/p>","protected":false},"excerpt":{"rendered":"<p>Jeu de bagues d&#8217;adaptation pour filtres circulaires.<\/p>","protected":false},"featured_media":14645,"template":"","meta":[],"product_cat":[235],"product_tag":[],"class_list":{"0":"post-14644","1":"product","2":"type-product","3":"status-publish","4":"has-post-thumbnail","6":"product_cat-bague-dadaptation","8":"first","9":"instock","10":"taxable","11":"shipping-taxable","12":"purchasable","13":"product-type-rentable"},"_links":{"self":[{"href":"https:\/\/maxima-studios.com\/en\/wp-json\/wp\/v2\/product\/14644","targetHints":{"allow":["GET"]}}],"collection":[{"href":"https:\/\/maxima-studios.com\/en\/wp-json\/wp\/v2\/product"}],"about":[{"href":"https:\/\/maxima-studios.com\/en\/wp-json\/wp\/v2\/types\/product"}],"wp:featuredmedia":[{"embeddable":true,"href":"https:\/\/maxima-studios.com\/en\/wp-json\/wp\/v2\/media\/14645"}],"wp:attachment":[{"href":"https:\/\/maxima-studios.com\/en\/wp-json\/wp\/v2\/media?parent=14644"}],"wp:term":[{"taxonomy":"product_cat","embeddable":true,"href":"https:\/\/maxima-studios.com\/en\/wp-json\/wp\/v2\/product_cat?post=14644"},{"taxonomy":"product_tag","embeddable":true,"href":"https:\/\/maxima-studios.com\/en\/wp-json\/wp\/v2\/product_tag?post=14644"}],"curies":[{"name":"wp","href":"https:\/\/api.w.org\/{rel}","templated":true}]}}