 {"id":14331,"date":"2024-07-25T12:27:26","date_gmt":"2024-07-25T10:27:26","guid":{"rendered":"https:\/\/maxima-studios.com\/produit\/robot-max3000\/"},"modified":"2026-04-13T20:21:25","modified_gmt":"2026-04-13T18:21:25","slug":"robot-max3000","status":"publish","type":"product","link":"https:\/\/maxima-studios.com\/en\/product\/robot-max3000\/","title":{"rendered":"ROBOT MAX3000"},"content":{"rendered":"<div class=\"zp8uy2\" data-hook=\"info-section-description\">\n<p>Notre robot de motion control Max3000 est id\u00e9al pour des mouvements rapides, pr\u00e9cis et r\u00e9p\u00e9tables, parfait pour des vid\u00e9os au ralenti de qualit\u00e9 professionnelle.\u00a0 \u00a0 \u00a0 \u00a0<br \/>Il offre des mouvements fluides et exacts, capturant des s\u00e9quences complexes et des d\u00e9tails minutieux avec une r\u00e9p\u00e9tabilit\u00e9 parfaite.<\/p>\n<p>Nos techniciens contr\u00f4lent manuellement la cam\u00e9ra, pointant et enregistrant les positions ou images cl\u00e9s pour un contr\u00f4le simple. Avec des hautes vitesses de mouvement le Motion Control Max3000 est adapt\u00e9 \u00e0 tout type de tournage de vid\u00e9os publicitaires, clip de musique ou films de fiction pour une cr\u00e9ativit\u00e9 sans limites.\u00a0<\/p>\n<p>Le service inclut deux techniciens sp\u00e9cialis\u00e9s pour installer, configurer et g\u00e9rer le bras robotis\u00e9 et la mise au point, ainsi que le transport s\u00e9curis\u00e9 aller-retour de l&#8217;\u00e9quipement.\u00a0<\/p>\n<p>Un syst\u00e8me de contr\u00f4le de point automatique sera utilis\u00e9 pour g\u00e9rer la mise au point \u00e0 des hautes vitesses tout en utilisant des optiques cin\u00e9ma pour un rendu esth\u00e9tique professionnel.<\/p>\n<p>\u00a0<\/p>\n<p>Ce service cl\u00e9 en main garantit des r\u00e9sultats professionnels avec une efficacit\u00e9 maximale, id\u00e9al pour les clips, publicit\u00e9s et shootings de produits, y compris alimentaires.<\/p>\n<p>\u00a0<\/p>\n<p><strong>Key Strengths<\/strong><\/p>\n<ul>\n<li>\n<p>Pr\u00e9cision : Mouvements extr\u00eamement pr\u00e9cis et fluides<\/p>\n<\/li>\n<li>\n<p>Contr\u00f4le Enregistrement les positions de la cam\u00e9ra\u00a0 et du point pour des mouvements r\u00e9p\u00e9t\u00e9s identiques.<\/p>\n<\/li>\n<li>\n<p>High Speed : prises de vue rapides et les effets au ralenti de haute qualit\u00e9.<\/p>\n<\/li>\n<li>\n<p>Portabilit\u00e9 et Facilit\u00e9 d&#8217;Installation : Compact et l\u00e9ger facilement transportable<\/p>\n<\/li>\n<li>\n<p>Service Cl\u00e9 en Main : 2 techniciens pour livrer installer g\u00e9rer<\/p>\n<\/li>\n<\/ul>\n<\/div>","protected":false},"excerpt":{"rendered":"<p>Bras robot motion control<\/p>\n<p>Vitesse : 2,80 m\/s<\/p>\n<p>Charge max : 10 kg<\/p>\n<p>Longueur bras : 110 cm<\/p>","protected":false},"featured_media":14332,"template":"","meta":[],"product_cat":[366],"product_tag":[],"class_list":{"0":"post-14331","1":"product","2":"type-product","3":"status-publish","4":"has-post-thumbnail","6":"product_cat-jib-grue","8":"first","9":"instock","10":"taxable","11":"shipping-taxable","12":"purchasable","13":"product-type-rentable"},"yoast_head":"<!-- This site is optimized with the Yoast SEO plugin v27.3 - https:\/\/yoast.com\/product\/yoast-seo-wordpress\/ -->\n<title>ROBOT MAX3000 - Maximaloc<\/title>\n<meta name=\"robots\" content=\"index, follow, max-snippet:-1, max-image-preview:large, max-video-preview:-1\" \/>\n<link rel=\"canonical\" href=\"https:\/\/maxima-studios.com\/en\/product\/robot-max3000\/\" \/>\n<meta property=\"og:locale\" content=\"en_US\" \/>\n<meta property=\"og:type\" content=\"article\" \/>\n<meta property=\"og:title\" content=\"ROBOT MAX3000 - Maximaloc\" \/>\n<meta property=\"og:description\" content=\"Bras robot motion control Vitesse : 2,80 m\/s Charge max : 10 kg Longueur bras : 110 cm\" \/>\n<meta property=\"og:url\" content=\"https:\/\/maxima-studios.com\/en\/product\/robot-max3000\/\" \/>\n<meta property=\"og:site_name\" content=\"Maximaloc\" \/>\n<meta property=\"article:publisher\" content=\"https:\/\/www.facebook.com\/Maximalocation\" \/>\n<meta property=\"article:modified_time\" content=\"2026-04-13T18:21:25+00:00\" \/>\n<meta property=\"og:image\" content=\"https:\/\/maxima-studios.com\/wp-content\/uploads\/2024\/07\/70fec7_2d68f9b0714440d2b0d69c6b255f0b92mv2.webp\" \/>\n\t<meta property=\"og:image:width\" content=\"580\" \/>\n\t<meta property=\"og:image:height\" content=\"420\" \/>\n\t<meta property=\"og:image:type\" content=\"image\/webp\" \/>\n<meta name=\"twitter:card\" content=\"summary_large_image\" \/>\n<meta name=\"twitter:label1\" content=\"Est. reading time\" \/>\n\t<meta name=\"twitter:data1\" content=\"1 minute\" \/>\n<script type=\"application\/ld+json\" class=\"yoast-schema-graph\">{\"@context\":\"https:\\\/\\\/schema.org\",\"@graph\":[{\"@type\":\"WebPage\",\"@id\":\"https:\\\/\\\/maxima-studios.com\\\/produit\\\/robot-max3000\\\/\",\"url\":\"https:\\\/\\\/maxima-studios.com\\\/produit\\\/robot-max3000\\\/\",\"name\":\"ROBOT MAX3000 - Maximaloc\",\"isPartOf\":{\"@id\":\"https:\\\/\\\/maxima-studios.com\\\/#website\"},\"primaryImageOfPage\":{\"@id\":\"https:\\\/\\\/maxima-studios.com\\\/produit\\\/robot-max3000\\\/#primaryimage\"},\"image\":{\"@id\":\"https:\\\/\\\/maxima-studios.com\\\/produit\\\/robot-max3000\\\/#primaryimage\"},\"thumbnailUrl\":\"https:\\\/\\\/maxima-studios.com\\\/wp-content\\\/uploads\\\/2024\\\/07\\\/70fec7_2d68f9b0714440d2b0d69c6b255f0b92mv2.webp\",\"datePublished\":\"2024-07-25T10:27:26+00:00\",\"dateModified\":\"2026-04-13T18:21:25+00:00\",\"breadcrumb\":{\"@id\":\"https:\\\/\\\/maxima-studios.com\\\/produit\\\/robot-max3000\\\/#breadcrumb\"},\"inLanguage\":\"en-US\",\"potentialAction\":[{\"@type\":\"ReadAction\",\"target\":[\"https:\\\/\\\/maxima-studios.com\\\/produit\\\/robot-max3000\\\/\"]}]},{\"@type\":\"ImageObject\",\"inLanguage\":\"en-US\",\"@id\":\"https:\\\/\\\/maxima-studios.com\\\/produit\\\/robot-max3000\\\/#primaryimage\",\"url\":\"https:\\\/\\\/maxima-studios.com\\\/wp-content\\\/uploads\\\/2024\\\/07\\\/70fec7_2d68f9b0714440d2b0d69c6b255f0b92mv2.webp\",\"contentUrl\":\"https:\\\/\\\/maxima-studios.com\\\/wp-content\\\/uploads\\\/2024\\\/07\\\/70fec7_2d68f9b0714440d2b0d69c6b255f0b92mv2.webp\",\"width\":580,\"height\":420,\"caption\":\"Robot de production \u00e9quip\u00e9 d'une cam\u00e9ra pour prises de vue stables et pr\u00e9cises en environnement contr\u00f4l\u00e9\"},{\"@type\":\"BreadcrumbList\",\"@id\":\"https:\\\/\\\/maxima-studios.com\\\/produit\\\/robot-max3000\\\/#breadcrumb\",\"itemListElement\":[{\"@type\":\"ListItem\",\"position\":1,\"name\":\"Accueil\",\"item\":\"https:\\\/\\\/maxima-studios.com\\\/\"},{\"@type\":\"ListItem\",\"position\":2,\"name\":\"BOUTIQUE\",\"item\":\"https:\\\/\\\/maxima-studios.com\\\/boutique\\\/\"},{\"@type\":\"ListItem\",\"position\":3,\"name\":\"ROBOT MAX3000\"}]},{\"@type\":\"WebSite\",\"@id\":\"https:\\\/\\\/maxima-studios.com\\\/#website\",\"url\":\"https:\\\/\\\/maxima-studios.com\\\/\",\"name\":\"Maximaloc\",\"description\":\"\",\"publisher\":{\"@id\":\"https:\\\/\\\/maxima-studios.com\\\/#organization\"},\"potentialAction\":[{\"@type\":\"SearchAction\",\"target\":{\"@type\":\"EntryPoint\",\"urlTemplate\":\"https:\\\/\\\/maxima-studios.com\\\/?s={search_term_string}\"},\"query-input\":{\"@type\":\"PropertyValueSpecification\",\"valueRequired\":true,\"valueName\":\"search_term_string\"}}],\"inLanguage\":\"en-US\"},{\"@type\":\"Organization\",\"@id\":\"https:\\\/\\\/maxima-studios.com\\\/#organization\",\"name\":\"Maximaloc\",\"url\":\"https:\\\/\\\/maxima-studios.com\\\/\",\"logo\":{\"@type\":\"ImageObject\",\"inLanguage\":\"en-US\",\"@id\":\"https:\\\/\\\/maxima-studios.com\\\/#\\\/schema\\\/logo\\\/image\\\/\",\"url\":\"https:\\\/\\\/maxima-studios.com\\\/wp-content\\\/uploads\\\/2024\\\/03\\\/logo_noir-scaled.png\",\"contentUrl\":\"https:\\\/\\\/maxima-studios.com\\\/wp-content\\\/uploads\\\/2024\\\/03\\\/logo_noir-scaled.png\",\"width\":2560,\"height\":268,\"caption\":\"Maximaloc\"},\"image\":{\"@id\":\"https:\\\/\\\/maxima-studios.com\\\/#\\\/schema\\\/logo\\\/image\\\/\"},\"sameAs\":[\"https:\\\/\\\/www.facebook.com\\\/Maximalocation\"]}]}<\/script>\n<!-- \/ Yoast SEO plugin. -->","yoast_head_json":{"title":"ROBOT MAX3000 - Maximaloc","robots":{"index":"index","follow":"follow","max-snippet":"max-snippet:-1","max-image-preview":"max-image-preview:large","max-video-preview":"max-video-preview:-1"},"canonical":"https:\/\/maxima-studios.com\/en\/product\/robot-max3000\/","og_locale":"en_US","og_type":"article","og_title":"ROBOT MAX3000 - Maximaloc","og_description":"Bras robot motion control Vitesse : 2,80 m\/s Charge max : 10 kg Longueur bras : 110 cm","og_url":"https:\/\/maxima-studios.com\/en\/product\/robot-max3000\/","og_site_name":"Maximaloc","article_publisher":"https:\/\/www.facebook.com\/Maximalocation","article_modified_time":"2026-04-13T18:21:25+00:00","og_image":[{"width":580,"height":420,"url":"https:\/\/maxima-studios.com\/wp-content\/uploads\/2024\/07\/70fec7_2d68f9b0714440d2b0d69c6b255f0b92mv2.webp","type":"image\/webp"}],"twitter_card":"summary_large_image","twitter_misc":{"Est. reading time":"1 minute"},"schema":{"@context":"https:\/\/schema.org","@graph":[{"@type":"WebPage","@id":"https:\/\/maxima-studios.com\/produit\/robot-max3000\/","url":"https:\/\/maxima-studios.com\/produit\/robot-max3000\/","name":"ROBOT MAX3000 - Maximaloc","isPartOf":{"@id":"https:\/\/maxima-studios.com\/#website"},"primaryImageOfPage":{"@id":"https:\/\/maxima-studios.com\/produit\/robot-max3000\/#primaryimage"},"image":{"@id":"https:\/\/maxima-studios.com\/produit\/robot-max3000\/#primaryimage"},"thumbnailUrl":"https:\/\/maxima-studios.com\/wp-content\/uploads\/2024\/07\/70fec7_2d68f9b0714440d2b0d69c6b255f0b92mv2.webp","datePublished":"2024-07-25T10:27:26+00:00","dateModified":"2026-04-13T18:21:25+00:00","breadcrumb":{"@id":"https:\/\/maxima-studios.com\/produit\/robot-max3000\/#breadcrumb"},"inLanguage":"en-US","potentialAction":[{"@type":"ReadAction","target":["https:\/\/maxima-studios.com\/produit\/robot-max3000\/"]}]},{"@type":"ImageObject","inLanguage":"en-US","@id":"https:\/\/maxima-studios.com\/produit\/robot-max3000\/#primaryimage","url":"https:\/\/maxima-studios.com\/wp-content\/uploads\/2024\/07\/70fec7_2d68f9b0714440d2b0d69c6b255f0b92mv2.webp","contentUrl":"https:\/\/maxima-studios.com\/wp-content\/uploads\/2024\/07\/70fec7_2d68f9b0714440d2b0d69c6b255f0b92mv2.webp","width":580,"height":420,"caption":"Robot de production \u00e9quip\u00e9 d'une cam\u00e9ra pour prises de vue stables et pr\u00e9cises en environnement contr\u00f4l\u00e9"},{"@type":"BreadcrumbList","@id":"https:\/\/maxima-studios.com\/produit\/robot-max3000\/#breadcrumb","itemListElement":[{"@type":"ListItem","position":1,"name":"Accueil","item":"https:\/\/maxima-studios.com\/"},{"@type":"ListItem","position":2,"name":"BOUTIQUE","item":"https:\/\/maxima-studios.com\/boutique\/"},{"@type":"ListItem","position":3,"name":"ROBOT MAX3000"}]},{"@type":"WebSite","@id":"https:\/\/maxima-studios.com\/#website","url":"https:\/\/maxima-studios.com\/","name":"Maximaloc","description":"","publisher":{"@id":"https:\/\/maxima-studios.com\/#organization"},"potentialAction":[{"@type":"SearchAction","target":{"@type":"EntryPoint","urlTemplate":"https:\/\/maxima-studios.com\/?s={search_term_string}"},"query-input":{"@type":"PropertyValueSpecification","valueRequired":true,"valueName":"search_term_string"}}],"inLanguage":"en-US"},{"@type":"Organization","@id":"https:\/\/maxima-studios.com\/#organization","name":"Maximaloc","url":"https:\/\/maxima-studios.com\/","logo":{"@type":"ImageObject","inLanguage":"en-US","@id":"https:\/\/maxima-studios.com\/#\/schema\/logo\/image\/","url":"https:\/\/maxima-studios.com\/wp-content\/uploads\/2024\/03\/logo_noir-scaled.png","contentUrl":"https:\/\/maxima-studios.com\/wp-content\/uploads\/2024\/03\/logo_noir-scaled.png","width":2560,"height":268,"caption":"Maximaloc"},"image":{"@id":"https:\/\/maxima-studios.com\/#\/schema\/logo\/image\/"},"sameAs":["https:\/\/www.facebook.com\/Maximalocation"]}]}},"_links":{"self":[{"href":"https:\/\/maxima-studios.com\/en\/wp-json\/wp\/v2\/product\/14331","targetHints":{"allow":["GET"]}}],"collection":[{"href":"https:\/\/maxima-studios.com\/en\/wp-json\/wp\/v2\/product"}],"about":[{"href":"https:\/\/maxima-studios.com\/en\/wp-json\/wp\/v2\/types\/product"}],"wp:featuredmedia":[{"embeddable":true,"href":"https:\/\/maxima-studios.com\/en\/wp-json\/wp\/v2\/media\/14332"}],"wp:attachment":[{"href":"https:\/\/maxima-studios.com\/en\/wp-json\/wp\/v2\/media?parent=14331"}],"wp:term":[{"taxonomy":"product_cat","embeddable":true,"href":"https:\/\/maxima-studios.com\/en\/wp-json\/wp\/v2\/product_cat?post=14331"},{"taxonomy":"product_tag","embeddable":true,"href":"https:\/\/maxima-studios.com\/en\/wp-json\/wp\/v2\/product_tag?post=14331"}],"curies":[{"name":"wp","href":"https:\/\/api.w.org\/{rel}","templated":true}]}}