 {"id":13885,"date":"2024-07-05T15:14:10","date_gmt":"2024-07-05T13:14:10","guid":{"rendered":"https:\/\/maxima-studios.com\/produit\/kit-cine-the-creator-complet\/"},"modified":"2026-04-13T20:21:23","modified_gmt":"2026-04-13T18:21:23","slug":"kit-cine-the-creator-complet","status":"publish","type":"product","link":"https:\/\/maxima-studios.com\/en\/product\/kit-cine-the-creator-complet\/","title":{"rendered":"KIT CINE &#8220;THE CREATOR&#8221; &#8211; COMPLET"},"content":{"rendered":"<div class=\"zp8uy2\" data-hook=\"info-section-description\">\n<p>Le kit &#8220;The Creator&#8221; est un ensemble d&#8217;outils de tournage soigneusement s\u00e9lectionn\u00e9s et utilis\u00e9s pour le tournage du film The Creator pour r\u00e9pondre aux besoins des cin\u00e9astes exigeants.<\/p>\n<p>Con\u00e7u pour fonctionner de mani\u00e8re harmonieuse avec la cam\u00e9ra Sony FX3, ce kit offre une exp\u00e9rience de tournage fluide, professionnelle et inspirante.<\/p>\n<p>\u00a0<\/p>\n<p><strong>Crosse \u00c9paule<\/strong><\/p>\n<p>Confortable et ergonomique, la crosse \u00e9paule assure une stabilit\u00e9 accrue tout en permettant une manipulation ais\u00e9e de la cam\u00e9ra, offrant ainsi des prises de vue fluides et pr\u00e9cises.<\/p>\n<p>\u00a0<\/p>\n<p><strong>Module Vlock<\/strong><\/p>\n<p>Ce Module au dos de la cross epaule permet de cr\u00e9er un contre poids et d&#8217;alimentaire avec\u00a0<\/p>\n<p>\u00a0<\/p>\n<p><strong>Stabilisateur Motoris\u00e9 Ronin RS3<\/strong><\/p>\n<p>Le stabilisateur Ronin RS3 garantit des images fluides et stables, m\u00eame dans les conditions les plus exigeantes. Son design innovant et ses fonctionnalit\u00e9s avanc\u00e9es offrent une libert\u00e9 cr\u00e9ative totale pour capturer des s\u00e9quences dynamiques et immersives.<\/p>\n<p><strong>Enregistreur Externe RAW Atomos Ninja V<\/strong><\/p>\n<p>Capturez des images en Raw 16 Bit gr\u00e2ce \u00e0 l&#8217;enregistreur externe Atomos Ninja V pour une flexibilit\u00e9 maximale en post-production<\/p>\n<p>\u00a0<\/p>\n<p><strong>Follow Focus Motoris\u00e9 Tilta Nucleus M<\/strong><\/p>\n<p>Avec le Contr\u00f4le sur Poign\u00e9es, le syst\u00e8me de suivi Tilta Nucleus M offre un contr\u00f4le pr\u00e9cis et intuitif de la mise au point, permettant aux cin\u00e9astes de se concentrer sur leur cr\u00e9ativit\u00e9 sans compromettre la nettet\u00e9 de l&#8217;image.<\/p>\n<p>\u00a0<\/p>\n<p><strong>Retour HF Vid\u00e9o Teradek Bolt 6<\/strong><\/p>\n<p>Assurez un monitoring en temps r\u00e9el avec le retour HF vid\u00e9o Teradek Bolt 6. Offrant une\u00a0<\/p>\n<p>connexion sans fil robuste et une qualit\u00e9 d&#8217;image exceptionnelle, ce syst\u00e8me permet \u00e0 toute l&#8217;\u00e9quipe de visualiser le contenu captur\u00e9 avec pr\u00e9cision et clart\u00e9 maximales, facilitant ainsi la communication et la collaboration sur le plateau.<\/p>\n<p>\u00a0<\/p>\n<p><strong>S\u00e9rie Cin\u00e9ma Sirui Venus Anamorphique\u00a0<\/strong><\/p>\n<p>\u00a0Pour une esth\u00e9tique cin\u00e9matographique \u00e9poustouflante, optez pour la s\u00e9rie cin\u00e9ma Sirui Anamorphique. Avec leur rendu unique et leur flare caract\u00e9ristique, ces objectifs enrichissent vos images d&#8217;une profondeur et d&#8217;une texture incomparables, ajoutant une dimension artistique \u00e0 vos r\u00e9alisations.<\/p>\n<p>Que vous soyez un cin\u00e9aste ind\u00e9pendant en qu\u00eate de perfectionnement ou un professionnel \u00e0 la recherche d&#8217;outils haut de gamme, le kit &#8220;The Creator&#8221; vous offre tout ce dont vous avez besoin pour concr\u00e9tiser vos id\u00e9es les plus ambitieuses et donner vie \u00e0 votre vision cin\u00e9matographique.<\/p>\n<\/div>","protected":false},"excerpt":{"rendered":"<p>Kit cin\u00e9 &#8220;The Creator&#8221;<\/p>\n<p>Inspir\u00e9 du Film cin\u00e9ma<\/p>\n<p>Filmez comme \u00e0 Hollywood<\/p>","protected":false},"featured_media":13892,"template":"","meta":[],"product_cat":[1386],"product_tag":[],"class_list":{"0":"post-13885","1":"product","2":"type-product","3":"status-publish","4":"has-post-thumbnail","6":"product_cat-options","8":"first","9":"instock","10":"taxable","11":"shipping-taxable","12":"purchasable","13":"product-type-rentable"},"_links":{"self":[{"href":"https:\/\/maxima-studios.com\/en\/wp-json\/wp\/v2\/product\/13885","targetHints":{"allow":["GET"]}}],"collection":[{"href":"https:\/\/maxima-studios.com\/en\/wp-json\/wp\/v2\/product"}],"about":[{"href":"https:\/\/maxima-studios.com\/en\/wp-json\/wp\/v2\/types\/product"}],"wp:featuredmedia":[{"embeddable":true,"href":"https:\/\/maxima-studios.com\/en\/wp-json\/wp\/v2\/media\/13892"}],"wp:attachment":[{"href":"https:\/\/maxima-studios.com\/en\/wp-json\/wp\/v2\/media?parent=13885"}],"wp:term":[{"taxonomy":"product_cat","embeddable":true,"href":"https:\/\/maxima-studios.com\/en\/wp-json\/wp\/v2\/product_cat?post=13885"},{"taxonomy":"product_tag","embeddable":true,"href":"https:\/\/maxima-studios.com\/en\/wp-json\/wp\/v2\/product_tag?post=13885"}],"curies":[{"name":"wp","href":"https:\/\/api.w.org\/{rel}","templated":true}]}}