 {"id":13884,"date":"2024-07-05T15:14:09","date_gmt":"2024-07-05T13:14:09","guid":{"rendered":"https:\/\/maxima-studios.com\/produit\/kit-bm-pocket-6k-pro\/"},"modified":"2026-04-13T20:21:22","modified_gmt":"2026-04-13T18:21:22","slug":"kit-bm-pocket-6k-pro","status":"publish","type":"product","link":"https:\/\/maxima-studios.com\/en\/product\/kit-bm-pocket-6k-pro\/","title":{"rendered":"KIT BM POCKET 6K PRO"},"content":{"rendered":"<div class=\"zp8uy2\" data-hook=\"info-section-description\">\n<p>La Blackmagic Pocket Cin\u00e9ma 6K Pro est destin\u00e9e aux tournages cin\u00e9, fiction et clip petits budgets ou \u00e0 ceux qui recherchent un c\u00f4t\u00e9 compact et l\u00e9ger.<\/p>\n<p>Elle permet de filmer en 6K Raw jusqu&#8217;\u00e0 30p et int\u00e8gre des filtres ND pour mieux contr\u00f4ler votre exposition.<\/p>\n<p>La Blackmagic Pocket 6K Pro \u00e0 monture EF utilise un capteur Super 35 de 6144 x 3456 et la m\u00eame science des couleurs Gen 5 haut de gamme pour capturer des images cin\u00e9matographiques nettes avec une faible profondeur de champ. La 6K Pro dispose d&#8217;un \u00e9cran LCD inclinable et tr\u00e8s lumineux pour une visualisation facile en plein jour et fonctionne avec la batterie Sony de la s\u00e9rie NPF. Elle conserve de nombreuses options de la Pocket Cinema Camera 6K, y compris les emplacements de carte CFast et SD, mais ajoute des fonctions plus professionnelles telles qu&#8217;une deuxi\u00e8me entr\u00e9e audio mini-XLR.<\/p>\n<p>\u00a0<\/p>\n<p><strong>Points Forts:<\/strong><\/p>\n<ul>\n<li>\n<p>Capteur Super 35mm 21.2MP<\/p>\n<\/li>\n<li>\n<p>Vid\u00e9o 6K Raw 12 bits jusqu\u2019\u00e0 30p\u00a0<\/p>\n<\/li>\n<li>\n<p>Vid\u00e9o 4K Raw 12 bits jusqu\u2019\u00e0 60p\u00a0<\/p>\n<\/li>\n<li>\n<p>Vid\u00e9o HD 4:2:2 10 bits jusqu\u2019\u00e0 120p\u00a0<\/p>\n<\/li>\n<li>\n<p>\u00c9cran LCD tactile capacitif inclinable de 5&#8243; avec HDR\u00a0<\/p>\n<\/li>\n<li>\n<p>Filtres ND int\u00e9gr\u00e9s clairs\/2\/4\/6-stop<\/p>\n<\/li>\n<li>\n<p>Deux entr\u00e9es mini-XLR<\/p>\n<\/li>\n<li>\n<p>Contr\u00f4le \u00e9lectronique des objectifs: iris, autofocus et zoom<\/p>\n<\/li>\n<\/ul>\n<\/div>","protected":false},"excerpt":{"rendered":"<p>Capteur : 21.2MP (Super 35)<\/p>\n<p>Monture : Canon EF<\/p>\n<p>Vid\u00e9o 6K Raw 12 bit 30p et 4K 60p<\/p>\n<p>Slow motion HD 4:2:2 10 bit 120p<\/p>","protected":false},"featured_media":13888,"template":"","meta":[],"product_cat":[1345],"product_tag":[213,202,194,212,216,211,165,162,215,164,198,167,214,1394],"class_list":{"0":"post-13884","1":"product","2":"type-product","3":"status-publish","4":"has-post-thumbnail","6":"product_cat-blackmagic-marque-kit-pret-a-tourner","7":"product_tag-6k-60p","8":"product_tag-cameras","9":"product_tag-420-10-bits","10":"product_tag-6k","11":"product_tag-super-35-aps-c","12":"product_tag-5k","13":"product_tag-5k-60p","14":"product_tag-4k","15":"product_tag-raw-interne","16":"product_tag-4k-60p","17":"product_tag-full-hd","18":"product_tag-fhd-120p","19":"product_tag-canon-ef","20":"product_tag-cinema-clip","22":"first","23":"instock","24":"taxable","25":"shipping-taxable","26":"purchasable","27":"product-type-rentable"},"_links":{"self":[{"href":"https:\/\/maxima-studios.com\/en\/wp-json\/wp\/v2\/product\/13884","targetHints":{"allow":["GET"]}}],"collection":[{"href":"https:\/\/maxima-studios.com\/en\/wp-json\/wp\/v2\/product"}],"about":[{"href":"https:\/\/maxima-studios.com\/en\/wp-json\/wp\/v2\/types\/product"}],"wp:featuredmedia":[{"embeddable":true,"href":"https:\/\/maxima-studios.com\/en\/wp-json\/wp\/v2\/media\/13888"}],"wp:attachment":[{"href":"https:\/\/maxima-studios.com\/en\/wp-json\/wp\/v2\/media?parent=13884"}],"wp:term":[{"taxonomy":"product_cat","embeddable":true,"href":"https:\/\/maxima-studios.com\/en\/wp-json\/wp\/v2\/product_cat?post=13884"},{"taxonomy":"product_tag","embeddable":true,"href":"https:\/\/maxima-studios.com\/en\/wp-json\/wp\/v2\/product_tag?post=13884"}],"curies":[{"name":"wp","href":"https:\/\/api.w.org\/{rel}","templated":true}]}}