 {"id":13883,"date":"2024-07-05T15:14:09","date_gmt":"2024-07-05T13:14:09","guid":{"rendered":"https:\/\/maxima-studios.com\/produit\/canon-eos-6d-objectif\/"},"modified":"2026-04-13T20:43:21","modified_gmt":"2026-04-13T18:43:21","slug":"canon-6d-mk-ii-objectif","status":"publish","type":"product","link":"https:\/\/maxima-studios.com\/en\/product\/canon-6d-mk-ii-objectif\/","title":{"rendered":"CANON 6D MK II + OBJECTIF"},"content":{"rendered":"<p>Successeur de l\u2019EOS 6D, l\u2019EOS 6D Mark II est un reflex plein format 26MP polivalent.<\/p>\n<p>Tr\u00e8s adapt\u00e9 aux portraits, avec la prise de vue en continu \u00e0 6,5 im.\/s qui vous permet de saisir les expressions fugaces sa conception compacte\u00a0 et solide en fait un excellent choix pour la photographie d&#8217;\u00e9v\u00e9nements (mariages, salons, photos d\u2019entreprise), reportages et de photos de studio.<\/p>\n<p>Un nouveau syst\u00e8me AF integre le 6D MKII avec\u00a0une am\u00e9lioration significative par rapport \u00e0 son pr\u00e9d\u00e9cesseur et un suivi previs et rapide de votre sujet. En vid\u00e9o le 6D MKII enregistre en Full HD jusqu&#8217;\u00e0 60p et\u00a0 integre\u00a0le Digital IS, la stabilisation d&#8217;image sur 5 axes en vid\u00e9o pour minimiser l&#8217;apparence de boug\u00e9 dans les prises de vue \u00e0 main lev\u00e9e. Niveau audio vous aurez la possibilit\u00e9 d&#8217;utiliser soit le microphone int\u00e9gr\u00e9, soit un microphone externe via une entr\u00e9e de 3,5 mm.<\/p>\n<p>Point Forts:<\/p>\n<ul>\n<li>Cmos Full Frame 26 MP<\/li>\n<li>Stabilisation 5 axes en Vid\u00e9o\u00a0<\/li>\n<li>Photos Jpeg et Raw<\/li>\n<li>Vid\u00e9o Interne HD 60p<\/li>\n<li>Ecran LCD Articul\u00e9 Tactile<br \/>\u00a0<br \/>\u00a0<br \/>\u00a0<\/li>\n<\/ul>","protected":false},"excerpt":{"rendered":"<p>Capteur: 26MP (Full Frame)<\/p>\n<p>Photo Jpeg \/ Raw\u00a0<\/p>\n<p>\u200bVid\u00e9o\u00a0Full HD 1080p 60p<\/p>","protected":false},"featured_media":16725,"template":"","meta":[],"product_cat":[1346],"product_tag":[1398,1397],"class_list":{"0":"post-13883","1":"product","2":"type-product","3":"status-publish","4":"has-post-thumbnail","6":"product_cat-canon-marque-kit-pret-a-tourner","7":"product_tag-photo","8":"product_tag-photo-video","10":"first","11":"instock","12":"taxable","13":"shipping-taxable","14":"purchasable","15":"product-type-rentable"},"_links":{"self":[{"href":"https:\/\/maxima-studios.com\/en\/wp-json\/wp\/v2\/product\/13883","targetHints":{"allow":["GET"]}}],"collection":[{"href":"https:\/\/maxima-studios.com\/en\/wp-json\/wp\/v2\/product"}],"about":[{"href":"https:\/\/maxima-studios.com\/en\/wp-json\/wp\/v2\/types\/product"}],"wp:featuredmedia":[{"embeddable":true,"href":"https:\/\/maxima-studios.com\/en\/wp-json\/wp\/v2\/media\/16725"}],"wp:attachment":[{"href":"https:\/\/maxima-studios.com\/en\/wp-json\/wp\/v2\/media?parent=13883"}],"wp:term":[{"taxonomy":"product_cat","embeddable":true,"href":"https:\/\/maxima-studios.com\/en\/wp-json\/wp\/v2\/product_cat?post=13883"},{"taxonomy":"product_tag","embeddable":true,"href":"https:\/\/maxima-studios.com\/en\/wp-json\/wp\/v2\/product_tag?post=13883"}],"curies":[{"name":"wp","href":"https:\/\/api.w.org\/{rel}","templated":true}]}}