 {"id":13722,"date":"2024-07-04T17:17:22","date_gmt":"2024-07-04T15:17:22","guid":{"rendered":"https:\/\/maxima-studios.com\/produit\/kit-tournage-itw\/"},"modified":"2026-04-13T20:34:31","modified_gmt":"2026-04-13T18:34:31","slug":"kit-tournage-itw-a7iii","status":"publish","type":"product","link":"https:\/\/maxima-studios.com\/en\/product\/kit-tournage-itw-a7iii\/","title":{"rendered":"KIT TOURNAGE ITW A7III"},"content":{"rendered":"<p>Kit interview complet incluant un boitier Sony A7, un zoom standard Tamron 28-75 F2.8 (ou autre objectif sur demande), un tr\u00e9pied vid\u00e9o Sachtler Ace ainsi qu&#8217;un micro HF Sennheiser G4.<\/p>\n<p>\u00a0<\/p>\n<p>Id\u00e9al pour assurer une interview de qualit\u00e9 avec un set-up l\u00e9ger et rapide \u00e0 installer. Des lumi\u00e8res peuvent \u00eatre ajout\u00e9es au kit si besoin.<\/p>","protected":false},"excerpt":{"rendered":"<p>Kit Interview 4K<\/p>","protected":false},"featured_media":13923,"template":"","meta":[],"product_cat":[1349],"product_tag":[197,199,160,162,198,167,195,196,1395,201],"class_list":{"0":"post-13722","1":"product","2":"type-product","3":"status-publish","4":"has-post-thumbnail","6":"product_cat-sony-marque-kit-pret-a-tourner","7":"product_tag-full-frame-24x36","8":"product_tag-hybride-dslr","9":"product_tag-420-8-bits","10":"product_tag-4k","11":"product_tag-full-hd","12":"product_tag-fhd-120p","13":"product_tag-avec-autofocus","14":"product_tag-capteur-stabilise","15":"product_tag-itw-corporate","16":"product_tag-sony-e","18":"first","19":"instock","20":"taxable","21":"shipping-taxable","22":"purchasable","23":"product-type-rentable"},"_links":{"self":[{"href":"https:\/\/maxima-studios.com\/en\/wp-json\/wp\/v2\/product\/13722","targetHints":{"allow":["GET"]}}],"collection":[{"href":"https:\/\/maxima-studios.com\/en\/wp-json\/wp\/v2\/product"}],"about":[{"href":"https:\/\/maxima-studios.com\/en\/wp-json\/wp\/v2\/types\/product"}],"wp:featuredmedia":[{"embeddable":true,"href":"https:\/\/maxima-studios.com\/en\/wp-json\/wp\/v2\/media\/13923"}],"wp:attachment":[{"href":"https:\/\/maxima-studios.com\/en\/wp-json\/wp\/v2\/media?parent=13722"}],"wp:term":[{"taxonomy":"product_cat","embeddable":true,"href":"https:\/\/maxima-studios.com\/en\/wp-json\/wp\/v2\/product_cat?post=13722"},{"taxonomy":"product_tag","embeddable":true,"href":"https:\/\/maxima-studios.com\/en\/wp-json\/wp\/v2\/product_tag?post=13722"}],"curies":[{"name":"wp","href":"https:\/\/api.w.org\/{rel}","templated":true}]}}